{"id":1311,"date":"2023-04-13T18:56:02","date_gmt":"2023-04-13T18:56:02","guid":{"rendered":"https:\/\/iespecialidades.com\/demo\/?page_id=1311"},"modified":"2023-06-07T20:50:43","modified_gmt":"2023-06-07T20:50:43","slug":"servicios-de-laboratorio","status":"publish","type":"page","link":"https:\/\/iespecialidades.com\/demo\/servicios-de-laboratorio\/","title":{"rendered":"Servicios de laboratorio"},"content":{"rendered":"\t\t<div data-elementor-type=\"wp-page\" data-elementor-id=\"1311\" class=\"elementor elementor-1311\" data-elementor-post-type=\"page\">\n\t\t\t\t<div class=\"elementor-element elementor-element-ebea1cf e-flex e-con-boxed e-con e-parent\" data-id=\"ebea1cf\" data-element_type=\"container\" data-e-type=\"container\" data-settings=\"{&quot;background_background&quot;:&quot;video&quot;,&quot;background_video_link&quot;:&quot;https:\\\/\\\/www.youtube.com\\\/watch?v=hOqBpoh-xYA&quot;,&quot;background_play_on_mobile&quot;:&quot;yes&quot;}\">\n\t\t\t\t\t<div class=\"e-con-inner\">\n\t\t<div class=\"elementor-background-video-container\">\n\t\t\t\t\t\t\t<div class=\"elementor-background-video-embed\" role=\"presentation\"><\/div>\n\t\t\t\t\t\t<\/div>\t\t<div class=\"elementor-element elementor-element-3a8405c elementor-widget elementor-widget-spacer\" data-id=\"3a8405c\" data-element_type=\"widget\" data-e-type=\"widget\" data-widget_type=\"spacer.default\">\n\t\t\t\t\t\t\t<div class=\"elementor-spacer\">\n\t\t\t<div class=\"elementor-spacer-inner\"><\/div>\n\t\t<\/div>\n\t\t\t\t\t\t<\/div>\n\t\t\t\t<div class=\"elementor-element elementor-element-9c63224 elementor-widget elementor-widget-heading\" data-id=\"9c63224\" data-element_type=\"widget\" data-e-type=\"widget\" data-widget_type=\"heading.default\">\n\t\t\t\t\t<h1 class=\"elementor-heading-title elementor-size-default\">Haz que tus productos de limpieza destaquen \u00a1Conoce que es lo que los hace \u00fanicos!<\/h1>\t\t\t\t<\/div>\n\t\t\t\t\t<\/div>\n\t\t\t\t<\/div>\n\t\t<div class=\"elementor-element elementor-element-3a1ea0a e-flex e-con-boxed e-con e-parent\" data-id=\"3a1ea0a\" data-element_type=\"container\" data-e-type=\"container\">\n\t\t\t\t\t<div class=\"e-con-inner\">\n\t\t<div class=\"elementor-element elementor-element-8147813 e-con-full e-flex e-con e-parent\" data-id=\"8147813\" data-element_type=\"container\" data-e-type=\"container\">\n\t\t\t\t<div class=\"elementor-element elementor-element-3e76e81 elementor-widget elementor-widget-heading\" data-id=\"3e76e81\" data-element_type=\"widget\" data-e-type=\"widget\" data-widget_type=\"heading.default\">\n\t\t\t\t\t<h2 class=\"elementor-heading-title elementor-size-default\">\u00bfTe has preguntado que es lo que los hace diferente?<\/h2>\t\t\t\t<\/div>\n\t\t\t\t<div class=\"elementor-element elementor-element-2ee416a elementor-widget elementor-widget-heading\" data-id=\"2ee416a\" data-element_type=\"widget\" data-e-type=\"widget\" data-widget_type=\"heading.default\">\n\t\t\t\t\t<h2 class=\"elementor-heading-title elementor-size-default\">Analizar si  tus productos le ayuda a solucionar los problemas de limpieza con los que los consumidores se enfrentan en su d\u00eda a d\u00eda representa una gran oportunidad y puede marcar la diferencia a la hora de introducir o mejorar un producto. \n<\/h2>\t\t\t\t<\/div>\n\t\t\t\t<\/div>\n\t\t<div class=\"elementor-element elementor-element-42dd4df e-con-full e-flex e-con e-parent\" data-id=\"42dd4df\" data-element_type=\"container\" data-e-type=\"container\">\n\t\t\t\t<div class=\"elementor-element elementor-element-417e689 elementor-widget elementor-widget-video\" data-id=\"417e689\" data-element_type=\"widget\" data-e-type=\"widget\" data-settings=\"{&quot;video_type&quot;:&quot;hosted&quot;,&quot;controls&quot;:&quot;yes&quot;}\" data-widget_type=\"video.default\">\n\t\t\t\t\t\t\t<div class=\"e-hosted-video elementor-wrapper elementor-open-inline\">\n\t\t\t\t\t<video class=\"elementor-video\" src=\"https:\/\/iespecialidades.com\/demo\/wp-content\/uploads\/2023\/04\/VIDEO-DEFINITIVO-LIMPIEZA.mp4\" controls=\"\" preload=\"metadata\" controlsList=\"nodownload\"><\/video>\n\t\t\t\t<\/div>\n\t\t\t\t\t\t<\/div>\n\t\t\t\t<\/div>\n\t\t\t\t\t<\/div>\n\t\t\t\t<\/div>\n\t\t<div class=\"elementor-element elementor-element-768adfd e-flex e-con-boxed e-con e-parent\" data-id=\"768adfd\" data-element_type=\"container\" data-e-type=\"container\" data-settings=\"{&quot;background_background&quot;:&quot;classic&quot;}\">\n\t\t\t\t\t<div class=\"e-con-inner\">\n\t\t<div class=\"elementor-element elementor-element-ba86466 e-con-full e-flex e-con e-parent\" data-id=\"ba86466\" data-element_type=\"container\" data-e-type=\"container\">\n\t\t\t\t<div class=\"elementor-element elementor-element-4e49a58 elementor-widget elementor-widget-image-gallery\" data-id=\"4e49a58\" data-element_type=\"widget\" data-e-type=\"widget\" data-widget_type=\"image-gallery.default\">\n\t\t\t\t\t\t\t<div class=\"elementor-image-gallery\">\n\t\t\t<div id='gallery-1' class='gallery galleryid-1311 gallery-columns-1 gallery-size-full'><figure class='gallery-item'>\n\t\t\t<div class='gallery-icon landscape'>\n\t\t\t\t<a data-elementor-open-lightbox=\"yes\" data-elementor-lightbox-slideshow=\"4e49a58\" data-elementor-lightbox-title=\"1\" data-e-action-hash=\"#elementor-action%3Aaction%3Dlightbox%26settings%3DeyJpZCI6MTM2MywidXJsIjoiaHR0cHM6XC9cL2llc3BlY2lhbGlkYWRlcy5jb21cL2RlbW9cL3dwLWNvbnRlbnRcL3VwbG9hZHNcLzIwMjNcLzA0XC8xLTEucG5nIiwic2xpZGVzaG93IjoiNGU0OWE1OCJ9\" href='https:\/\/iespecialidades.com\/demo\/wp-content\/uploads\/2023\/04\/1-1.png'><img fetchpriority=\"high\" decoding=\"async\" width=\"1597\" height=\"720\" src=\"https:\/\/iespecialidades.com\/demo\/wp-content\/uploads\/2023\/04\/1-1.png\" class=\"attachment-full size-full\" alt=\"\" srcset=\"https:\/\/iespecialidades.com\/demo\/wp-content\/uploads\/2023\/04\/1-1.png 1597w, https:\/\/iespecialidades.com\/demo\/wp-content\/uploads\/2023\/04\/1-1-300x135.png 300w, https:\/\/iespecialidades.com\/demo\/wp-content\/uploads\/2023\/04\/1-1-1024x462.png 1024w, https:\/\/iespecialidades.com\/demo\/wp-content\/uploads\/2023\/04\/1-1-768x346.png 768w, https:\/\/iespecialidades.com\/demo\/wp-content\/uploads\/2023\/04\/1-1-1536x692.png 1536w\" sizes=\"(max-width: 1597px) 100vw, 1597px\" \/><\/a>\n\t\t\t<\/div><\/figure><figure class='gallery-item'>\n\t\t\t<div class='gallery-icon landscape'>\n\t\t\t\t<a data-elementor-open-lightbox=\"yes\" data-elementor-lightbox-slideshow=\"4e49a58\" data-elementor-lightbox-title=\"2\" data-e-action-hash=\"#elementor-action%3Aaction%3Dlightbox%26settings%3DeyJpZCI6MTM2NCwidXJsIjoiaHR0cHM6XC9cL2llc3BlY2lhbGlkYWRlcy5jb21cL2RlbW9cL3dwLWNvbnRlbnRcL3VwbG9hZHNcLzIwMjNcLzA0XC8yLTEucG5nIiwic2xpZGVzaG93IjoiNGU0OWE1OCJ9\" href='https:\/\/iespecialidades.com\/demo\/wp-content\/uploads\/2023\/04\/2-1.png'><img decoding=\"async\" width=\"1597\" height=\"720\" src=\"https:\/\/iespecialidades.com\/demo\/wp-content\/uploads\/2023\/04\/2-1.png\" class=\"attachment-full size-full\" alt=\"\" srcset=\"https:\/\/iespecialidades.com\/demo\/wp-content\/uploads\/2023\/04\/2-1.png 1597w, https:\/\/iespecialidades.com\/demo\/wp-content\/uploads\/2023\/04\/2-1-300x135.png 300w, https:\/\/iespecialidades.com\/demo\/wp-content\/uploads\/2023\/04\/2-1-1024x462.png 1024w, https:\/\/iespecialidades.com\/demo\/wp-content\/uploads\/2023\/04\/2-1-768x346.png 768w, https:\/\/iespecialidades.com\/demo\/wp-content\/uploads\/2023\/04\/2-1-1536x692.png 1536w\" sizes=\"(max-width: 1597px) 100vw, 1597px\" \/><\/a>\n\t\t\t<\/div><\/figure>\n\t\t<\/div>\n\t\t<\/div>\n\t\t\t\t\t\t<\/div>\n\t\t\t\t<\/div>\n\t\t<div class=\"elementor-element elementor-element-3baf13e e-con-full e-flex e-con e-parent\" data-id=\"3baf13e\" data-element_type=\"container\" data-e-type=\"container\">\n\t\t\t\t<div class=\"elementor-element elementor-element-4f8abf6 elementor-widget elementor-widget-heading\" data-id=\"4f8abf6\" data-element_type=\"widget\" data-e-type=\"widget\" data-widget_type=\"heading.default\">\n\t\t\t\t\t<h2 class=\"elementor-heading-title elementor-size-default\">Destaca en el mercado \u00a1Nosotros te ayudamos a lograrlo!<\/h2>\t\t\t\t<\/div>\n\t\t\t\t<div class=\"elementor-element elementor-element-e7d721f elementor-widget elementor-widget-text-editor\" data-id=\"e7d721f\" data-element_type=\"widget\" data-e-type=\"widget\" data-widget_type=\"text-editor.default\">\n\t\t\t\t\t\t\t\t\t<p><span style=\"font-weight: 400;\">En el contexto Colombiano son muy pocas las empresas que prestan el servicio de validaci\u00f3n de desempe\u00f1o de productos de limpieza, lo que obliga a muchos productores a analizar por sus propios medios los productos que fabrican.<\/span><\/p><p><span style=\"font-weight: 400;\">Sin embargo esto ya no es problema, porque en Ingtec Especialidades contamos con personal altamente calificado y un laboratorio equipado con herramientas y m\u00e9todos de \u00faltima generaci\u00f3n para realizar validaciones de productos.<\/span><\/p>\t\t\t\t\t\t\t\t<\/div>\n\t\t\t\t<\/div>\n\t\t\t\t\t<\/div>\n\t\t\t\t<\/div>\n\t\t\t\t<section class=\"elementor-section elementor-top-section elementor-element elementor-element-2224c43c elementor-section-full_width elementor-section-height-default elementor-section-height-default\" data-id=\"2224c43c\" data-element_type=\"section\" data-e-type=\"section\">\n\t\t\t\t\t\t<div class=\"elementor-container elementor-column-gap-no\">\n\t\t\t\t\t<div class=\"elementor-column elementor-col-100 elementor-top-column elementor-element elementor-element-6f5d7607\" data-id=\"6f5d7607\" data-element_type=\"column\" data-e-type=\"column\">\n\t\t\t<div class=\"elementor-widget-wrap elementor-element-populated\">\n\t\t\t\t\t\t<div class=\"elementor-element elementor-element-624317c4 elementor-widget elementor-widget-heading\" data-id=\"624317c4\" data-element_type=\"widget\" data-e-type=\"widget\" data-widget_type=\"heading.default\">\n\t\t\t\t\t<h4 class=\"elementor-heading-title elementor-size-default\">\u00bfC\u00f3mo te podemos ayudar? <\/h4>\t\t\t\t<\/div>\n\t\t\t\t<div class=\"elementor-element elementor-element-c6569f2 elementor-widget elementor-widget-text-editor\" data-id=\"c6569f2\" data-element_type=\"widget\" data-e-type=\"widget\" data-widget_type=\"text-editor.default\">\n\t\t\t\t\t\t\t\t\t<p>\u00a1Inspira confianza en tus clientes! Descubre c\u00f3mo nuestro an\u00e1lisis de laboratorio te ayuda a lograrlo<\/p>\t\t\t\t\t\t\t\t<\/div>\n\t\t\t\t<section class=\"elementor-section elementor-inner-section elementor-element elementor-element-2209360 elementor-section-boxed elementor-section-height-default elementor-section-height-default\" data-id=\"2209360\" data-element_type=\"section\" data-e-type=\"section\">\n\t\t\t\t\t\t<div class=\"elementor-container elementor-column-gap-default\">\n\t\t\t\t\t<div class=\"elementor-column elementor-col-33 elementor-inner-column elementor-element elementor-element-60b5114\" data-id=\"60b5114\" data-element_type=\"column\" data-e-type=\"column\">\n\t\t\t<div class=\"elementor-widget-wrap elementor-element-populated\">\n\t\t\t\t\t\t<div class=\"elementor-element elementor-element-9cda1dd elementor-widget elementor-widget-image\" data-id=\"9cda1dd\" data-element_type=\"widget\" data-e-type=\"widget\" data-widget_type=\"image.default\">\n\t\t\t\t\t\t\t\t\t\t\t\t\t\t\t\t<a href=\"https:\/\/iespecialidades.com\/demo\/prueba-de-blancura\/\">\n\t\t\t\t\t\t\t<img decoding=\"async\" width=\"700\" height=\"400\" src=\"https:\/\/iespecialidades.com\/demo\/wp-content\/uploads\/2023\/04\/Diseno-sin-titulo-40-1.png\" class=\"attachment-large size-large wp-image-1356\" alt=\"\" srcset=\"https:\/\/iespecialidades.com\/demo\/wp-content\/uploads\/2023\/04\/Diseno-sin-titulo-40-1.png 700w, https:\/\/iespecialidades.com\/demo\/wp-content\/uploads\/2023\/04\/Diseno-sin-titulo-40-1-300x171.png 300w\" sizes=\"(max-width: 700px) 100vw, 700px\" \/>\t\t\t\t\t\t\t\t<\/a>\n\t\t\t\t\t\t\t\t\t\t\t\t\t\t\t<\/div>\n\t\t\t\t<div class=\"elementor-element elementor-element-36d5d78 elementor-widget elementor-widget-heading\" data-id=\"36d5d78\" data-element_type=\"widget\" data-e-type=\"widget\" data-widget_type=\"heading.default\">\n\t\t\t\t\t<h2 class=\"elementor-heading-title elementor-size-default\">Pruebas de blancura<\/h2>\t\t\t\t<\/div>\n\t\t\t\t\t<\/div>\n\t\t<\/div>\n\t\t\t\t<div class=\"elementor-column elementor-col-33 elementor-inner-column elementor-element elementor-element-c4cda36\" data-id=\"c4cda36\" data-element_type=\"column\" data-e-type=\"column\">\n\t\t\t<div class=\"elementor-widget-wrap elementor-element-populated\">\n\t\t\t\t\t\t<div class=\"elementor-element elementor-element-9dbcac8 elementor-widget elementor-widget-image\" data-id=\"9dbcac8\" data-element_type=\"widget\" data-e-type=\"widget\" data-widget_type=\"image.default\">\n\t\t\t\t\t\t\t\t\t\t\t\t\t\t\t\t<a href=\"https:\/\/iespecialidades.com\/demo\/prueba-de-despercudido\/\">\n\t\t\t\t\t\t\t<img loading=\"lazy\" decoding=\"async\" width=\"700\" height=\"400\" src=\"https:\/\/iespecialidades.com\/demo\/wp-content\/uploads\/2023\/04\/Diseno-sin-titulo-50.png\" class=\"attachment-large size-large wp-image-1359\" alt=\"\" srcset=\"https:\/\/iespecialidades.com\/demo\/wp-content\/uploads\/2023\/04\/Diseno-sin-titulo-50.png 700w, https:\/\/iespecialidades.com\/demo\/wp-content\/uploads\/2023\/04\/Diseno-sin-titulo-50-300x171.png 300w\" sizes=\"(max-width: 700px) 100vw, 700px\" \/>\t\t\t\t\t\t\t\t<\/a>\n\t\t\t\t\t\t\t\t\t\t\t\t\t\t\t<\/div>\n\t\t\t\t<div class=\"elementor-element elementor-element-d3f258c elementor-widget elementor-widget-heading\" data-id=\"d3f258c\" data-element_type=\"widget\" data-e-type=\"widget\" data-widget_type=\"heading.default\">\n\t\t\t\t\t<h2 class=\"elementor-heading-title elementor-size-default\">Pruebas de despercudido<\/h2>\t\t\t\t<\/div>\n\t\t\t\t\t<\/div>\n\t\t<\/div>\n\t\t\t\t<div class=\"elementor-column elementor-col-33 elementor-inner-column elementor-element elementor-element-10834d2\" data-id=\"10834d2\" data-element_type=\"column\" data-e-type=\"column\">\n\t\t\t<div class=\"elementor-widget-wrap elementor-element-populated\">\n\t\t\t\t\t\t<div class=\"elementor-element elementor-element-feb87dc elementor-widget elementor-widget-image\" data-id=\"feb87dc\" data-element_type=\"widget\" data-e-type=\"widget\" data-widget_type=\"image.default\">\n\t\t\t\t\t\t\t\t\t\t\t\t\t\t\t\t<a href=\"https:\/\/iespecialidades.com\/demo\/prueba-de-desengrase\/\">\n\t\t\t\t\t\t\t<img loading=\"lazy\" decoding=\"async\" width=\"700\" height=\"400\" src=\"https:\/\/iespecialidades.com\/demo\/wp-content\/uploads\/2023\/04\/Diseno-sin-titulo-42.png\" class=\"attachment-large size-large wp-image-1358\" alt=\"\" srcset=\"https:\/\/iespecialidades.com\/demo\/wp-content\/uploads\/2023\/04\/Diseno-sin-titulo-42.png 700w, https:\/\/iespecialidades.com\/demo\/wp-content\/uploads\/2023\/04\/Diseno-sin-titulo-42-300x171.png 300w\" sizes=\"(max-width: 700px) 100vw, 700px\" \/>\t\t\t\t\t\t\t\t<\/a>\n\t\t\t\t\t\t\t\t\t\t\t\t\t\t\t<\/div>\n\t\t\t\t<div class=\"elementor-element elementor-element-668464d elementor-widget elementor-widget-heading\" data-id=\"668464d\" data-element_type=\"widget\" data-e-type=\"widget\" data-widget_type=\"heading.default\">\n\t\t\t\t\t<h2 class=\"elementor-heading-title elementor-size-default\">Pruebas de desengrase<\/h2>\t\t\t\t<\/div>\n\t\t\t\t\t<\/div>\n\t\t<\/div>\n\t\t\t\t\t<\/div>\n\t\t<\/section>\n\t\t\t\t<section class=\"elementor-section elementor-inner-section elementor-element elementor-element-0b9013a elementor-section-boxed elementor-section-height-default elementor-section-height-default\" data-id=\"0b9013a\" data-element_type=\"section\" data-e-type=\"section\">\n\t\t\t\t\t\t<div class=\"elementor-container elementor-column-gap-default\">\n\t\t\t\t\t<div class=\"elementor-column elementor-col-33 elementor-inner-column elementor-element elementor-element-5d5a0e9\" data-id=\"5d5a0e9\" data-element_type=\"column\" data-e-type=\"column\">\n\t\t\t<div class=\"elementor-widget-wrap elementor-element-populated\">\n\t\t\t\t\t\t<div class=\"elementor-element elementor-element-e88f610 elementor-widget elementor-widget-image\" data-id=\"e88f610\" data-element_type=\"widget\" data-e-type=\"widget\" data-widget_type=\"image.default\">\n\t\t\t\t\t\t\t\t\t\t\t\t\t\t\t\t<a href=\"https:\/\/iespecialidades.com\/demo\/prueba-de-desmanche\/\">\n\t\t\t\t\t\t\t<img loading=\"lazy\" decoding=\"async\" width=\"700\" height=\"400\" src=\"https:\/\/iespecialidades.com\/demo\/wp-content\/uploads\/2023\/04\/Diseno-sin-titulo-41-1.png\" class=\"attachment-large size-large wp-image-1357\" alt=\"\" srcset=\"https:\/\/iespecialidades.com\/demo\/wp-content\/uploads\/2023\/04\/Diseno-sin-titulo-41-1.png 700w, https:\/\/iespecialidades.com\/demo\/wp-content\/uploads\/2023\/04\/Diseno-sin-titulo-41-1-300x171.png 300w\" sizes=\"(max-width: 700px) 100vw, 700px\" \/>\t\t\t\t\t\t\t\t<\/a>\n\t\t\t\t\t\t\t\t\t\t\t\t\t\t\t<\/div>\n\t\t\t\t<div class=\"elementor-element elementor-element-f4c5f03 elementor-widget elementor-widget-heading\" data-id=\"f4c5f03\" data-element_type=\"widget\" data-e-type=\"widget\" data-widget_type=\"heading.default\">\n\t\t\t\t\t<h2 class=\"elementor-heading-title elementor-size-default\">Pruebas de desmanche<\/h2>\t\t\t\t<\/div>\n\t\t\t\t\t<\/div>\n\t\t<\/div>\n\t\t\t\t<div class=\"elementor-column elementor-col-33 elementor-inner-column elementor-element elementor-element-9ab62d9\" data-id=\"9ab62d9\" data-element_type=\"column\" data-e-type=\"column\">\n\t\t\t<div class=\"elementor-widget-wrap elementor-element-populated\">\n\t\t\t\t\t\t<div class=\"elementor-element elementor-element-e7b97b8 elementor-widget elementor-widget-image\" data-id=\"e7b97b8\" data-element_type=\"widget\" data-e-type=\"widget\" data-widget_type=\"image.default\">\n\t\t\t\t\t\t\t\t\t\t\t\t\t\t\t\t<a href=\"https:\/\/iespecialidades.com\/demo\/prueba-limpieza-de-superficies\/\">\n\t\t\t\t\t\t\t<img loading=\"lazy\" decoding=\"async\" width=\"700\" height=\"400\" src=\"https:\/\/iespecialidades.com\/demo\/wp-content\/uploads\/2023\/04\/Diseno-sin-titulo-51.png\" class=\"attachment-large size-large wp-image-1360\" alt=\"\" srcset=\"https:\/\/iespecialidades.com\/demo\/wp-content\/uploads\/2023\/04\/Diseno-sin-titulo-51.png 700w, https:\/\/iespecialidades.com\/demo\/wp-content\/uploads\/2023\/04\/Diseno-sin-titulo-51-300x171.png 300w\" sizes=\"(max-width: 700px) 100vw, 700px\" \/>\t\t\t\t\t\t\t\t<\/a>\n\t\t\t\t\t\t\t\t\t\t\t\t\t\t\t<\/div>\n\t\t\t\t<div class=\"elementor-element elementor-element-57012c6 elementor-widget elementor-widget-heading\" data-id=\"57012c6\" data-element_type=\"widget\" data-e-type=\"widget\" data-widget_type=\"heading.default\">\n\t\t\t\t\t<h2 class=\"elementor-heading-title elementor-size-default\">Limpieza de superfices<\/h2>\t\t\t\t<\/div>\n\t\t\t\t\t<\/div>\n\t\t<\/div>\n\t\t\t\t<div class=\"elementor-column elementor-col-33 elementor-inner-column elementor-element elementor-element-da75e83\" data-id=\"da75e83\" data-element_type=\"column\" data-e-type=\"column\">\n\t\t\t<div class=\"elementor-widget-wrap elementor-element-populated\">\n\t\t\t\t\t\t<div class=\"elementor-element elementor-element-de5bd8a elementor-widget elementor-widget-image\" data-id=\"de5bd8a\" data-element_type=\"widget\" data-e-type=\"widget\" data-widget_type=\"image.default\">\n\t\t\t\t\t\t\t\t\t\t\t\t\t\t\t<img loading=\"lazy\" decoding=\"async\" width=\"700\" height=\"400\" src=\"https:\/\/iespecialidades.com\/demo\/wp-content\/uploads\/2023\/04\/Diseno-sin-titulo-52.png\" class=\"attachment-large size-large wp-image-1361\" alt=\"\" srcset=\"https:\/\/iespecialidades.com\/demo\/wp-content\/uploads\/2023\/04\/Diseno-sin-titulo-52.png 700w, https:\/\/iespecialidades.com\/demo\/wp-content\/uploads\/2023\/04\/Diseno-sin-titulo-52-300x171.png 300w\" sizes=\"(max-width: 700px) 100vw, 700px\" \/>\t\t\t\t\t\t\t\t\t\t\t\t\t\t\t<\/div>\n\t\t\t\t<div class=\"elementor-element elementor-element-4f764a4 elementor-widget elementor-widget-heading\" data-id=\"4f764a4\" data-element_type=\"widget\" data-e-type=\"widget\" data-widget_type=\"heading.default\">\n\t\t\t\t\t<h2 class=\"elementor-heading-title elementor-size-default\">Pruebas de Full Scale<\/h2>\t\t\t\t<\/div>\n\t\t\t\t\t<\/div>\n\t\t<\/div>\n\t\t\t\t\t<\/div>\n\t\t<\/section>\n\t\t\t\t\t<\/div>\n\t\t<\/div>\n\t\t\t\t\t<\/div>\n\t\t<\/section>\n\t\t\t\t<section class=\"elementor-section elementor-top-section elementor-element elementor-element-942e7a6 elementor-section-content-middle elementor-section-height-min-height elementor-section-boxed elementor-section-height-default elementor-section-items-middle\" data-id=\"942e7a6\" data-element_type=\"section\" data-e-type=\"section\" data-settings=\"{&quot;background_background&quot;:&quot;classic&quot;}\">\n\t\t\t\t\t\t<div class=\"elementor-container elementor-column-gap-no\">\n\t\t\t\t\t<div class=\"elementor-column elementor-col-100 elementor-top-column elementor-element elementor-element-4cd2b9d4\" data-id=\"4cd2b9d4\" data-element_type=\"column\" data-e-type=\"column\">\n\t\t\t<div class=\"elementor-widget-wrap elementor-element-populated\">\n\t\t\t\t\t\t<div class=\"elementor-element elementor-element-30fe2a43 elementor-widget elementor-widget-heading\" data-id=\"30fe2a43\" data-element_type=\"widget\" data-e-type=\"widget\" data-widget_type=\"heading.default\">\n\t\t\t\t\t<h5 class=\"elementor-heading-title elementor-size-default\">\u00bfEstas listo para marcar la diferencia? <\/h5>\t\t\t\t<\/div>\n\t\t\t\t<div class=\"elementor-element elementor-element-5d3f0726 elementor-widget-tablet__width-inherit elementor-invisible elementor-widget elementor-widget-text-editor\" data-id=\"5d3f0726\" data-element_type=\"widget\" data-e-type=\"widget\" data-settings=\"{&quot;_animation&quot;:&quot;fadeInUp&quot;}\" data-widget_type=\"text-editor.default\">\n\t\t\t\t\t\t\t\t\t<p>Haz que tus productos de limpieza destaquen<\/p>\t\t\t\t\t\t\t\t<\/div>\n\t\t\t\t<div class=\"elementor-element elementor-element-3b22955 elementor-widget elementor-widget-html\" data-id=\"3b22955\" data-element_type=\"widget\" data-e-type=\"widget\" data-widget_type=\"html.default\">\n\t\t\t\t\t<script charset=\"utf-8\" type=\"text\/javascript\" src=\"\/\/js.hsforms.net\/forms\/embed\/v2.js\"><\/script>\r\n<script>\r\n  hbspt.forms.create({\r\n    region: \"na1\",\r\n    portalId: \"8136058\",\r\n    formId: \"593e3408-3c07-424b-9df9-ea420d5b229b\"\r\n  });\r\n<\/script>\t\t\t\t<\/div>\n\t\t\t\t\t<\/div>\n\t\t<\/div>\n\t\t\t\t\t<\/div>\n\t\t<\/section>\n\t\t\t\t<\/div>\n\t\t","protected":false},"excerpt":{"rendered":"<p>Haz que tus productos de limpieza destaquen \u00a1Conoce que es lo que los hace \u00fanicos! \u00bfTe has preguntado que es lo que los hace diferente? Analizar si tus productos le ayuda a solucionar los problemas de limpieza con los que los consumidores se enfrentan en su d\u00eda a d\u00eda representa una gran oportunidad y puede [&hellip;]<\/p>\n","protected":false},"author":1,"featured_media":0,"parent":0,"menu_order":0,"comment_status":"closed","ping_status":"closed","template":"elementor_header_footer","meta":{"footnotes":""},"class_list":["post-1311","page","type-page","status-publish","hentry"],"_links":{"self":[{"href":"https:\/\/iespecialidades.com\/demo\/wp-json\/wp\/v2\/pages\/1311","targetHints":{"allow":["GET"]}}],"collection":[{"href":"https:\/\/iespecialidades.com\/demo\/wp-json\/wp\/v2\/pages"}],"about":[{"href":"https:\/\/iespecialidades.com\/demo\/wp-json\/wp\/v2\/types\/page"}],"author":[{"embeddable":true,"href":"https:\/\/iespecialidades.com\/demo\/wp-json\/wp\/v2\/users\/1"}],"replies":[{"embeddable":true,"href":"https:\/\/iespecialidades.com\/demo\/wp-json\/wp\/v2\/comments?post=1311"}],"version-history":[{"count":75,"href":"https:\/\/iespecialidades.com\/demo\/wp-json\/wp\/v2\/pages\/1311\/revisions"}],"predecessor-version":[{"id":2823,"href":"https:\/\/iespecialidades.com\/demo\/wp-json\/wp\/v2\/pages\/1311\/revisions\/2823"}],"wp:attachment":[{"href":"https:\/\/iespecialidades.com\/demo\/wp-json\/wp\/v2\/media?parent=1311"}],"curies":[{"name":"wp","href":"https:\/\/api.w.org\/{rel}","templated":true}]}}