{"id":1648,"date":"2023-04-27T16:23:02","date_gmt":"2023-04-27T16:23:02","guid":{"rendered":"https:\/\/iespecialidades.com\/demo\/?page_id=1648"},"modified":"2023-06-07T20:55:55","modified_gmt":"2023-06-07T20:55:55","slug":"prueba-de-despercudido","status":"publish","type":"page","link":"https:\/\/iespecialidades.com\/demo\/prueba-de-despercudido\/","title":{"rendered":"Prueba de despercudido"},"content":{"rendered":"\t\t<div data-elementor-type=\"wp-page\" data-elementor-id=\"1648\" class=\"elementor elementor-1648\" data-elementor-post-type=\"page\">\n\t\t\t\t<div class=\"elementor-element elementor-element-8dc2011 e-flex e-con-boxed e-con e-parent\" data-id=\"8dc2011\" data-element_type=\"container\" data-e-type=\"container\" data-settings=\"{&quot;background_background&quot;:&quot;classic&quot;}\">\n\t\t\t\t\t<div class=\"e-con-inner\">\n\t\t\t\t<div class=\"elementor-element elementor-element-d0221d7 elementor-widget elementor-widget-spacer\" data-id=\"d0221d7\" data-element_type=\"widget\" data-e-type=\"widget\" data-widget_type=\"spacer.default\">\n\t\t\t\t\t\t\t<div class=\"elementor-spacer\">\n\t\t\t<div class=\"elementor-spacer-inner\"><\/div>\n\t\t<\/div>\n\t\t\t\t\t\t<\/div>\n\t\t\t\t<div class=\"elementor-element elementor-element-9760121 elementor-widget elementor-widget-heading\" data-id=\"9760121\" data-element_type=\"widget\" data-e-type=\"widget\" data-widget_type=\"heading.default\">\n\t\t\t\t\t<h1 class=\"elementor-heading-title elementor-size-default\">Prueba de despercudido<\/h1>\t\t\t\t<\/div>\n\t\t\t\t\t<\/div>\n\t\t\t\t<\/div>\n\t\t<div class=\"elementor-element elementor-element-90c94d2 e-flex e-con-boxed e-con e-parent\" data-id=\"90c94d2\" data-element_type=\"container\" data-e-type=\"container\">\n\t\t\t\t\t<div class=\"e-con-inner\">\n\t\t<div class=\"elementor-element elementor-element-9a8c5eb e-con-full e-flex e-con e-parent\" data-id=\"9a8c5eb\" data-element_type=\"container\" data-e-type=\"container\">\n\t\t\t\t<div class=\"elementor-element elementor-element-f0bed98 elementor-align-center elementor-widget elementor-widget-button\" data-id=\"f0bed98\" data-element_type=\"widget\" data-e-type=\"widget\" data-widget_type=\"button.default\">\n\t\t\t\t\t\t\t\t\t\t<a class=\"elementor-button elementor-button-link elementor-size-md\" href=\"#PSP\">\n\t\t\t\t\t\t<span class=\"elementor-button-content-wrapper\">\n\t\t\t\t\t\t\t\t\t<span class=\"elementor-button-text\">Conoce para qu\u00e9 sirve esta prueba<\/span>\n\t\t\t\t\t<\/span>\n\t\t\t\t\t<\/a>\n\t\t\t\t\t\t\t\t<\/div>\n\t\t\t\t<\/div>\n\t\t<div class=\"elementor-element elementor-element-ec16f3c e-con-full e-flex e-con e-parent\" data-id=\"ec16f3c\" data-element_type=\"container\" data-e-type=\"container\">\n\t\t\t\t<div class=\"elementor-element elementor-element-b036c3c elementor-align-center elementor-widget elementor-widget-button\" data-id=\"b036c3c\" data-element_type=\"widget\" data-e-type=\"widget\" data-widget_type=\"button.default\">\n\t\t\t\t\t\t\t\t\t\t<a class=\"elementor-button elementor-button-link elementor-size-md\" href=\"#ECP\">\n\t\t\t\t\t\t<span class=\"elementor-button-content-wrapper\">\n\t\t\t\t\t\t\t\t\t<span class=\"elementor-button-text\">En qu\u00e9 consiste esta prueba<\/span>\n\t\t\t\t\t<\/span>\n\t\t\t\t\t<\/a>\n\t\t\t\t\t\t\t\t<\/div>\n\t\t\t\t<\/div>\n\t\t<div class=\"elementor-element elementor-element-5d34a25 e-con-full e-flex e-con e-parent\" data-id=\"5d34a25\" data-element_type=\"container\" data-e-type=\"container\">\n\t\t\t\t<div class=\"elementor-element elementor-element-033f2b6 elementor-align-right elementor-widget elementor-widget-button\" data-id=\"033f2b6\" data-element_type=\"widget\" data-e-type=\"widget\" data-widget_type=\"button.default\">\n\t\t\t\t\t\t\t\t\t\t<a class=\"elementor-button elementor-button-link elementor-size-md\" href=\"#QRP\">\n\t\t\t\t\t\t<span class=\"elementor-button-content-wrapper\">\n\t\t\t\t\t\t\t\t\t<span class=\"elementor-button-text\">Profesionales especializados<\/span>\n\t\t\t\t\t<\/span>\n\t\t\t\t\t<\/a>\n\t\t\t\t\t\t\t\t<\/div>\n\t\t\t\t<\/div>\n\t\t<div class=\"elementor-element elementor-element-2cb80b3 e-con-full e-flex e-con e-parent\" data-id=\"2cb80b3\" data-element_type=\"container\" data-e-type=\"container\">\n\t\t\t\t<div class=\"elementor-element elementor-element-6cfef01 elementor-align-right elementor-widget elementor-widget-button\" data-id=\"6cfef01\" data-element_type=\"widget\" data-e-type=\"widget\" data-widget_type=\"button.default\">\n\t\t\t\t\t\t\t\t\t\t<a class=\"elementor-button elementor-button-link elementor-size-md\" href=\"#CON\">\n\t\t\t\t\t\t<span class=\"elementor-button-content-wrapper\">\n\t\t\t\t\t\t\t\t\t<span class=\"elementor-button-text\">Cont\u00e1ctanos para mayor informaci\u00f3n<\/span>\n\t\t\t\t\t<\/span>\n\t\t\t\t\t<\/a>\n\t\t\t\t\t\t\t\t<\/div>\n\t\t\t\t<\/div>\n\t\t\t\t\t<\/div>\n\t\t\t\t<\/div>\n\t\t<div class=\"elementor-element elementor-element-d38b9d5 e-flex e-con-boxed e-con e-parent\" data-id=\"d38b9d5\" data-element_type=\"container\" data-e-type=\"container\">\n\t\t\t\t\t<div class=\"e-con-inner\">\n\t\t<div class=\"elementor-element elementor-element-01b812d e-con-full e-flex e-con e-parent\" data-id=\"01b812d\" data-element_type=\"container\" data-e-type=\"container\">\n\t\t\t\t<div class=\"elementor-element elementor-element-345f035 elementor-widget elementor-widget-menu-anchor\" data-id=\"345f035\" data-element_type=\"widget\" data-e-type=\"widget\" data-widget_type=\"menu-anchor.default\">\n\t\t\t\t\t\t\t<div class=\"elementor-menu-anchor\" id=\"PSP\"><\/div>\n\t\t\t\t\t\t<\/div>\n\t\t\t\t<div class=\"elementor-element elementor-element-bdc8970 elementor-widget elementor-widget-heading\" data-id=\"bdc8970\" data-element_type=\"widget\" data-e-type=\"widget\" data-widget_type=\"heading.default\">\n\t\t\t\t\t<h2 class=\"elementor-heading-title elementor-size-default\">Para qu\u00e9 sirve la prueba<\/h2>\t\t\t\t<\/div>\n\t\t\t\t<div class=\"elementor-element elementor-element-cd887eb elementor-widget elementor-widget-text-editor\" data-id=\"cd887eb\" data-element_type=\"widget\" data-e-type=\"widget\" data-widget_type=\"text-editor.default\">\n\t\t\t\t\t\t\t\t\t<p>Realizar pruebas de despercudido, tambi\u00e9n llamada prueba de Antiredeposici\u00f3n,\u00a0 en diferentes formulaciones de detergentes puede ayudar a identificar los ingredientes y las combinaciones de f\u00f3rmulas que funcionan mejor para prevenir la redeposici\u00f3n de suciedad en diferentes tipos de prendas y condiciones de lavado. Esto puede llevar a la mejora de la calidad del producto y a una mayor satisfacci\u00f3n del cliente.<\/p><p>Adem\u00e1s, la prueba de despercudido tambi\u00e9n puede ser una herramienta de marketing \u00fatil para la empresa, ya que puede demostrar la efectividad del detergente y ayudar a diferenciarlo de la competencia. Al promover el resultado de estas pruebas y comunicar la eficacia de los productos a los consumidores, se puede aumentar la confianza en la marca y fomentar la lealtad del cliente.<\/p>\t\t\t\t\t\t\t\t<\/div>\n\t\t\t\t<\/div>\n\t\t<div class=\"elementor-element elementor-element-38412dd e-con-full e-flex e-con e-parent\" data-id=\"38412dd\" data-element_type=\"container\" data-e-type=\"container\">\n\t\t\t\t<div class=\"elementor-element elementor-element-b488114 elementor-widget elementor-widget-video\" data-id=\"b488114\" data-element_type=\"widget\" data-e-type=\"widget\" data-settings=\"{&quot;youtube_url&quot;:&quot;https:\\\/\\\/www.youtube.com\\\/watch?v=Fwxz81BkRwk&quot;,&quot;video_type&quot;:&quot;youtube&quot;,&quot;controls&quot;:&quot;yes&quot;}\" data-widget_type=\"video.default\">\n\t\t\t\t\t\t\t<div class=\"elementor-wrapper elementor-open-inline\">\n\t\t\t<div class=\"elementor-video\"><\/div>\t\t<\/div>\n\t\t\t\t\t\t<\/div>\n\t\t\t\t<\/div>\n\t\t\t\t\t<\/div>\n\t\t\t\t<\/div>\n\t\t<div class=\"elementor-element elementor-element-c87f696 elementor-hidden-mobile e-flex e-con-boxed e-con e-parent\" data-id=\"c87f696\" data-element_type=\"container\" data-e-type=\"container\">\n\t\t\t\t\t<div class=\"e-con-inner\">\n\t\t<div class=\"elementor-element elementor-element-bd7f6ac e-con-full e-flex e-con e-parent\" data-id=\"bd7f6ac\" data-element_type=\"container\" data-e-type=\"container\">\n\t\t\t\t<div class=\"elementor-element elementor-element-88a1637 elementor-widget elementor-widget-image\" data-id=\"88a1637\" data-element_type=\"widget\" data-e-type=\"widget\" data-widget_type=\"image.default\">\n\t\t\t\t\t\t\t\t\t\t\t\t\t\t\t<img fetchpriority=\"high\" decoding=\"async\" width=\"800\" height=\"450\" src=\"https:\/\/iespecialidades.com\/demo\/wp-content\/uploads\/2023\/04\/3-1024x576.jpg\" class=\"attachment-large size-large wp-image-1298\" alt=\"\" srcset=\"https:\/\/iespecialidades.com\/demo\/wp-content\/uploads\/2023\/04\/3-1024x576.jpg 1024w, https:\/\/iespecialidades.com\/demo\/wp-content\/uploads\/2023\/04\/3-300x169.jpg 300w, https:\/\/iespecialidades.com\/demo\/wp-content\/uploads\/2023\/04\/3-768x432.jpg 768w, https:\/\/iespecialidades.com\/demo\/wp-content\/uploads\/2023\/04\/3-1536x864.jpg 1536w, https:\/\/iespecialidades.com\/demo\/wp-content\/uploads\/2023\/04\/3.jpg 1920w\" sizes=\"(max-width: 800px) 100vw, 800px\" \/>\t\t\t\t\t\t\t\t\t\t\t\t\t\t\t<\/div>\n\t\t\t\t<\/div>\n\t\t<div class=\"elementor-element elementor-element-5707c69 e-con-full e-flex e-con e-parent\" data-id=\"5707c69\" data-element_type=\"container\" data-e-type=\"container\">\n\t\t\t\t<div class=\"elementor-element elementor-element-c5ab816 elementor-widget elementor-widget-menu-anchor\" data-id=\"c5ab816\" data-element_type=\"widget\" data-e-type=\"widget\" data-widget_type=\"menu-anchor.default\">\n\t\t\t\t\t\t\t<div class=\"elementor-menu-anchor\" id=\"ECP\"><\/div>\n\t\t\t\t\t\t<\/div>\n\t\t\t\t<div class=\"elementor-element elementor-element-d8be054 elementor-widget elementor-widget-heading\" data-id=\"d8be054\" data-element_type=\"widget\" data-e-type=\"widget\" data-widget_type=\"heading.default\">\n\t\t\t\t\t<h2 class=\"elementor-heading-title elementor-size-default\">En qu\u00e9 consiste la prueba<\/h2>\t\t\t\t<\/div>\n\t\t\t\t<div class=\"elementor-element elementor-element-c1d047b elementor-widget elementor-widget-text-editor\" data-id=\"c1d047b\" data-element_type=\"widget\" data-e-type=\"widget\" data-widget_type=\"text-editor.default\">\n\t\t\t\t\t\t\t\t\t<p>En el Laboratorio de Ingtec Especialidades, se simula una suciedad est\u00e1ndar en la ropa, utilizando el compuesto qu\u00edmico carb\u00f3n black. Se eval\u00faa la capacidad antiredep\u00f3sito de un detergente utilizando el equipo especializado Mathis, que simula el desgaste y deterioro de las fibras de la ropa asociados al lavado y uso continuo.<\/p><p>Luego de lavar y secar las prendas, se miden las coordenadas de color con un espectrofot\u00f3metro, siendo los valores m\u00e1s importantes el grado de luminosidad y blancura. As\u00ed, se determina si el detergente mantiene los blancos m\u00e1s blancos y los colores m\u00e1s brillantes, lo que indica una mayor eficiencia en la prevenci\u00f3n de la redeposici\u00f3n de suciedad.<\/p>\t\t\t\t\t\t\t\t<\/div>\n\t\t\t\t<\/div>\n\t\t\t\t\t<\/div>\n\t\t\t\t<\/div>\n\t\t<div class=\"elementor-element elementor-element-8d62de7 elementor-hidden-desktop elementor-hidden-tablet e-flex e-con-boxed e-con e-parent\" data-id=\"8d62de7\" data-element_type=\"container\" data-e-type=\"container\">\n\t\t\t\t\t<div class=\"e-con-inner\">\n\t\t<div class=\"elementor-element elementor-element-f6bbe67 e-con-full e-flex e-con e-parent\" data-id=\"f6bbe67\" data-element_type=\"container\" data-e-type=\"container\">\n\t\t\t\t<div class=\"elementor-element elementor-element-271a3f1 elementor-widget elementor-widget-menu-anchor\" data-id=\"271a3f1\" data-element_type=\"widget\" data-e-type=\"widget\" data-widget_type=\"menu-anchor.default\">\n\t\t\t\t\t\t\t<div class=\"elementor-menu-anchor\" id=\"ECP\"><\/div>\n\t\t\t\t\t\t<\/div>\n\t\t\t\t<div class=\"elementor-element elementor-element-7537dd4 elementor-widget elementor-widget-heading\" data-id=\"7537dd4\" data-element_type=\"widget\" data-e-type=\"widget\" data-widget_type=\"heading.default\">\n\t\t\t\t\t<h2 class=\"elementor-heading-title elementor-size-default\">En qu\u00e9 consiste la prueba<\/h2>\t\t\t\t<\/div>\n\t\t\t\t<div class=\"elementor-element elementor-element-28376cf elementor-widget elementor-widget-text-editor\" data-id=\"28376cf\" data-element_type=\"widget\" data-e-type=\"widget\" data-widget_type=\"text-editor.default\">\n\t\t\t\t\t\t\t\t\t<p>En el Laboratorio de Ingtec Especialidades, se simula una suciedad est\u00e1ndar en la ropa, utilizando el compuesto qu\u00edmico carb\u00f3n black. Se eval\u00faa la capacidad antiredep\u00f3sito de un detergente utilizando el equipo especializado Mathis, que simula el desgaste y deterioro de las fibras de la ropa asociados al lavado y uso continuo.<\/p><p>Luego de lavar y secar las prendas, se miden las coordenadas de color con un espectrofot\u00f3metro, siendo los valores m\u00e1s importantes el grado de luminosidad y blancura. As\u00ed, se determina si el detergente mantiene los blancos m\u00e1s blancos y los colores m\u00e1s brillantes, lo que indica una mayor eficiencia en la prevenci\u00f3n de la redeposici\u00f3n de suciedad.<\/p>\t\t\t\t\t\t\t\t<\/div>\n\t\t\t\t<\/div>\n\t\t<div class=\"elementor-element elementor-element-93d80ab e-con-full e-flex e-con e-parent\" data-id=\"93d80ab\" data-element_type=\"container\" data-e-type=\"container\">\n\t\t\t\t<div class=\"elementor-element elementor-element-5b79aa8 elementor-widget elementor-widget-image\" data-id=\"5b79aa8\" data-element_type=\"widget\" data-e-type=\"widget\" data-widget_type=\"image.default\">\n\t\t\t\t\t\t\t\t\t\t\t\t\t\t\t<img fetchpriority=\"high\" decoding=\"async\" width=\"800\" height=\"450\" src=\"https:\/\/iespecialidades.com\/demo\/wp-content\/uploads\/2023\/04\/3-1024x576.jpg\" class=\"attachment-large size-large wp-image-1298\" alt=\"\" srcset=\"https:\/\/iespecialidades.com\/demo\/wp-content\/uploads\/2023\/04\/3-1024x576.jpg 1024w, https:\/\/iespecialidades.com\/demo\/wp-content\/uploads\/2023\/04\/3-300x169.jpg 300w, https:\/\/iespecialidades.com\/demo\/wp-content\/uploads\/2023\/04\/3-768x432.jpg 768w, https:\/\/iespecialidades.com\/demo\/wp-content\/uploads\/2023\/04\/3-1536x864.jpg 1536w, https:\/\/iespecialidades.com\/demo\/wp-content\/uploads\/2023\/04\/3.jpg 1920w\" sizes=\"(max-width: 800px) 100vw, 800px\" \/>\t\t\t\t\t\t\t\t\t\t\t\t\t\t\t<\/div>\n\t\t\t\t<\/div>\n\t\t\t\t\t<\/div>\n\t\t\t\t<\/div>\n\t\t<div class=\"elementor-element elementor-element-17dc101 e-flex e-con-boxed e-con e-parent\" data-id=\"17dc101\" data-element_type=\"container\" data-e-type=\"container\">\n\t\t\t\t\t<div class=\"e-con-inner\">\n\t\t<div class=\"elementor-element elementor-element-7ca0011 e-con-full e-flex e-con e-parent\" data-id=\"7ca0011\" data-element_type=\"container\" data-e-type=\"container\">\n\t\t\t\t<div class=\"elementor-element elementor-element-c18e795 elementor-widget elementor-widget-menu-anchor\" data-id=\"c18e795\" data-element_type=\"widget\" data-e-type=\"widget\" data-widget_type=\"menu-anchor.default\">\n\t\t\t\t\t\t\t<div class=\"elementor-menu-anchor\" id=\"QRP\"><\/div>\n\t\t\t\t\t\t<\/div>\n\t\t\t\t<div class=\"elementor-element elementor-element-1c0f694 elementor-widget elementor-widget-heading\" data-id=\"1c0f694\" data-element_type=\"widget\" data-e-type=\"widget\" data-widget_type=\"heading.default\">\n\t\t\t\t\t<h2 class=\"elementor-heading-title elementor-size-default\">Profesionales especializados <\/h2>\t\t\t\t<\/div>\n\t\t\t\t<div class=\"elementor-element elementor-element-0fc475a elementor-widget elementor-widget-text-editor\" data-id=\"0fc475a\" data-element_type=\"widget\" data-e-type=\"widget\" data-widget_type=\"text-editor.default\">\n\t\t\t\t\t\t\t\t\t<p>Conf\u00eda en nuestro equipo de profesionales especializados\u00a0 para llevar a cabo la prueba que necesitas. Ellos tienen una amplia experiencia en el manejo de equipos de \u00faltima tecnolog\u00eda y en los procedimientos necesarios para garantizar resultados precisos y confiables.<\/p><p>Gracias a su formaci\u00f3n y conocimientos, podr\u00e1s estar seguro de que tu prueba ser\u00e1 llevada a cabo con los m\u00e1s altos est\u00e1ndares de calidad y profesionalismo. No dudes en dejar este importante trabajo en manos de nuestros expertos qu\u00edmicos<\/p>\t\t\t\t\t\t\t\t<\/div>\n\t\t\t\t<\/div>\n\t\t<div class=\"elementor-element elementor-element-b6d21f4 e-con-full e-flex e-con e-parent\" data-id=\"b6d21f4\" data-element_type=\"container\" data-e-type=\"container\">\n\t\t\t\t<div class=\"elementor-element elementor-element-1c19b54 elementor-widget elementor-widget-image\" data-id=\"1c19b54\" data-element_type=\"widget\" data-e-type=\"widget\" data-widget_type=\"image.default\">\n\t\t\t\t\t\t\t\t\t\t\t\t\t\t\t<img decoding=\"async\" width=\"1024\" height=\"576\" src=\"https:\/\/iespecialidades.com\/demo\/wp-content\/uploads\/2023\/05\/Diseno-sin-titulo-40.png\" class=\"attachment-full size-full wp-image-1671\" alt=\"\" srcset=\"https:\/\/iespecialidades.com\/demo\/wp-content\/uploads\/2023\/05\/Diseno-sin-titulo-40.png 1024w, https:\/\/iespecialidades.com\/demo\/wp-content\/uploads\/2023\/05\/Diseno-sin-titulo-40-300x169.png 300w, https:\/\/iespecialidades.com\/demo\/wp-content\/uploads\/2023\/05\/Diseno-sin-titulo-40-768x432.png 768w\" sizes=\"(max-width: 1024px) 100vw, 1024px\" \/>\t\t\t\t\t\t\t\t\t\t\t\t\t\t\t<\/div>\n\t\t\t\t<\/div>\n\t\t\t\t\t<\/div>\n\t\t\t\t<\/div>\n\t\t\t\t<section class=\"elementor-section elementor-top-section elementor-element elementor-element-708cb2f elementor-section-content-middle elementor-section-height-min-height elementor-section-boxed elementor-section-height-default elementor-section-items-middle\" data-id=\"708cb2f\" data-element_type=\"section\" data-e-type=\"section\" data-settings=\"{&quot;background_background&quot;:&quot;classic&quot;}\">\n\t\t\t\t\t\t<div class=\"elementor-container elementor-column-gap-no\">\n\t\t\t\t\t<div class=\"elementor-column elementor-col-100 elementor-top-column elementor-element elementor-element-b8f37d1\" data-id=\"b8f37d1\" data-element_type=\"column\" data-e-type=\"column\">\n\t\t\t<div class=\"elementor-widget-wrap elementor-element-populated\">\n\t\t\t\t\t\t<div class=\"elementor-element elementor-element-20ed02d elementor-widget elementor-widget-menu-anchor\" data-id=\"20ed02d\" data-element_type=\"widget\" data-e-type=\"widget\" data-widget_type=\"menu-anchor.default\">\n\t\t\t\t\t\t\t<div class=\"elementor-menu-anchor\" id=\"CON\"><\/div>\n\t\t\t\t\t\t<\/div>\n\t\t\t\t<div class=\"elementor-element elementor-element-54eb4d3 elementor-widget elementor-widget-heading\" data-id=\"54eb4d3\" data-element_type=\"widget\" data-e-type=\"widget\" data-widget_type=\"heading.default\">\n\t\t\t\t\t<h2 class=\"elementor-heading-title elementor-size-default\">\u00bfEstas listo para marcar la diferencia? <\/h2>\t\t\t\t<\/div>\n\t\t\t\t<div class=\"elementor-element elementor-element-92ccf8f elementor-widget-tablet__width-inherit elementor-invisible elementor-widget elementor-widget-text-editor\" data-id=\"92ccf8f\" data-element_type=\"widget\" data-e-type=\"widget\" data-settings=\"{&quot;_animation&quot;:&quot;fadeInUp&quot;}\" data-widget_type=\"text-editor.default\">\n\t\t\t\t\t\t\t\t\t<p>Haz que tus productos de limpieza destaquen<\/p>\t\t\t\t\t\t\t\t<\/div>\n\t\t\t\t<div class=\"elementor-element elementor-element-4b4ced1 elementor-button-align-stretch elementor-widget elementor-widget-form\" data-id=\"4b4ced1\" data-element_type=\"widget\" data-e-type=\"widget\" data-settings=\"{&quot;step_next_label&quot;:&quot;Next&quot;,&quot;step_previous_label&quot;:&quot;Previous&quot;,&quot;button_width&quot;:&quot;100&quot;,&quot;step_type&quot;:&quot;number_text&quot;,&quot;step_icon_shape&quot;:&quot;circle&quot;}\" data-widget_type=\"form.default\">\n\t\t\t\t\t\t\t<form class=\"elementor-form\" method=\"post\" name=\"New Form\" aria-label=\"New Form\">\n\t\t\t<input type=\"hidden\" name=\"post_id\" value=\"1648\"\/>\n\t\t\t<input type=\"hidden\" name=\"form_id\" value=\"4b4ced1\"\/>\n\t\t\t<input type=\"hidden\" name=\"referer_title\" value=\"Prueba de despercudido\" \/>\n\n\t\t\t\t\t\t\t<input type=\"hidden\" name=\"queried_id\" value=\"1648\"\/>\n\t\t\t\n\t\t\t<div class=\"elementor-form-fields-wrapper elementor-labels-above\">\n\t\t\t\t\t\t\t\t<div class=\"elementor-field-type-text elementor-field-group elementor-column elementor-field-group-name elementor-col-100\">\n\t\t\t\t\t\t\t\t\t\t\t\t<label for=\"form-field-name\" class=\"elementor-field-label\">\n\t\t\t\t\t\t\t\tNombre \t\t\t\t\t\t\t<\/label>\n\t\t\t\t\t\t\t\t\t\t\t\t\t\t<input size=\"1\" type=\"text\" name=\"form_fields[name]\" id=\"form-field-name\" class=\"elementor-field elementor-size-sm  elementor-field-textual\">\n\t\t\t\t\t\t\t\t\t\t\t<\/div>\n\t\t\t\t\t\t\t\t<div class=\"elementor-field-type-email elementor-field-group elementor-column elementor-field-group-email elementor-col-100 elementor-field-required\">\n\t\t\t\t\t\t\t\t\t\t\t\t<label for=\"form-field-email\" class=\"elementor-field-label\">\n\t\t\t\t\t\t\t\tEmail\t\t\t\t\t\t\t<\/label>\n\t\t\t\t\t\t\t\t\t\t\t\t\t\t<input size=\"1\" type=\"email\" name=\"form_fields[email]\" id=\"form-field-email\" class=\"elementor-field elementor-size-sm  elementor-field-textual\" required=\"required\">\n\t\t\t\t\t\t\t\t\t\t\t<\/div>\n\t\t\t\t\t\t\t\t<div class=\"elementor-field-type-tel elementor-field-group elementor-column elementor-field-group-field_db33311 elementor-col-100 elementor-field-required\">\n\t\t\t\t\t\t\t\t\t\t\t\t<label for=\"form-field-field_db33311\" class=\"elementor-field-label\">\n\t\t\t\t\t\t\t\tTel\u00e9fono \t\t\t\t\t\t\t<\/label>\n\t\t\t\t\t\t\t\t<input size=\"1\" type=\"tel\" name=\"form_fields[field_db33311]\" id=\"form-field-field_db33311\" class=\"elementor-field elementor-size-sm  elementor-field-textual\" required=\"required\" pattern=\"[0-9()#&amp;+*-=.]+\" title=\"Only numbers and phone characters (#, -, *, etc) are accepted.\">\n\n\t\t\t\t\t\t<\/div>\n\t\t\t\t\t\t\t\t<div class=\"elementor-field-type-text elementor-field-group elementor-column elementor-field-group-field_34bf9d2 elementor-col-100 elementor-field-required\">\n\t\t\t\t\t\t\t\t\t\t\t\t<label for=\"form-field-field_34bf9d2\" class=\"elementor-field-label\">\n\t\t\t\t\t\t\t\tEmpresa\t\t\t\t\t\t\t<\/label>\n\t\t\t\t\t\t\t\t\t\t\t\t\t\t<input size=\"1\" type=\"text\" name=\"form_fields[field_34bf9d2]\" id=\"form-field-field_34bf9d2\" class=\"elementor-field elementor-size-sm  elementor-field-textual\" required=\"required\">\n\t\t\t\t\t\t\t\t\t\t\t<\/div>\n\t\t\t\t\t\t\t\t<div class=\"elementor-field-type-text elementor-field-group elementor-column elementor-field-group-field_ae2ddda elementor-col-100 elementor-field-required\">\n\t\t\t\t\t\t\t\t\t\t\t\t<label for=\"form-field-field_ae2ddda\" class=\"elementor-field-label\">\n\t\t\t\t\t\t\t\tNit\t\t\t\t\t\t\t<\/label>\n\t\t\t\t\t\t\t\t\t\t\t\t\t\t<input size=\"1\" type=\"text\" name=\"form_fields[field_ae2ddda]\" id=\"form-field-field_ae2ddda\" class=\"elementor-field elementor-size-sm  elementor-field-textual\" required=\"required\">\n\t\t\t\t\t\t\t\t\t\t\t<\/div>\n\t\t\t\t\t\t\t\t<div class=\"elementor-field-type-select elementor-field-group elementor-column elementor-field-group-field_c752cf5 elementor-col-100 elementor-field-required\">\n\t\t\t\t\t\t\t\t\t\t\t\t<label for=\"form-field-field_c752cf5\" class=\"elementor-field-label\">\n\t\t\t\t\t\t\t\tTipo de Soluci\u00f3n\t\t\t\t\t\t\t<\/label>\n\t\t\t\t\t\t\t\t<div class=\"elementor-field elementor-select-wrapper remove-before \">\n\t\t\t<div class=\"select-caret-down-wrapper\">\n\t\t\t\t<svg aria-hidden=\"true\" class=\"e-font-icon-svg e-eicon-caret-down\" viewBox=\"0 0 571.4 571.4\" xmlns=\"http:\/\/www.w3.org\/2000\/svg\"><path d=\"M571 393Q571 407 561 418L311 668Q300 679 286 679T261 668L11 418Q0 407 0 393T11 368 36 357H536Q550 357 561 368T571 393Z\"><\/path><\/svg>\t\t\t<\/div>\n\t\t\t<select name=\"form_fields[field_c752cf5]\" id=\"form-field-field_c752cf5\" class=\"elementor-field-textual elementor-size-sm\" required=\"required\">\n\t\t\t\t\t\t\t\t\t<option value=\"Prueba de despercudido \">Prueba de despercudido <\/option>\n\t\t\t\t\t\t\t<\/select>\n\t\t<\/div>\n\t\t\t\t\t\t<\/div>\n\t\t\t\t\t\t\t\t<div class=\"elementor-field-type-textarea elementor-field-group elementor-column elementor-field-group-field_ba37464 elementor-col-100 elementor-field-required\">\n\t\t\t\t\t\t\t\t\t\t\t\t<label for=\"form-field-field_ba37464\" class=\"elementor-field-label\">\n\t\t\t\t\t\t\t\tEspecifica tu necesidad\t\t\t\t\t\t\t<\/label>\n\t\t\t\t\t\t<textarea class=\"elementor-field-textual elementor-field  elementor-size-sm\" name=\"form_fields[field_ba37464]\" id=\"form-field-field_ba37464\" rows=\"4\" required=\"required\"><\/textarea>\t\t\t\t<\/div>\n\t\t\t\t\t\t\t\t<div class=\"elementor-field-group elementor-column elementor-field-type-submit elementor-col-100 e-form__buttons\">\n\t\t\t\t\t<button class=\"elementor-button elementor-size-md\" type=\"submit\">\n\t\t\t\t\t\t<span class=\"elementor-button-content-wrapper\">\n\t\t\t\t\t\t\t\t\t\t\t\t\t\t\t\t\t\t\t\t\t\t<span class=\"elementor-button-text\">Enviar Solicitud<\/span>\n\t\t\t\t\t\t\t\t\t\t\t\t\t<\/span>\n\t\t\t\t\t<\/button>\n\t\t\t\t<\/div>\n\t\t\t<\/div>\n\t\t<\/form>\n\t\t\t\t\t\t<\/div>\n\t\t\t\t\t<\/div>\n\t\t<\/div>\n\t\t\t\t\t<\/div>\n\t\t<\/section>\n\t\t\t\t<\/div>\n\t\t","protected":false},"excerpt":{"rendered":"<p>Prueba de despercudido Conoce para qu\u00e9 sirve esta prueba En qu\u00e9 consiste esta prueba Profesionales especializados Cont\u00e1ctanos para mayor informaci\u00f3n Para qu\u00e9 sirve la prueba Realizar pruebas de despercudido, tambi\u00e9n llamada prueba de Antiredeposici\u00f3n,\u00a0 en diferentes formulaciones de detergentes puede ayudar a identificar los ingredientes y las combinaciones de f\u00f3rmulas que funcionan mejor para prevenir [&hellip;]<\/p>\n","protected":false},"author":1,"featured_media":0,"parent":0,"menu_order":0,"comment_status":"closed","ping_status":"closed","template":"elementor_header_footer","meta":{"footnotes":""},"class_list":["post-1648","page","type-page","status-publish","hentry"],"_links":{"self":[{"href":"https:\/\/iespecialidades.com\/demo\/wp-json\/wp\/v2\/pages\/1648","targetHints":{"allow":["GET"]}}],"collection":[{"href":"https:\/\/iespecialidades.com\/demo\/wp-json\/wp\/v2\/pages"}],"about":[{"href":"https:\/\/iespecialidades.com\/demo\/wp-json\/wp\/v2\/types\/page"}],"author":[{"embeddable":true,"href":"https:\/\/iespecialidades.com\/demo\/wp-json\/wp\/v2\/users\/1"}],"replies":[{"embeddable":true,"href":"https:\/\/iespecialidades.com\/demo\/wp-json\/wp\/v2\/comments?post=1648"}],"version-history":[{"count":34,"href":"https:\/\/iespecialidades.com\/demo\/wp-json\/wp\/v2\/pages\/1648\/revisions"}],"predecessor-version":[{"id":2533,"href":"https:\/\/iespecialidades.com\/demo\/wp-json\/wp\/v2\/pages\/1648\/revisions\/2533"}],"wp:attachment":[{"href":"https:\/\/iespecialidades.com\/demo\/wp-json\/wp\/v2\/media?parent=1648"}],"curies":[{"name":"wp","href":"https:\/\/api.w.org\/{rel}","templated":true}]}}