{"id":1707,"date":"2023-05-03T20:13:35","date_gmt":"2023-05-03T20:13:35","guid":{"rendered":"https:\/\/iespecialidades.com\/demo\/?page_id=1707"},"modified":"2023-06-07T21:05:45","modified_gmt":"2023-06-07T21:05:45","slug":"prueba-de-desengrase","status":"publish","type":"page","link":"https:\/\/iespecialidades.com\/demo\/prueba-de-desengrase\/","title":{"rendered":"Prueba de desengrase"},"content":{"rendered":"\t\t<div data-elementor-type=\"wp-page\" data-elementor-id=\"1707\" class=\"elementor elementor-1707\" data-elementor-post-type=\"page\">\n\t\t\t\t<div class=\"elementor-element elementor-element-39b6e84 e-flex e-con-boxed e-con e-parent\" data-id=\"39b6e84\" data-element_type=\"container\" data-e-type=\"container\" data-settings=\"{&quot;background_background&quot;:&quot;classic&quot;}\">\n\t\t\t\t\t<div class=\"e-con-inner\">\n\t\t\t\t<div class=\"elementor-element elementor-element-4343494 elementor-widget elementor-widget-heading\" data-id=\"4343494\" data-element_type=\"widget\" data-e-type=\"widget\" data-widget_type=\"heading.default\">\n\t\t\t\t\t<h1 class=\"elementor-heading-title elementor-size-default\">Prueba de desengrase<\/h1>\t\t\t\t<\/div>\n\t\t\t\t\t<\/div>\n\t\t\t\t<\/div>\n\t\t<div class=\"elementor-element elementor-element-2e39b36 e-flex e-con-boxed e-con e-parent\" data-id=\"2e39b36\" data-element_type=\"container\" data-e-type=\"container\">\n\t\t\t\t\t<div class=\"e-con-inner\">\n\t\t<div class=\"elementor-element elementor-element-2dc3a49 e-con-full e-flex e-con e-parent\" data-id=\"2dc3a49\" data-element_type=\"container\" data-e-type=\"container\">\n\t\t\t\t<div class=\"elementor-element elementor-element-fc7ac5f elementor-align-center elementor-widget elementor-widget-button\" data-id=\"fc7ac5f\" data-element_type=\"widget\" data-e-type=\"widget\" data-widget_type=\"button.default\">\n\t\t\t\t\t\t\t\t\t\t<a class=\"elementor-button elementor-button-link elementor-size-md\" href=\"#PSP\">\n\t\t\t\t\t\t<span class=\"elementor-button-content-wrapper\">\n\t\t\t\t\t\t\t\t\t<span class=\"elementor-button-text\">Conoce para qu\u00e9 sirve esta prueba<\/span>\n\t\t\t\t\t<\/span>\n\t\t\t\t\t<\/a>\n\t\t\t\t\t\t\t\t<\/div>\n\t\t\t\t<\/div>\n\t\t<div class=\"elementor-element elementor-element-1b154b9 e-con-full e-flex e-con e-parent\" data-id=\"1b154b9\" data-element_type=\"container\" data-e-type=\"container\">\n\t\t\t\t<div class=\"elementor-element elementor-element-2926339 elementor-align-center elementor-widget elementor-widget-button\" data-id=\"2926339\" data-element_type=\"widget\" data-e-type=\"widget\" data-widget_type=\"button.default\">\n\t\t\t\t\t\t\t\t\t\t<a class=\"elementor-button elementor-button-link elementor-size-md\" href=\"#ECP\">\n\t\t\t\t\t\t<span class=\"elementor-button-content-wrapper\">\n\t\t\t\t\t\t\t\t\t<span class=\"elementor-button-text\">En qu\u00e9 consiste esta prueba<\/span>\n\t\t\t\t\t<\/span>\n\t\t\t\t\t<\/a>\n\t\t\t\t\t\t\t\t<\/div>\n\t\t\t\t<\/div>\n\t\t<div class=\"elementor-element elementor-element-ea4e2db e-con-full e-flex e-con e-parent\" data-id=\"ea4e2db\" data-element_type=\"container\" data-e-type=\"container\">\n\t\t\t\t<div class=\"elementor-element elementor-element-e732504 elementor-align-right elementor-widget elementor-widget-button\" data-id=\"e732504\" data-element_type=\"widget\" data-e-type=\"widget\" data-widget_type=\"button.default\">\n\t\t\t\t\t\t\t\t\t\t<a class=\"elementor-button elementor-button-link elementor-size-md\" href=\"#QRP\">\n\t\t\t\t\t\t<span class=\"elementor-button-content-wrapper\">\n\t\t\t\t\t\t\t\t\t<span class=\"elementor-button-text\">Profesionales especializados<\/span>\n\t\t\t\t\t<\/span>\n\t\t\t\t\t<\/a>\n\t\t\t\t\t\t\t\t<\/div>\n\t\t\t\t<\/div>\n\t\t<div class=\"elementor-element elementor-element-e1898dd e-con-full e-flex e-con e-parent\" data-id=\"e1898dd\" data-element_type=\"container\" data-e-type=\"container\">\n\t\t\t\t<div class=\"elementor-element elementor-element-9d0bcb3 elementor-align-right elementor-widget elementor-widget-button\" data-id=\"9d0bcb3\" data-element_type=\"widget\" data-e-type=\"widget\" data-widget_type=\"button.default\">\n\t\t\t\t\t\t\t\t\t\t<a class=\"elementor-button elementor-button-link elementor-size-md\" href=\"#CON\">\n\t\t\t\t\t\t<span class=\"elementor-button-content-wrapper\">\n\t\t\t\t\t\t\t\t\t<span class=\"elementor-button-text\">Cont\u00e1ctanos para mayor informaci\u00f3n<\/span>\n\t\t\t\t\t<\/span>\n\t\t\t\t\t<\/a>\n\t\t\t\t\t\t\t\t<\/div>\n\t\t\t\t<\/div>\n\t\t\t\t\t<\/div>\n\t\t\t\t<\/div>\n\t\t<div class=\"elementor-element elementor-element-ea973b8 e-flex e-con-boxed e-con e-parent\" data-id=\"ea973b8\" data-element_type=\"container\" data-e-type=\"container\">\n\t\t\t\t\t<div class=\"e-con-inner\">\n\t\t<div class=\"elementor-element elementor-element-1c0402c e-con-full e-flex e-con e-parent\" data-id=\"1c0402c\" data-element_type=\"container\" data-e-type=\"container\">\n\t\t\t\t<div class=\"elementor-element elementor-element-c109da6 elementor-widget elementor-widget-menu-anchor\" data-id=\"c109da6\" data-element_type=\"widget\" data-e-type=\"widget\" data-widget_type=\"menu-anchor.default\">\n\t\t\t\t\t\t\t<div class=\"elementor-menu-anchor\" id=\"PSP\"><\/div>\n\t\t\t\t\t\t<\/div>\n\t\t\t\t<div class=\"elementor-element elementor-element-c5ae143 elementor-widget elementor-widget-heading\" data-id=\"c5ae143\" data-element_type=\"widget\" data-e-type=\"widget\" data-widget_type=\"heading.default\">\n\t\t\t\t\t<h2 class=\"elementor-heading-title elementor-size-default\">Para qu\u00e9 sirve la prueba<\/h2>\t\t\t\t<\/div>\n\t\t\t\t<div class=\"elementor-element elementor-element-e105fbc elementor-widget elementor-widget-text-editor\" data-id=\"e105fbc\" data-element_type=\"widget\" data-e-type=\"widget\" data-widget_type=\"text-editor.default\">\n\t\t\t\t\t\t\t\t\t<p>Esta prueba mide la capacidad de un producto de limpieza para disolver la grasa y la suciedad. En la prueba, se coloca una cantidad medida del producto de limpieza en una muestra de grasa o suciedad y se agita durante un per\u00edodo de tiempo determinado. Luego se mide la cantidad de grasa o suciedad que se ha disuelto y se compara con los resultados de otras pruebas.<\/p><p>Esta prueba es importante porque la mayor\u00eda de los productos de limpieza est\u00e1n dise\u00f1ados para disolver la grasa y la suciedad en diferentes superficies. La capacidad de un producto para hacer esto es cr\u00edtica para su eficacia y para garantizar que la superficie a limpiar se limpie completamente. Adem\u00e1s, la prueba de desengrase puede ayudar a determinar si el producto es seguro para su uso en una variedad de superficies y materiales.<\/p>\t\t\t\t\t\t\t\t<\/div>\n\t\t\t\t<\/div>\n\t\t<div class=\"elementor-element elementor-element-4ea232d e-con-full e-flex e-con e-parent\" data-id=\"4ea232d\" data-element_type=\"container\" data-e-type=\"container\">\n\t\t\t\t<div class=\"elementor-element elementor-element-563c467 elementor-widget elementor-widget-image\" data-id=\"563c467\" data-element_type=\"widget\" data-e-type=\"widget\" data-widget_type=\"image.default\">\n\t\t\t\t\t\t\t\t\t\t\t\t\t\t\t<img fetchpriority=\"high\" decoding=\"async\" width=\"800\" height=\"450\" src=\"https:\/\/iespecialidades.com\/demo\/wp-content\/uploads\/2023\/05\/PRUEBA-DE-DESENGRASE-1.png\" class=\"attachment-large size-large wp-image-1715\" alt=\"\" srcset=\"https:\/\/iespecialidades.com\/demo\/wp-content\/uploads\/2023\/05\/PRUEBA-DE-DESENGRASE-1.png 1024w, https:\/\/iespecialidades.com\/demo\/wp-content\/uploads\/2023\/05\/PRUEBA-DE-DESENGRASE-1-300x169.png 300w, https:\/\/iespecialidades.com\/demo\/wp-content\/uploads\/2023\/05\/PRUEBA-DE-DESENGRASE-1-768x432.png 768w\" sizes=\"(max-width: 800px) 100vw, 800px\" \/>\t\t\t\t\t\t\t\t\t\t\t\t\t\t\t<\/div>\n\t\t\t\t<\/div>\n\t\t\t\t\t<\/div>\n\t\t\t\t<\/div>\n\t\t<div class=\"elementor-element elementor-element-a33cc4f elementor-hidden-desktop elementor-hidden-tablet e-flex e-con-boxed e-con e-parent\" data-id=\"a33cc4f\" data-element_type=\"container\" data-e-type=\"container\">\n\t\t\t\t\t<div class=\"e-con-inner\">\n\t\t<div class=\"elementor-element elementor-element-d7af164 e-con-full e-flex e-con e-parent\" data-id=\"d7af164\" data-element_type=\"container\" data-e-type=\"container\">\n\t\t\t\t<div class=\"elementor-element elementor-element-c7a426f elementor-widget elementor-widget-menu-anchor\" data-id=\"c7a426f\" data-element_type=\"widget\" data-e-type=\"widget\" data-widget_type=\"menu-anchor.default\">\n\t\t\t\t\t\t\t<div class=\"elementor-menu-anchor\" id=\"ECP\"><\/div>\n\t\t\t\t\t\t<\/div>\n\t\t\t\t<div class=\"elementor-element elementor-element-6d07e4f elementor-widget elementor-widget-heading\" data-id=\"6d07e4f\" data-element_type=\"widget\" data-e-type=\"widget\" data-widget_type=\"heading.default\">\n\t\t\t\t\t<h3 class=\"elementor-heading-title elementor-size-default\">En qu\u00e9 consiste la prueba<\/h3>\t\t\t\t<\/div>\n\t\t\t\t<div class=\"elementor-element elementor-element-907b347 elementor-widget elementor-widget-text-editor\" data-id=\"907b347\" data-element_type=\"widget\" data-e-type=\"widget\" data-widget_type=\"text-editor.default\">\n\t\t\t\t\t\t\t\t\t<p>Se aplica una muestra de grasa o suciedad sobre una superficie y se expone al producto de limpieza por un tiempo determinado. La cantidad de grasa o suciedad disuelta se eval\u00faa para determinar la eficacia del producto. La prueba es cr\u00edtica para garantizar la eficacia del producto y la limpieza completa de la superficie.<\/p><p>Se utilizan diferentes sustancias grasas y sucias en superficies de metal o pl\u00e1stico, y se eval\u00faa la cantidad de grasa o suciedad disuelta. Es una herramienta valiosa para evaluar la calidad y eficacia de los productos de limpieza en el laboratorio, lo que ayuda a los fabricantes a cumplir con los requisitos para su uso seguro y efectivo en una variedad de aplicaciones.<\/p>\t\t\t\t\t\t\t\t<\/div>\n\t\t\t\t<\/div>\n\t\t<div class=\"elementor-element elementor-element-98b17b6 e-con-full e-flex e-con e-parent\" data-id=\"98b17b6\" data-element_type=\"container\" data-e-type=\"container\">\n\t\t\t\t<div class=\"elementor-element elementor-element-6827fca elementor-widget elementor-widget-image\" data-id=\"6827fca\" data-element_type=\"widget\" data-e-type=\"widget\" data-widget_type=\"image.default\">\n\t\t\t\t\t\t\t\t\t\t\t\t\t\t\t<img decoding=\"async\" width=\"800\" height=\"450\" src=\"https:\/\/iespecialidades.com\/demo\/wp-content\/uploads\/2023\/05\/PRUEBA-DE-DESPERCUDIDO-1.png\" class=\"attachment-large size-large wp-image-1713\" alt=\"\" srcset=\"https:\/\/iespecialidades.com\/demo\/wp-content\/uploads\/2023\/05\/PRUEBA-DE-DESPERCUDIDO-1.png 1024w, https:\/\/iespecialidades.com\/demo\/wp-content\/uploads\/2023\/05\/PRUEBA-DE-DESPERCUDIDO-1-300x169.png 300w, https:\/\/iespecialidades.com\/demo\/wp-content\/uploads\/2023\/05\/PRUEBA-DE-DESPERCUDIDO-1-768x432.png 768w\" sizes=\"(max-width: 800px) 100vw, 800px\" \/>\t\t\t\t\t\t\t\t\t\t\t\t\t\t\t<\/div>\n\t\t\t\t<\/div>\n\t\t\t\t\t<\/div>\n\t\t\t\t<\/div>\n\t\t<div class=\"elementor-element elementor-element-3c2d4cd elementor-hidden-mobile e-flex e-con-boxed e-con e-parent\" data-id=\"3c2d4cd\" data-element_type=\"container\" data-e-type=\"container\">\n\t\t\t\t\t<div class=\"e-con-inner\">\n\t\t<div class=\"elementor-element elementor-element-9f7a3b1 e-con-full e-flex e-con e-parent\" data-id=\"9f7a3b1\" data-element_type=\"container\" data-e-type=\"container\">\n\t\t\t\t<div class=\"elementor-element elementor-element-1bb9bf7 elementor-widget elementor-widget-image\" data-id=\"1bb9bf7\" data-element_type=\"widget\" data-e-type=\"widget\" data-widget_type=\"image.default\">\n\t\t\t\t\t\t\t\t\t\t\t\t\t\t\t<img decoding=\"async\" width=\"800\" height=\"450\" src=\"https:\/\/iespecialidades.com\/demo\/wp-content\/uploads\/2023\/05\/PRUEBA-DE-DESPERCUDIDO-1.png\" class=\"attachment-large size-large wp-image-1713\" alt=\"\" srcset=\"https:\/\/iespecialidades.com\/demo\/wp-content\/uploads\/2023\/05\/PRUEBA-DE-DESPERCUDIDO-1.png 1024w, https:\/\/iespecialidades.com\/demo\/wp-content\/uploads\/2023\/05\/PRUEBA-DE-DESPERCUDIDO-1-300x169.png 300w, https:\/\/iespecialidades.com\/demo\/wp-content\/uploads\/2023\/05\/PRUEBA-DE-DESPERCUDIDO-1-768x432.png 768w\" sizes=\"(max-width: 800px) 100vw, 800px\" \/>\t\t\t\t\t\t\t\t\t\t\t\t\t\t\t<\/div>\n\t\t\t\t<\/div>\n\t\t<div class=\"elementor-element elementor-element-d97316b e-con-full e-flex e-con e-parent\" data-id=\"d97316b\" data-element_type=\"container\" data-e-type=\"container\">\n\t\t\t\t<div class=\"elementor-element elementor-element-101cc5a elementor-widget elementor-widget-menu-anchor\" data-id=\"101cc5a\" data-element_type=\"widget\" data-e-type=\"widget\" data-widget_type=\"menu-anchor.default\">\n\t\t\t\t\t\t\t<div class=\"elementor-menu-anchor\" id=\"ECP\"><\/div>\n\t\t\t\t\t\t<\/div>\n\t\t\t\t<div class=\"elementor-element elementor-element-22a619d elementor-widget elementor-widget-heading\" data-id=\"22a619d\" data-element_type=\"widget\" data-e-type=\"widget\" data-widget_type=\"heading.default\">\n\t\t\t\t\t<h3 class=\"elementor-heading-title elementor-size-default\">En qu\u00e9 consiste la prueba<\/h3>\t\t\t\t<\/div>\n\t\t\t\t<div class=\"elementor-element elementor-element-61e6aca elementor-widget elementor-widget-text-editor\" data-id=\"61e6aca\" data-element_type=\"widget\" data-e-type=\"widget\" data-widget_type=\"text-editor.default\">\n\t\t\t\t\t\t\t\t\t<p>Se aplica una muestra de grasa o suciedad sobre una superficie y se expone al producto de limpieza por un tiempo determinado. La cantidad de grasa o suciedad disuelta se eval\u00faa para determinar la eficacia del producto. La prueba es cr\u00edtica para garantizar la eficacia del producto y la limpieza completa de la superficie.<\/p><p>Se utilizan diferentes sustancias grasas y sucias en superficies de metal o pl\u00e1stico, y se eval\u00faa la cantidad de grasa o suciedad disuelta. Es una herramienta valiosa para evaluar la calidad y eficacia de los productos de limpieza en el laboratorio, lo que ayuda a los fabricantes a cumplir con los requisitos para su uso seguro y efectivo en una variedad de aplicaciones.<\/p>\t\t\t\t\t\t\t\t<\/div>\n\t\t\t\t<\/div>\n\t\t\t\t\t<\/div>\n\t\t\t\t<\/div>\n\t\t<div class=\"elementor-element elementor-element-c20adcb e-flex e-con-boxed e-con e-parent\" data-id=\"c20adcb\" data-element_type=\"container\" data-e-type=\"container\">\n\t\t\t\t\t<div class=\"e-con-inner\">\n\t\t<div class=\"elementor-element elementor-element-0c72863 e-con-full e-flex e-con e-parent\" data-id=\"0c72863\" data-element_type=\"container\" data-e-type=\"container\">\n\t\t\t\t<div class=\"elementor-element elementor-element-3c8279e elementor-widget elementor-widget-menu-anchor\" data-id=\"3c8279e\" data-element_type=\"widget\" data-e-type=\"widget\" data-widget_type=\"menu-anchor.default\">\n\t\t\t\t\t\t\t<div class=\"elementor-menu-anchor\" id=\"QRP\"><\/div>\n\t\t\t\t\t\t<\/div>\n\t\t\t\t<div class=\"elementor-element elementor-element-70f72e8 elementor-widget elementor-widget-heading\" data-id=\"70f72e8\" data-element_type=\"widget\" data-e-type=\"widget\" data-widget_type=\"heading.default\">\n\t\t\t\t\t<h4 class=\"elementor-heading-title elementor-size-default\">Profesionales especializados <\/h4>\t\t\t\t<\/div>\n\t\t\t\t<div class=\"elementor-element elementor-element-d18b493 elementor-widget elementor-widget-text-editor\" data-id=\"d18b493\" data-element_type=\"widget\" data-e-type=\"widget\" data-widget_type=\"text-editor.default\">\n\t\t\t\t\t\t\t\t\t<p>Conf\u00eda en nuestro equipo de profesionales especializados\u00a0 para llevar a cabo la prueba que necesitas. Ellos tienen una amplia experiencia en el manejo de equipos de \u00faltima tecnolog\u00eda y en los procedimientos necesarios para garantizar resultados precisos y confiables.<\/p><p>Gracias a su formaci\u00f3n y conocimientos, podr\u00e1s estar seguro de que tu prueba ser\u00e1 llevada a cabo con los m\u00e1s altos est\u00e1ndares de calidad y profesionalismo. No dudes en dejar este importante trabajo en manos de nuestros expertos qu\u00edmicos<\/p>\t\t\t\t\t\t\t\t<\/div>\n\t\t\t\t<\/div>\n\t\t<div class=\"elementor-element elementor-element-35d1e32 e-con-full e-flex e-con e-parent\" data-id=\"35d1e32\" data-element_type=\"container\" data-e-type=\"container\">\n\t\t\t\t<div class=\"elementor-element elementor-element-a84e049 elementor-widget elementor-widget-image\" data-id=\"a84e049\" data-element_type=\"widget\" data-e-type=\"widget\" data-widget_type=\"image.default\">\n\t\t\t\t\t\t\t\t\t\t\t\t\t\t\t<img decoding=\"async\" width=\"1024\" height=\"576\" src=\"https:\/\/iespecialidades.com\/demo\/wp-content\/uploads\/2023\/05\/Diseno-sin-titulo-40.png\" class=\"attachment-full size-full wp-image-1671\" alt=\"\" srcset=\"https:\/\/iespecialidades.com\/demo\/wp-content\/uploads\/2023\/05\/Diseno-sin-titulo-40.png 1024w, https:\/\/iespecialidades.com\/demo\/wp-content\/uploads\/2023\/05\/Diseno-sin-titulo-40-300x169.png 300w, https:\/\/iespecialidades.com\/demo\/wp-content\/uploads\/2023\/05\/Diseno-sin-titulo-40-768x432.png 768w\" sizes=\"(max-width: 1024px) 100vw, 1024px\" \/>\t\t\t\t\t\t\t\t\t\t\t\t\t\t\t<\/div>\n\t\t\t\t<\/div>\n\t\t\t\t\t<\/div>\n\t\t\t\t<\/div>\n\t\t\t\t<section class=\"elementor-section elementor-top-section elementor-element elementor-element-24145b9 elementor-section-content-middle elementor-section-height-min-height elementor-section-boxed elementor-section-height-default elementor-section-items-middle\" data-id=\"24145b9\" data-element_type=\"section\" data-e-type=\"section\" data-settings=\"{&quot;background_background&quot;:&quot;classic&quot;}\">\n\t\t\t\t\t\t<div class=\"elementor-container elementor-column-gap-no\">\n\t\t\t\t\t<div class=\"elementor-column elementor-col-100 elementor-top-column elementor-element elementor-element-9fa00f0\" data-id=\"9fa00f0\" data-element_type=\"column\" data-e-type=\"column\">\n\t\t\t<div class=\"elementor-widget-wrap elementor-element-populated\">\n\t\t\t\t\t\t<div class=\"elementor-element elementor-element-e31f7cb elementor-widget elementor-widget-menu-anchor\" data-id=\"e31f7cb\" data-element_type=\"widget\" data-e-type=\"widget\" data-widget_type=\"menu-anchor.default\">\n\t\t\t\t\t\t\t<div class=\"elementor-menu-anchor\" id=\"CON\"><\/div>\n\t\t\t\t\t\t<\/div>\n\t\t\t\t<div class=\"elementor-element elementor-element-8b5c9fe elementor-widget elementor-widget-heading\" data-id=\"8b5c9fe\" data-element_type=\"widget\" data-e-type=\"widget\" data-widget_type=\"heading.default\">\n\t\t\t\t\t<h2 class=\"elementor-heading-title elementor-size-default\">\u00bfEstas listo para marcar la diferencia? <\/h2>\t\t\t\t<\/div>\n\t\t\t\t<div class=\"elementor-element elementor-element-7a6e342 elementor-widget-tablet__width-inherit elementor-invisible elementor-widget elementor-widget-text-editor\" data-id=\"7a6e342\" data-element_type=\"widget\" data-e-type=\"widget\" data-settings=\"{&quot;_animation&quot;:&quot;fadeInUp&quot;}\" data-widget_type=\"text-editor.default\">\n\t\t\t\t\t\t\t\t\t<p>Haz que tus productos de limpieza destaquen<\/p>\t\t\t\t\t\t\t\t<\/div>\n\t\t\t\t<div class=\"elementor-element elementor-element-3b8d379 elementor-button-align-stretch elementor-widget elementor-widget-form\" data-id=\"3b8d379\" data-element_type=\"widget\" data-e-type=\"widget\" data-settings=\"{&quot;step_next_label&quot;:&quot;Next&quot;,&quot;step_previous_label&quot;:&quot;Previous&quot;,&quot;button_width&quot;:&quot;100&quot;,&quot;step_type&quot;:&quot;number_text&quot;,&quot;step_icon_shape&quot;:&quot;circle&quot;}\" data-widget_type=\"form.default\">\n\t\t\t\t\t\t\t<form class=\"elementor-form\" method=\"post\" name=\"New Form\" aria-label=\"New Form\">\n\t\t\t<input type=\"hidden\" name=\"post_id\" value=\"1707\"\/>\n\t\t\t<input type=\"hidden\" name=\"form_id\" value=\"3b8d379\"\/>\n\t\t\t<input type=\"hidden\" name=\"referer_title\" value=\"Prueba de desengrase\" \/>\n\n\t\t\t\t\t\t\t<input type=\"hidden\" name=\"queried_id\" value=\"1707\"\/>\n\t\t\t\n\t\t\t<div class=\"elementor-form-fields-wrapper elementor-labels-above\">\n\t\t\t\t\t\t\t\t<div class=\"elementor-field-type-text elementor-field-group elementor-column elementor-field-group-name elementor-col-100\">\n\t\t\t\t\t\t\t\t\t\t\t\t<label for=\"form-field-name\" class=\"elementor-field-label\">\n\t\t\t\t\t\t\t\tNombre \t\t\t\t\t\t\t<\/label>\n\t\t\t\t\t\t\t\t\t\t\t\t\t\t<input size=\"1\" type=\"text\" name=\"form_fields[name]\" id=\"form-field-name\" class=\"elementor-field elementor-size-sm  elementor-field-textual\">\n\t\t\t\t\t\t\t\t\t\t\t<\/div>\n\t\t\t\t\t\t\t\t<div class=\"elementor-field-type-email elementor-field-group elementor-column elementor-field-group-email elementor-col-100 elementor-field-required\">\n\t\t\t\t\t\t\t\t\t\t\t\t<label for=\"form-field-email\" class=\"elementor-field-label\">\n\t\t\t\t\t\t\t\tEmail\t\t\t\t\t\t\t<\/label>\n\t\t\t\t\t\t\t\t\t\t\t\t\t\t<input size=\"1\" type=\"email\" name=\"form_fields[email]\" id=\"form-field-email\" class=\"elementor-field elementor-size-sm  elementor-field-textual\" required=\"required\">\n\t\t\t\t\t\t\t\t\t\t\t<\/div>\n\t\t\t\t\t\t\t\t<div class=\"elementor-field-type-tel elementor-field-group elementor-column elementor-field-group-field_db33311 elementor-col-100 elementor-field-required\">\n\t\t\t\t\t\t\t\t\t\t\t\t<label for=\"form-field-field_db33311\" class=\"elementor-field-label\">\n\t\t\t\t\t\t\t\tTel\u00e9fono \t\t\t\t\t\t\t<\/label>\n\t\t\t\t\t\t\t\t<input size=\"1\" type=\"tel\" name=\"form_fields[field_db33311]\" id=\"form-field-field_db33311\" class=\"elementor-field elementor-size-sm  elementor-field-textual\" required=\"required\" pattern=\"[0-9()#&amp;+*-=.]+\" title=\"Only numbers and phone characters (#, -, *, etc) are accepted.\">\n\n\t\t\t\t\t\t<\/div>\n\t\t\t\t\t\t\t\t<div class=\"elementor-field-type-text elementor-field-group elementor-column elementor-field-group-field_34bf9d2 elementor-col-100 elementor-field-required\">\n\t\t\t\t\t\t\t\t\t\t\t\t<label for=\"form-field-field_34bf9d2\" class=\"elementor-field-label\">\n\t\t\t\t\t\t\t\tEmpresa\t\t\t\t\t\t\t<\/label>\n\t\t\t\t\t\t\t\t\t\t\t\t\t\t<input size=\"1\" type=\"text\" name=\"form_fields[field_34bf9d2]\" id=\"form-field-field_34bf9d2\" class=\"elementor-field elementor-size-sm  elementor-field-textual\" required=\"required\">\n\t\t\t\t\t\t\t\t\t\t\t<\/div>\n\t\t\t\t\t\t\t\t<div class=\"elementor-field-type-text elementor-field-group elementor-column elementor-field-group-field_ae2ddda elementor-col-100 elementor-field-required\">\n\t\t\t\t\t\t\t\t\t\t\t\t<label for=\"form-field-field_ae2ddda\" class=\"elementor-field-label\">\n\t\t\t\t\t\t\t\tNit\t\t\t\t\t\t\t<\/label>\n\t\t\t\t\t\t\t\t\t\t\t\t\t\t<input size=\"1\" type=\"text\" name=\"form_fields[field_ae2ddda]\" id=\"form-field-field_ae2ddda\" class=\"elementor-field elementor-size-sm  elementor-field-textual\" required=\"required\">\n\t\t\t\t\t\t\t\t\t\t\t<\/div>\n\t\t\t\t\t\t\t\t<div class=\"elementor-field-type-select elementor-field-group elementor-column elementor-field-group-field_c752cf5 elementor-col-100 elementor-field-required\">\n\t\t\t\t\t\t\t\t\t\t\t\t<label for=\"form-field-field_c752cf5\" class=\"elementor-field-label\">\n\t\t\t\t\t\t\t\tTipo de Soluci\u00f3n\t\t\t\t\t\t\t<\/label>\n\t\t\t\t\t\t\t\t<div class=\"elementor-field elementor-select-wrapper remove-before \">\n\t\t\t<div class=\"select-caret-down-wrapper\">\n\t\t\t\t<svg aria-hidden=\"true\" class=\"e-font-icon-svg e-eicon-caret-down\" viewBox=\"0 0 571.4 571.4\" xmlns=\"http:\/\/www.w3.org\/2000\/svg\"><path d=\"M571 393Q571 407 561 418L311 668Q300 679 286 679T261 668L11 418Q0 407 0 393T11 368 36 357H536Q550 357 561 368T571 393Z\"><\/path><\/svg>\t\t\t<\/div>\n\t\t\t<select name=\"form_fields[field_c752cf5]\" id=\"form-field-field_c752cf5\" class=\"elementor-field-textual elementor-size-sm\" required=\"required\">\n\t\t\t\t\t\t\t\t\t<option value=\"Prueba de desengrase\">Prueba de desengrase<\/option>\n\t\t\t\t\t\t\t<\/select>\n\t\t<\/div>\n\t\t\t\t\t\t<\/div>\n\t\t\t\t\t\t\t\t<div class=\"elementor-field-type-textarea elementor-field-group elementor-column elementor-field-group-field_ba37464 elementor-col-100 elementor-field-required\">\n\t\t\t\t\t\t\t\t\t\t\t\t<label for=\"form-field-field_ba37464\" class=\"elementor-field-label\">\n\t\t\t\t\t\t\t\tEspecifica tu necesidad\t\t\t\t\t\t\t<\/label>\n\t\t\t\t\t\t<textarea class=\"elementor-field-textual elementor-field  elementor-size-sm\" name=\"form_fields[field_ba37464]\" id=\"form-field-field_ba37464\" rows=\"4\" required=\"required\"><\/textarea>\t\t\t\t<\/div>\n\t\t\t\t\t\t\t\t<div class=\"elementor-field-group elementor-column elementor-field-type-submit elementor-col-100 e-form__buttons\">\n\t\t\t\t\t<button class=\"elementor-button elementor-size-md\" type=\"submit\">\n\t\t\t\t\t\t<span class=\"elementor-button-content-wrapper\">\n\t\t\t\t\t\t\t\t\t\t\t\t\t\t\t\t\t\t\t\t\t\t<span class=\"elementor-button-text\">Enviar Solicitud<\/span>\n\t\t\t\t\t\t\t\t\t\t\t\t\t<\/span>\n\t\t\t\t\t<\/button>\n\t\t\t\t<\/div>\n\t\t\t<\/div>\n\t\t<\/form>\n\t\t\t\t\t\t<\/div>\n\t\t\t\t\t<\/div>\n\t\t<\/div>\n\t\t\t\t\t<\/div>\n\t\t<\/section>\n\t\t\t\t<\/div>\n\t\t","protected":false},"excerpt":{"rendered":"<p>Prueba de desengrase Conoce para qu\u00e9 sirve esta prueba En qu\u00e9 consiste esta prueba Profesionales especializados Cont\u00e1ctanos para mayor informaci\u00f3n Para qu\u00e9 sirve la prueba Esta prueba mide la capacidad de un producto de limpieza para disolver la grasa y la suciedad. En la prueba, se coloca una cantidad medida del producto de limpieza en [&hellip;]<\/p>\n","protected":false},"author":1,"featured_media":0,"parent":0,"menu_order":0,"comment_status":"closed","ping_status":"closed","template":"elementor_header_footer","meta":{"footnotes":""},"class_list":["post-1707","page","type-page","status-publish","hentry"],"_links":{"self":[{"href":"https:\/\/iespecialidades.com\/demo\/wp-json\/wp\/v2\/pages\/1707","targetHints":{"allow":["GET"]}}],"collection":[{"href":"https:\/\/iespecialidades.com\/demo\/wp-json\/wp\/v2\/pages"}],"about":[{"href":"https:\/\/iespecialidades.com\/demo\/wp-json\/wp\/v2\/types\/page"}],"author":[{"embeddable":true,"href":"https:\/\/iespecialidades.com\/demo\/wp-json\/wp\/v2\/users\/1"}],"replies":[{"embeddable":true,"href":"https:\/\/iespecialidades.com\/demo\/wp-json\/wp\/v2\/comments?post=1707"}],"version-history":[{"count":22,"href":"https:\/\/iespecialidades.com\/demo\/wp-json\/wp\/v2\/pages\/1707\/revisions"}],"predecessor-version":[{"id":2549,"href":"https:\/\/iespecialidades.com\/demo\/wp-json\/wp\/v2\/pages\/1707\/revisions\/2549"}],"wp:attachment":[{"href":"https:\/\/iespecialidades.com\/demo\/wp-json\/wp\/v2\/media?parent=1707"}],"curies":[{"name":"wp","href":"https:\/\/api.w.org\/{rel}","templated":true}]}}