{"id":1781,"date":"2023-05-04T13:38:39","date_gmt":"2023-05-04T13:38:39","guid":{"rendered":"https:\/\/iespecialidades.com\/demo\/?page_id=1781"},"modified":"2023-07-04T16:55:56","modified_gmt":"2023-07-04T16:55:56","slug":"sostenibilidad","status":"publish","type":"page","link":"https:\/\/iespecialidades.com\/demo\/sostenibilidad\/","title":{"rendered":"Sostenibilidad"},"content":{"rendered":"\t\t<div data-elementor-type=\"wp-page\" data-elementor-id=\"1781\" class=\"elementor elementor-1781\" data-elementor-post-type=\"page\">\n\t\t\t\t<div class=\"elementor-element elementor-element-2082aa9 e-flex e-con-boxed e-con e-parent\" data-id=\"2082aa9\" data-element_type=\"container\" data-e-type=\"container\" data-settings=\"{&quot;background_background&quot;:&quot;video&quot;,&quot;background_video_link&quot;:&quot;https:\\\/\\\/www.youtube.com\\\/watch?v=ApJ4zNNV9as&amp;feature=youtu.be&quot;,&quot;background_play_on_mobile&quot;:&quot;yes&quot;}\">\n\t\t\t\t\t<div class=\"e-con-inner\">\n\t\t<div class=\"elementor-background-video-container\">\n\t\t\t\t\t\t\t<div class=\"elementor-background-video-embed\" role=\"presentation\"><\/div>\n\t\t\t\t\t\t<\/div>\t\t<div class=\"elementor-element elementor-element-882f927 elementor-widget elementor-widget-spacer\" data-id=\"882f927\" data-element_type=\"widget\" data-e-type=\"widget\" data-widget_type=\"spacer.default\">\n\t\t\t\t\t\t\t<div class=\"elementor-spacer\">\n\t\t\t<div class=\"elementor-spacer-inner\"><\/div>\n\t\t<\/div>\n\t\t\t\t\t\t<\/div>\n\t\t\t\t<div class=\"elementor-element elementor-element-5b58134 elementor-widget elementor-widget-heading\" data-id=\"5b58134\" data-element_type=\"widget\" data-e-type=\"widget\" data-widget_type=\"heading.default\">\n\t\t\t\t\t<h1 class=\"elementor-heading-title elementor-size-default\">Sostenibilidad <\/h1>\t\t\t\t<\/div>\n\t\t\t\t<div class=\"elementor-element elementor-element-9ed533c elementor-widget elementor-widget-text-editor\" data-id=\"9ed533c\" data-element_type=\"widget\" data-e-type=\"widget\" data-widget_type=\"text-editor.default\">\n\t\t\t\t\t\t\t\t\t<p>Nuestra forma de hacer negocios responsablemente<\/p>\t\t\t\t\t\t\t\t<\/div>\n\t\t\t\t\t<\/div>\n\t\t\t\t<\/div>\n\t\t<div class=\"elementor-element elementor-element-4c89cab e-flex e-con-boxed e-con e-parent\" data-id=\"4c89cab\" data-element_type=\"container\" data-e-type=\"container\">\n\t\t\t\t\t<div class=\"e-con-inner\">\n\t\t\t\t<div class=\"elementor-element elementor-element-aa2e82f elementor-widget elementor-widget-text-editor\" data-id=\"aa2e82f\" data-element_type=\"widget\" data-e-type=\"widget\" data-widget_type=\"text-editor.default\">\n\t\t\t\t\t\t\t\t\t<p><span style=\"font-weight: 400;\">La sostenibilidad es un tema crucial en nuestra sociedad actual. Es esencial que todos hagamos nuestra parte para proteger el medio ambiente y crear un futuro m\u00e1s sostenible para las generaciones venideras. En Ingtec Especialidades, estamos comprometidos con este objetivo y trabajamos incansablemente para promover la sostenibilidad en todo lo que hacemos.<\/span><\/p><p><span style=\"font-weight: 400;\">Nuestra misi\u00f3n es crear soluciones innovadoras y sostenibles para algunos de los desaf\u00edos m\u00e1s urgentes de nuestro tiempo. Desde la producci\u00f3n de alimentos hasta la eliminaci\u00f3n de residuos, nuestras soluciones ayudan a reducir el impacto ambiental y mejorar la calidad de vida en todo el mundo.<\/span><\/p><p><span style=\"font-weight: 400;\">Pero no podemos hacerlo solos. Necesitamos que personas como t\u00fa se unan a nosotros en este esfuerzo. Juntos, podemos crear un mundo m\u00e1s sostenible y justo para todos. <\/span><span style=\"font-weight: 400;\">\u00danete a nosotros en nuestro compromiso con la sostenibilidad y hagamos juntos del mundo un lugar mejor.\u00a0<\/span><\/p>\t\t\t\t\t\t\t\t<\/div>\n\t\t\t\t\t<\/div>\n\t\t\t\t<\/div>\n\t\t\t\t<section class=\"elementor-section elementor-top-section elementor-element elementor-element-ebb8b81 elementor-section-boxed elementor-section-height-default elementor-section-height-default\" data-id=\"ebb8b81\" data-element_type=\"section\" data-e-type=\"section\">\n\t\t\t\t\t\t<div class=\"elementor-container elementor-column-gap-default\">\n\t\t\t\t\t<div class=\"elementor-column elementor-col-100 elementor-top-column elementor-element elementor-element-fc14695\" data-id=\"fc14695\" data-element_type=\"column\" data-e-type=\"column\">\n\t\t\t<div class=\"elementor-widget-wrap elementor-element-populated\">\n\t\t\t\t\t\t<section class=\"elementor-section elementor-inner-section elementor-element elementor-element-8167e5e elementor-section-boxed elementor-section-height-default elementor-section-height-default\" data-id=\"8167e5e\" data-element_type=\"section\" data-e-type=\"section\">\n\t\t\t\t\t\t<div class=\"elementor-container elementor-column-gap-default\">\n\t\t\t\t\t<div class=\"elementor-column elementor-col-33 elementor-inner-column elementor-element elementor-element-6862c42 elementor-invisible\" data-id=\"6862c42\" data-element_type=\"column\" data-e-type=\"column\" data-settings=\"{&quot;background_background&quot;:&quot;classic&quot;,&quot;motion_fx_motion_fx_scrolling&quot;:&quot;yes&quot;,&quot;motion_fx_scale_effect&quot;:&quot;yes&quot;,&quot;motion_fx_scale_direction&quot;:&quot;in-out-in&quot;,&quot;motion_fx_scale_speed&quot;:{&quot;unit&quot;:&quot;px&quot;,&quot;size&quot;:2,&quot;sizes&quot;:[]},&quot;motion_fx_range&quot;:&quot;viewport&quot;,&quot;animation&quot;:&quot;fadeIn&quot;,&quot;motion_fx_scale_range&quot;:{&quot;unit&quot;:&quot;%&quot;,&quot;size&quot;:&quot;&quot;,&quot;sizes&quot;:{&quot;start&quot;:20,&quot;end&quot;:80}},&quot;motion_fx_devices&quot;:[&quot;desktop&quot;,&quot;tablet&quot;,&quot;mobile&quot;]}\">\n\t\t\t<div class=\"elementor-widget-wrap elementor-element-populated\">\n\t\t\t\t\t\t<div class=\"elementor-element elementor-element-d300cc7 elementor-widget elementor-widget-image\" data-id=\"d300cc7\" data-element_type=\"widget\" data-e-type=\"widget\" data-settings=\"{&quot;_animation&quot;:&quot;none&quot;,&quot;_animation_delay&quot;:800}\" data-widget_type=\"image.default\">\n\t\t\t\t\t\t\t\t\t\t\t\t\t\t\t\t<a href=\"https:\/\/iespecialidades.com\/demo\/por-que-trabajamos-en-sostenibilidad\/\">\n\t\t\t\t\t\t\t<img fetchpriority=\"high\" decoding=\"async\" width=\"800\" height=\"800\" src=\"https:\/\/iespecialidades.com\/demo\/wp-content\/uploads\/2023\/05\/1-1024x1024.png\" class=\"elementor-animation-grow attachment-large size-large wp-image-1796\" alt=\"\" srcset=\"https:\/\/iespecialidades.com\/demo\/wp-content\/uploads\/2023\/05\/1-1024x1024.png 1024w, https:\/\/iespecialidades.com\/demo\/wp-content\/uploads\/2023\/05\/1-300x300.png 300w, https:\/\/iespecialidades.com\/demo\/wp-content\/uploads\/2023\/05\/1-150x150.png 150w, https:\/\/iespecialidades.com\/demo\/wp-content\/uploads\/2023\/05\/1-768x768.png 768w, https:\/\/iespecialidades.com\/demo\/wp-content\/uploads\/2023\/05\/1.png 1080w\" sizes=\"(max-width: 800px) 100vw, 800px\" \/>\t\t\t\t\t\t\t\t<\/a>\n\t\t\t\t\t\t\t\t\t\t\t\t\t\t\t<\/div>\n\t\t\t\t\t<\/div>\n\t\t<\/div>\n\t\t\t\t<div class=\"elementor-column elementor-col-33 elementor-inner-column elementor-element elementor-element-59e21bc\" data-id=\"59e21bc\" data-element_type=\"column\" data-e-type=\"column\" data-settings=\"{&quot;background_background&quot;:&quot;classic&quot;}\">\n\t\t\t<div class=\"elementor-widget-wrap elementor-element-populated\">\n\t\t\t\t\t\t<div class=\"elementor-element elementor-element-07e1331 elementor-widget elementor-widget-image\" data-id=\"07e1331\" data-element_type=\"widget\" data-e-type=\"widget\" data-settings=\"{&quot;_animation&quot;:&quot;none&quot;}\" data-widget_type=\"image.default\">\n\t\t\t\t\t\t\t\t\t\t\t\t\t\t\t\t<a href=\"https:\/\/iespecialidades.com\/demo\/como-desarrollamos-de-manera-sostenible\/\">\n\t\t\t\t\t\t\t<img decoding=\"async\" width=\"800\" height=\"800\" src=\"https:\/\/iespecialidades.com\/demo\/wp-content\/uploads\/2023\/05\/2-1024x1024.png\" class=\"elementor-animation-grow attachment-large size-large wp-image-1797\" alt=\"\" srcset=\"https:\/\/iespecialidades.com\/demo\/wp-content\/uploads\/2023\/05\/2-1024x1024.png 1024w, https:\/\/iespecialidades.com\/demo\/wp-content\/uploads\/2023\/05\/2-300x300.png 300w, https:\/\/iespecialidades.com\/demo\/wp-content\/uploads\/2023\/05\/2-150x150.png 150w, https:\/\/iespecialidades.com\/demo\/wp-content\/uploads\/2023\/05\/2-768x768.png 768w, https:\/\/iespecialidades.com\/demo\/wp-content\/uploads\/2023\/05\/2.png 1080w\" sizes=\"(max-width: 800px) 100vw, 800px\" \/>\t\t\t\t\t\t\t\t<\/a>\n\t\t\t\t\t\t\t\t\t\t\t\t\t\t\t<\/div>\n\t\t\t\t\t<\/div>\n\t\t<\/div>\n\t\t\t\t<div class=\"elementor-column elementor-col-33 elementor-inner-column elementor-element elementor-element-8069b9b\" data-id=\"8069b9b\" data-element_type=\"column\" data-e-type=\"column\" data-settings=\"{&quot;background_background&quot;:&quot;classic&quot;}\">\n\t\t\t<div class=\"elementor-widget-wrap elementor-element-populated\">\n\t\t\t\t\t\t<div class=\"elementor-element elementor-element-3f47f17 elementor-widget elementor-widget-image\" data-id=\"3f47f17\" data-element_type=\"widget\" data-e-type=\"widget\" data-settings=\"{&quot;_animation&quot;:&quot;none&quot;}\" data-widget_type=\"image.default\">\n\t\t\t\t\t\t\t\t\t\t\t\t\t\t\t\t<a href=\"https:\/\/iespecialidades.com\/demo\/por-que-somos-una-empresa-bic\/\">\n\t\t\t\t\t\t\t<img decoding=\"async\" width=\"800\" height=\"800\" src=\"https:\/\/iespecialidades.com\/demo\/wp-content\/uploads\/2023\/05\/3-1024x1024.png\" class=\"elementor-animation-grow attachment-large size-large wp-image-1798\" alt=\"\" srcset=\"https:\/\/iespecialidades.com\/demo\/wp-content\/uploads\/2023\/05\/3-1024x1024.png 1024w, https:\/\/iespecialidades.com\/demo\/wp-content\/uploads\/2023\/05\/3-300x300.png 300w, https:\/\/iespecialidades.com\/demo\/wp-content\/uploads\/2023\/05\/3-150x150.png 150w, https:\/\/iespecialidades.com\/demo\/wp-content\/uploads\/2023\/05\/3-768x768.png 768w, https:\/\/iespecialidades.com\/demo\/wp-content\/uploads\/2023\/05\/3.png 1080w\" sizes=\"(max-width: 800px) 100vw, 800px\" \/>\t\t\t\t\t\t\t\t<\/a>\n\t\t\t\t\t\t\t\t\t\t\t\t\t\t\t<\/div>\n\t\t\t\t\t<\/div>\n\t\t<\/div>\n\t\t\t\t\t<\/div>\n\t\t<\/section>\n\t\t\t\t\t<\/div>\n\t\t<\/div>\n\t\t\t\t\t<\/div>\n\t\t<\/section>\n\t\t\t\t<section class=\"elementor-section elementor-top-section elementor-element elementor-element-5ed06c8 elementor-section-content-middle elementor-section-height-min-height elementor-section-boxed elementor-section-height-default elementor-section-items-middle\" data-id=\"5ed06c8\" data-element_type=\"section\" data-e-type=\"section\" data-settings=\"{&quot;background_background&quot;:&quot;classic&quot;}\">\n\t\t\t\t\t\t<div class=\"elementor-container elementor-column-gap-no\">\n\t\t\t\t\t<div class=\"elementor-column elementor-col-100 elementor-top-column elementor-element elementor-element-da24d3b\" data-id=\"da24d3b\" data-element_type=\"column\" data-e-type=\"column\">\n\t\t\t<div class=\"elementor-widget-wrap elementor-element-populated\">\n\t\t\t\t\t\t<div class=\"elementor-element elementor-element-4b54d39 elementor-widget elementor-widget-heading\" data-id=\"4b54d39\" data-element_type=\"widget\" data-e-type=\"widget\" data-widget_type=\"heading.default\">\n\t\t\t\t\t<h2 class=\"elementor-heading-title elementor-size-default\">\u00bfEstas listo para marcar la diferencia? <\/h2>\t\t\t\t<\/div>\n\t\t\t\t<div class=\"elementor-element elementor-element-be77225 elementor-widget-tablet__width-inherit elementor-invisible elementor-widget elementor-widget-text-editor\" data-id=\"be77225\" data-element_type=\"widget\" data-e-type=\"widget\" data-settings=\"{&quot;_animation&quot;:&quot;fadeInUp&quot;}\" data-widget_type=\"text-editor.default\">\n\t\t\t\t\t\t\t\t\t<p>Haz que tus productos de limpieza destaquen<\/p>\t\t\t\t\t\t\t\t<\/div>\n\t\t\t\t<div class=\"elementor-element elementor-element-9441f4c elementor-button-align-stretch elementor-widget elementor-widget-form\" data-id=\"9441f4c\" data-element_type=\"widget\" data-e-type=\"widget\" data-settings=\"{&quot;step_next_label&quot;:&quot;Next&quot;,&quot;step_previous_label&quot;:&quot;Previous&quot;,&quot;button_width&quot;:&quot;100&quot;,&quot;step_type&quot;:&quot;number_text&quot;,&quot;step_icon_shape&quot;:&quot;circle&quot;}\" data-widget_type=\"form.default\">\n\t\t\t\t\t\t\t<form class=\"elementor-form\" method=\"post\" name=\"New Form\" aria-label=\"New Form\">\n\t\t\t<input type=\"hidden\" name=\"post_id\" value=\"1781\"\/>\n\t\t\t<input type=\"hidden\" name=\"form_id\" value=\"9441f4c\"\/>\n\t\t\t<input type=\"hidden\" name=\"referer_title\" value=\"Sostenibilidad\" \/>\n\n\t\t\t\t\t\t\t<input type=\"hidden\" name=\"queried_id\" value=\"1781\"\/>\n\t\t\t\n\t\t\t<div class=\"elementor-form-fields-wrapper elementor-labels-above\">\n\t\t\t\t\t\t\t\t<div class=\"elementor-field-type-text elementor-field-group elementor-column elementor-field-group-name elementor-col-100\">\n\t\t\t\t\t\t\t\t\t\t\t\t<label for=\"form-field-name\" class=\"elementor-field-label\">\n\t\t\t\t\t\t\t\tNombre \t\t\t\t\t\t\t<\/label>\n\t\t\t\t\t\t\t\t\t\t\t\t\t\t<input size=\"1\" type=\"text\" name=\"form_fields[name]\" id=\"form-field-name\" class=\"elementor-field elementor-size-sm  elementor-field-textual\">\n\t\t\t\t\t\t\t\t\t\t\t<\/div>\n\t\t\t\t\t\t\t\t<div class=\"elementor-field-type-email elementor-field-group elementor-column elementor-field-group-email elementor-col-100 elementor-field-required\">\n\t\t\t\t\t\t\t\t\t\t\t\t<label for=\"form-field-email\" class=\"elementor-field-label\">\n\t\t\t\t\t\t\t\tEmail\t\t\t\t\t\t\t<\/label>\n\t\t\t\t\t\t\t\t\t\t\t\t\t\t<input size=\"1\" type=\"email\" name=\"form_fields[email]\" id=\"form-field-email\" class=\"elementor-field elementor-size-sm  elementor-field-textual\" required=\"required\">\n\t\t\t\t\t\t\t\t\t\t\t<\/div>\n\t\t\t\t\t\t\t\t<div class=\"elementor-field-type-tel elementor-field-group elementor-column elementor-field-group-field_db33311 elementor-col-100 elementor-field-required\">\n\t\t\t\t\t\t\t\t\t\t\t\t<label for=\"form-field-field_db33311\" class=\"elementor-field-label\">\n\t\t\t\t\t\t\t\tTel\u00e9fono \t\t\t\t\t\t\t<\/label>\n\t\t\t\t\t\t\t\t<input size=\"1\" type=\"tel\" name=\"form_fields[field_db33311]\" id=\"form-field-field_db33311\" class=\"elementor-field elementor-size-sm  elementor-field-textual\" required=\"required\" pattern=\"[0-9()#&amp;+*-=.]+\" title=\"Only numbers and phone characters (#, -, *, etc) are accepted.\">\n\n\t\t\t\t\t\t<\/div>\n\t\t\t\t\t\t\t\t<div class=\"elementor-field-type-text elementor-field-group elementor-column elementor-field-group-field_34bf9d2 elementor-col-100 elementor-field-required\">\n\t\t\t\t\t\t\t\t\t\t\t\t<label for=\"form-field-field_34bf9d2\" class=\"elementor-field-label\">\n\t\t\t\t\t\t\t\tEmpresa\t\t\t\t\t\t\t<\/label>\n\t\t\t\t\t\t\t\t\t\t\t\t\t\t<input size=\"1\" type=\"text\" name=\"form_fields[field_34bf9d2]\" id=\"form-field-field_34bf9d2\" class=\"elementor-field elementor-size-sm  elementor-field-textual\" required=\"required\">\n\t\t\t\t\t\t\t\t\t\t\t<\/div>\n\t\t\t\t\t\t\t\t<div class=\"elementor-field-type-text elementor-field-group elementor-column elementor-field-group-field_ae2ddda elementor-col-100 elementor-field-required\">\n\t\t\t\t\t\t\t\t\t\t\t\t<label for=\"form-field-field_ae2ddda\" class=\"elementor-field-label\">\n\t\t\t\t\t\t\t\tNit\t\t\t\t\t\t\t<\/label>\n\t\t\t\t\t\t\t\t\t\t\t\t\t\t<input size=\"1\" type=\"text\" name=\"form_fields[field_ae2ddda]\" id=\"form-field-field_ae2ddda\" class=\"elementor-field elementor-size-sm  elementor-field-textual\" required=\"required\">\n\t\t\t\t\t\t\t\t\t\t\t<\/div>\n\t\t\t\t\t\t\t\t<div class=\"elementor-field-type-select elementor-field-group elementor-column elementor-field-group-field_c752cf5 elementor-col-100 elementor-field-required\">\n\t\t\t\t\t\t\t\t\t\t\t\t<label for=\"form-field-field_c752cf5\" class=\"elementor-field-label\">\n\t\t\t\t\t\t\t\tTipo de Soluci\u00f3n\t\t\t\t\t\t\t<\/label>\n\t\t\t\t\t\t\t\t<div class=\"elementor-field elementor-select-wrapper remove-before \">\n\t\t\t<div class=\"select-caret-down-wrapper\">\n\t\t\t\t<svg aria-hidden=\"true\" class=\"e-font-icon-svg e-eicon-caret-down\" viewBox=\"0 0 571.4 571.4\" xmlns=\"http:\/\/www.w3.org\/2000\/svg\"><path d=\"M571 393Q571 407 561 418L311 668Q300 679 286 679T261 668L11 418Q0 407 0 393T11 368 36 357H536Q550 357 561 368T571 393Z\"><\/path><\/svg>\t\t\t<\/div>\n\t\t\t<select name=\"form_fields[field_c752cf5]\" id=\"form-field-field_c752cf5\" class=\"elementor-field-textual elementor-size-sm\" required=\"required\">\n\t\t\t\t\t\t\t\t\t<option value=\"Prueba de blancura \">Prueba de blancura <\/option>\n\t\t\t\t\t\t\t\t\t<option value=\"Prueba de despercudido \">Prueba de despercudido <\/option>\n\t\t\t\t\t\t\t\t\t<option value=\"Prueba de desengrase \">Prueba de desengrase <\/option>\n\t\t\t\t\t\t\t\t\t<option value=\"Prueba de desmanche \">Prueba de desmanche <\/option>\n\t\t\t\t\t\t\t\t\t<option value=\"Prueba de limpieza de superficie \">Prueba de limpieza de superficie <\/option>\n\t\t\t\t\t\t\t\t\t<option value=\"Prueba de Full Scale \">Prueba de Full Scale <\/option>\n\t\t\t\t\t\t\t<\/select>\n\t\t<\/div>\n\t\t\t\t\t\t<\/div>\n\t\t\t\t\t\t\t\t<div class=\"elementor-field-type-textarea elementor-field-group elementor-column elementor-field-group-field_ba37464 elementor-col-100 elementor-field-required\">\n\t\t\t\t\t\t\t\t\t\t\t\t<label for=\"form-field-field_ba37464\" class=\"elementor-field-label\">\n\t\t\t\t\t\t\t\tEspecifica tu necesidad\t\t\t\t\t\t\t<\/label>\n\t\t\t\t\t\t<textarea class=\"elementor-field-textual elementor-field  elementor-size-sm\" name=\"form_fields[field_ba37464]\" id=\"form-field-field_ba37464\" rows=\"4\" required=\"required\"><\/textarea>\t\t\t\t<\/div>\n\t\t\t\t\t\t\t\t<div class=\"elementor-field-group elementor-column elementor-field-type-submit elementor-col-100 e-form__buttons\">\n\t\t\t\t\t<button class=\"elementor-button elementor-size-md\" type=\"submit\">\n\t\t\t\t\t\t<span class=\"elementor-button-content-wrapper\">\n\t\t\t\t\t\t\t\t\t\t\t\t\t\t\t\t\t\t\t\t\t\t<span class=\"elementor-button-text\">Enviar Solicitud<\/span>\n\t\t\t\t\t\t\t\t\t\t\t\t\t<\/span>\n\t\t\t\t\t<\/button>\n\t\t\t\t<\/div>\n\t\t\t<\/div>\n\t\t<\/form>\n\t\t\t\t\t\t<\/div>\n\t\t\t\t\t<\/div>\n\t\t<\/div>\n\t\t\t\t\t<\/div>\n\t\t<\/section>\n\t\t\t\t<\/div>\n\t\t","protected":false},"excerpt":{"rendered":"<p>Sostenibilidad Nuestra forma de hacer negocios responsablemente La sostenibilidad es un tema crucial en nuestra sociedad actual. Es esencial que todos hagamos nuestra parte para proteger el medio ambiente y crear un futuro m\u00e1s sostenible para las generaciones venideras. En Ingtec Especialidades, estamos comprometidos con este objetivo y trabajamos incansablemente para promover la sostenibilidad en [&hellip;]<\/p>\n","protected":false},"author":1,"featured_media":0,"parent":0,"menu_order":0,"comment_status":"closed","ping_status":"closed","template":"elementor_header_footer","meta":{"footnotes":""},"class_list":["post-1781","page","type-page","status-publish","hentry"],"_links":{"self":[{"href":"https:\/\/iespecialidades.com\/demo\/wp-json\/wp\/v2\/pages\/1781","targetHints":{"allow":["GET"]}}],"collection":[{"href":"https:\/\/iespecialidades.com\/demo\/wp-json\/wp\/v2\/pages"}],"about":[{"href":"https:\/\/iespecialidades.com\/demo\/wp-json\/wp\/v2\/types\/page"}],"author":[{"embeddable":true,"href":"https:\/\/iespecialidades.com\/demo\/wp-json\/wp\/v2\/users\/1"}],"replies":[{"embeddable":true,"href":"https:\/\/iespecialidades.com\/demo\/wp-json\/wp\/v2\/comments?post=1781"}],"version-history":[{"count":37,"href":"https:\/\/iespecialidades.com\/demo\/wp-json\/wp\/v2\/pages\/1781\/revisions"}],"predecessor-version":[{"id":2739,"href":"https:\/\/iespecialidades.com\/demo\/wp-json\/wp\/v2\/pages\/1781\/revisions\/2739"}],"wp:attachment":[{"href":"https:\/\/iespecialidades.com\/demo\/wp-json\/wp\/v2\/media?parent=1781"}],"curies":[{"name":"wp","href":"https:\/\/api.w.org\/{rel}","templated":true}]}}