{"id":2104,"date":"2023-05-10T17:55:18","date_gmt":"2023-05-10T17:55:18","guid":{"rendered":"https:\/\/iespecialidades.com\/demo\/?page_id=2104"},"modified":"2023-06-07T21:10:28","modified_gmt":"2023-06-07T21:10:28","slug":"por-que-trabajamos-en-sostenibilidad","status":"publish","type":"page","link":"https:\/\/iespecialidades.com\/demo\/por-que-trabajamos-en-sostenibilidad\/","title":{"rendered":"Por que trabajamos en sostenibilidad"},"content":{"rendered":"\t\t<div data-elementor-type=\"wp-page\" data-elementor-id=\"2104\" class=\"elementor elementor-2104\" data-elementor-post-type=\"page\">\n\t\t\t\t<div class=\"elementor-element elementor-element-f1bc6eb e-flex e-con-boxed e-con e-parent\" data-id=\"f1bc6eb\" data-element_type=\"container\" data-e-type=\"container\" data-settings=\"{&quot;background_background&quot;:&quot;video&quot;,&quot;background_video_link&quot;:&quot;https:\\\/\\\/www.youtube.com\\\/watch?v=ApJ4zNNV9as&amp;feature=youtu.be&quot;,&quot;background_play_on_mobile&quot;:&quot;yes&quot;}\">\n\t\t\t\t\t<div class=\"e-con-inner\">\n\t\t<div class=\"elementor-background-video-container\">\n\t\t\t\t\t\t\t<div class=\"elementor-background-video-embed\" role=\"presentation\"><\/div>\n\t\t\t\t\t\t<\/div>\t\t<div class=\"elementor-element elementor-element-90ceaa1 elementor-widget elementor-widget-spacer\" data-id=\"90ceaa1\" data-element_type=\"widget\" data-e-type=\"widget\" data-widget_type=\"spacer.default\">\n\t\t\t\t\t\t\t<div class=\"elementor-spacer\">\n\t\t\t<div class=\"elementor-spacer-inner\"><\/div>\n\t\t<\/div>\n\t\t\t\t\t\t<\/div>\n\t\t\t\t<div class=\"elementor-element elementor-element-e2a7810 elementor-widget elementor-widget-heading\" data-id=\"e2a7810\" data-element_type=\"widget\" data-e-type=\"widget\" data-widget_type=\"heading.default\">\n\t\t\t\t\t<h1 class=\"elementor-heading-title elementor-size-default\">\u00bfPor qu\u00e9 trabajamos en sostenibilidad?<\/h1>\t\t\t\t<\/div>\n\t\t\t\t<div class=\"elementor-element elementor-element-adefcfb elementor-widget elementor-widget-text-editor\" data-id=\"adefcfb\" data-element_type=\"widget\" data-e-type=\"widget\" data-widget_type=\"text-editor.default\">\n\t\t\t\t\t\t\t\t\t<p>Nuestra filosof\u00eda de hacer negocios negocios responsablemente<\/p>\t\t\t\t\t\t\t\t<\/div>\n\t\t\t\t\t<\/div>\n\t\t\t\t<\/div>\n\t\t<div class=\"elementor-element elementor-element-d58c238 e-flex e-con-boxed e-con e-parent\" data-id=\"d58c238\" data-element_type=\"container\" data-e-type=\"container\">\n\t\t\t\t\t<div class=\"e-con-inner\">\n\t\t\t\t<div class=\"elementor-element elementor-element-fb72766 elementor-widget elementor-widget-text-editor\" data-id=\"fb72766\" data-element_type=\"widget\" data-e-type=\"widget\" data-widget_type=\"text-editor.default\">\n\t\t\t\t\t\t\t\t\t<p><span style=\"font-weight: 400;\">En Ingtec Especialidades, creemos que el futuro de nuestro planeta depende de la forma en que trabajamos hoy en d\u00eda. Por eso, nos esforzamos cada d\u00eda para ser l\u00edderes en sostenibilidad y hacer nuestra parte para proteger el medio ambiente y crear un futuro m\u00e1s justo y equitativo para todos.<\/span><\/p>\t\t\t\t\t\t\t\t<\/div>\n\t\t\t\t\t<\/div>\n\t\t\t\t<\/div>\n\t\t<div class=\"elementor-element elementor-element-a96c4c6 e-flex e-con-boxed e-con e-parent\" data-id=\"a96c4c6\" data-element_type=\"container\" data-e-type=\"container\">\n\t\t\t\t\t<div class=\"e-con-inner\">\n\t\t<div class=\"elementor-element elementor-element-791bddc e-con-full e-flex e-con e-parent\" data-id=\"791bddc\" data-element_type=\"container\" data-e-type=\"container\">\n\t\t\t\t<div class=\"elementor-element elementor-element-08a3bb4 elementor-widget elementor-widget-image\" data-id=\"08a3bb4\" data-element_type=\"widget\" data-e-type=\"widget\" data-widget_type=\"image.default\">\n\t\t\t\t\t\t\t\t\t\t\t\t\t\t\t<img fetchpriority=\"high\" decoding=\"async\" width=\"768\" height=\"768\" src=\"https:\/\/iespecialidades.com\/demo\/wp-content\/uploads\/2023\/05\/cuidado-del-planeta--768x768.png\" class=\"attachment-medium_large size-medium_large wp-image-2108\" alt=\"\" srcset=\"https:\/\/iespecialidades.com\/demo\/wp-content\/uploads\/2023\/05\/cuidado-del-planeta--768x768.png 768w, https:\/\/iespecialidades.com\/demo\/wp-content\/uploads\/2023\/05\/cuidado-del-planeta--300x300.png 300w, https:\/\/iespecialidades.com\/demo\/wp-content\/uploads\/2023\/05\/cuidado-del-planeta--1024x1024.png 1024w, https:\/\/iespecialidades.com\/demo\/wp-content\/uploads\/2023\/05\/cuidado-del-planeta--150x150.png 150w, https:\/\/iespecialidades.com\/demo\/wp-content\/uploads\/2023\/05\/cuidado-del-planeta-.png 1080w\" sizes=\"(max-width: 768px) 100vw, 768px\" \/>\t\t\t\t\t\t\t\t\t\t\t\t\t\t\t<\/div>\n\t\t\t\t<\/div>\n\t\t<div class=\"elementor-element elementor-element-04b247a e-con-full e-flex e-con e-parent\" data-id=\"04b247a\" data-element_type=\"container\" data-e-type=\"container\">\n\t\t\t\t<div class=\"elementor-element elementor-element-cfc58e9 elementor-widget elementor-widget-text-editor\" data-id=\"cfc58e9\" data-element_type=\"widget\" data-e-type=\"widget\" data-widget_type=\"text-editor.default\">\n\t\t\t\t\t\t\t\t\t<p><span style=\"font-weight: 400;\">Si queremos un mundo m\u00e1s sostenible, tenemos que empezar por nosotros mismos. Por eso, trabajamos incansablemente para integrar la sostenibilidad en todo lo que hacemos, desde nuestras operaciones diarias hasta nuestras soluciones innovadoras.<\/span><\/p><p><span style=\"font-weight: 400;\">Nos esforzamos por establecer metas ambiciosas y medibles para reducir nuestro impacto ambiental, como reducir nuestras emisiones de gases de efecto invernadero y optimizar el uso de recursos naturales. Tambi\u00e9n trabajamos en colaboraci\u00f3n con socios y clientes para promover la sostenibilidad en toda la cadena de valor.<\/span><\/p>\t\t\t\t\t\t\t\t<\/div>\n\t\t\t\t<\/div>\n\t\t\t\t\t<\/div>\n\t\t\t\t<\/div>\n\t\t<div class=\"elementor-element elementor-element-30bac8e e-flex e-con-boxed e-con e-parent\" data-id=\"30bac8e\" data-element_type=\"container\" data-e-type=\"container\">\n\t\t\t\t\t<div class=\"e-con-inner\">\n\t\t\t\t<div class=\"elementor-element elementor-element-936cf95 elementor-widget elementor-widget-text-editor\" data-id=\"936cf95\" data-element_type=\"widget\" data-e-type=\"widget\" data-widget_type=\"text-editor.default\">\n\t\t\t\t\t\t\t\t\t<p><span style=\"font-weight: 400;\">Nuestro prop\u00f3sito no se limita a la sostenibilidad ambiental. Tambi\u00e9n estamos comprometidos con la sostenibilidad social y econ\u00f3mica, y trabajamos para crear un entorno justo y equitativo para todos. Esto significa apoyar a nuestras comunidades locales, fomentar la diversidad e inclusi\u00f3n en nuestro lugar de trabajo, y promover los derechos humanos y laborales en toda nuestra cadena de suministro.<\/span><\/p><p><span style=\"font-weight: 400;\">Por ultimo creemos que la sostenibilidad no es una opci\u00f3n, sino una necesidad. Si queremos asegurar un futuro mejor para nosotros y las generaciones venideras, tenemos que tomar medidas concretas y trabajar juntos para proteger el medio ambiente y construir una sociedad m\u00e1s justa y equitativa.<\/span><\/p><p>\u00a0<\/p>\t\t\t\t\t\t\t\t<\/div>\n\t\t\t\t\t<\/div>\n\t\t\t\t<\/div>\n\t\t\t\t<\/div>\n\t\t","protected":false},"excerpt":{"rendered":"<p>\u00bfPor qu\u00e9 trabajamos en sostenibilidad? Nuestra filosof\u00eda de hacer negocios negocios responsablemente En Ingtec Especialidades, creemos que el futuro de nuestro planeta depende de la forma en que trabajamos hoy en d\u00eda. Por eso, nos esforzamos cada d\u00eda para ser l\u00edderes en sostenibilidad y hacer nuestra parte para proteger el medio ambiente y crear un [&hellip;]<\/p>\n","protected":false},"author":1,"featured_media":0,"parent":0,"menu_order":0,"comment_status":"closed","ping_status":"closed","template":"elementor_header_footer","meta":{"footnotes":""},"class_list":["post-2104","page","type-page","status-publish","hentry"],"_links":{"self":[{"href":"https:\/\/iespecialidades.com\/demo\/wp-json\/wp\/v2\/pages\/2104","targetHints":{"allow":["GET"]}}],"collection":[{"href":"https:\/\/iespecialidades.com\/demo\/wp-json\/wp\/v2\/pages"}],"about":[{"href":"https:\/\/iespecialidades.com\/demo\/wp-json\/wp\/v2\/types\/page"}],"author":[{"embeddable":true,"href":"https:\/\/iespecialidades.com\/demo\/wp-json\/wp\/v2\/users\/1"}],"replies":[{"embeddable":true,"href":"https:\/\/iespecialidades.com\/demo\/wp-json\/wp\/v2\/comments?post=2104"}],"version-history":[{"count":7,"href":"https:\/\/iespecialidades.com\/demo\/wp-json\/wp\/v2\/pages\/2104\/revisions"}],"predecessor-version":[{"id":2561,"href":"https:\/\/iespecialidades.com\/demo\/wp-json\/wp\/v2\/pages\/2104\/revisions\/2561"}],"wp:attachment":[{"href":"https:\/\/iespecialidades.com\/demo\/wp-json\/wp\/v2\/media?parent=2104"}],"curies":[{"name":"wp","href":"https:\/\/api.w.org\/{rel}","templated":true}]}}