{"id":2115,"date":"2023-05-11T12:04:06","date_gmt":"2023-05-11T12:04:06","guid":{"rendered":"https:\/\/iespecialidades.com\/demo\/?page_id=2115"},"modified":"2023-05-11T12:12:13","modified_gmt":"2023-05-11T12:12:13","slug":"como-desarrollamos-de-manera-sostenible","status":"publish","type":"page","link":"https:\/\/iespecialidades.com\/demo\/como-desarrollamos-de-manera-sostenible\/","title":{"rendered":"como desarrollamos de manera sostenible"},"content":{"rendered":"\t\t<div data-elementor-type=\"wp-page\" data-elementor-id=\"2115\" class=\"elementor elementor-2115\" data-elementor-post-type=\"page\">\n\t\t\t\t<div class=\"elementor-element elementor-element-6bbf8e5 e-flex e-con-boxed e-con e-parent\" data-id=\"6bbf8e5\" data-element_type=\"container\" data-e-type=\"container\" data-settings=\"{&quot;background_background&quot;:&quot;video&quot;,&quot;background_video_link&quot;:&quot;https:\\\/\\\/www.youtube.com\\\/watch?v=ApJ4zNNV9as&amp;feature=youtu.be&quot;}\">\n\t\t\t\t\t<div class=\"e-con-inner\">\n\t\t<div class=\"elementor-background-video-container elementor-hidden-mobile\">\n\t\t\t\t\t\t\t<div class=\"elementor-background-video-embed\" role=\"presentation\"><\/div>\n\t\t\t\t\t\t<\/div>\t\t<div class=\"elementor-element elementor-element-f974646 elementor-widget elementor-widget-spacer\" data-id=\"f974646\" data-element_type=\"widget\" data-e-type=\"widget\" data-widget_type=\"spacer.default\">\n\t\t\t\t\t\t\t<div class=\"elementor-spacer\">\n\t\t\t<div class=\"elementor-spacer-inner\"><\/div>\n\t\t<\/div>\n\t\t\t\t\t\t<\/div>\n\t\t\t\t<div class=\"elementor-element elementor-element-0cd9c33 elementor-widget elementor-widget-heading\" data-id=\"0cd9c33\" data-element_type=\"widget\" data-e-type=\"widget\" data-widget_type=\"heading.default\">\n\t\t\t\t\t<h1 class=\"elementor-heading-title elementor-size-default\">\u00bfC\u00f3mo desarrollamos en sostenibilidad?<\/h1>\t\t\t\t<\/div>\n\t\t\t\t\t<\/div>\n\t\t\t\t<\/div>\n\t\t<div class=\"elementor-element elementor-element-2e7f8bd e-flex e-con-boxed e-con e-parent\" data-id=\"2e7f8bd\" data-element_type=\"container\" data-e-type=\"container\">\n\t\t\t\t\t<div class=\"e-con-inner\">\n\t\t\t\t<div class=\"elementor-element elementor-element-bc54112 elementor-widget elementor-widget-text-editor\" data-id=\"bc54112\" data-element_type=\"widget\" data-e-type=\"widget\" data-widget_type=\"text-editor.default\">\n\t\t\t\t\t\t\t\t\t<p><span style=\"font-weight: 400;\">En el mundo actual, la sostenibilidad es m\u00e1s importante que nunca. Como sociedad, debemos ser conscientes de los recursos limitados de nuestro planeta y trabajar juntos para protegerlos. En Ingtec Especialidades, hemos tomado medidas para garantizar que nuestras operaciones sean lo m\u00e1s sostenibles posible, y estamos orgullosos de compartir con ustedes c\u00f3mo lo hacemos.<\/span><\/p>\t\t\t\t\t\t\t\t<\/div>\n\t\t\t\t\t<\/div>\n\t\t\t\t<\/div>\n\t\t<div class=\"elementor-element elementor-element-752cf44 e-flex e-con-boxed e-con e-parent\" data-id=\"752cf44\" data-element_type=\"container\" data-e-type=\"container\">\n\t\t\t\t\t<div class=\"e-con-inner\">\n\t\t<div class=\"elementor-element elementor-element-f4b6ff4 e-con-full e-flex e-con e-parent\" data-id=\"f4b6ff4\" data-element_type=\"container\" data-e-type=\"container\">\n\t\t\t\t<div class=\"elementor-element elementor-element-b55a5a6 elementor-widget elementor-widget-image\" data-id=\"b55a5a6\" data-element_type=\"widget\" data-e-type=\"widget\" data-widget_type=\"image.default\">\n\t\t\t\t\t\t\t\t\t\t\t\t\t\t\t<img fetchpriority=\"high\" decoding=\"async\" width=\"768\" height=\"768\" src=\"https:\/\/iespecialidades.com\/demo\/wp-content\/uploads\/2023\/05\/cuidado-del-planeta-1-768x768.png\" class=\"attachment-medium_large size-medium_large wp-image-2118\" alt=\"\" srcset=\"https:\/\/iespecialidades.com\/demo\/wp-content\/uploads\/2023\/05\/cuidado-del-planeta-1-768x768.png 768w, https:\/\/iespecialidades.com\/demo\/wp-content\/uploads\/2023\/05\/cuidado-del-planeta-1-300x300.png 300w, https:\/\/iespecialidades.com\/demo\/wp-content\/uploads\/2023\/05\/cuidado-del-planeta-1-1024x1024.png 1024w, https:\/\/iespecialidades.com\/demo\/wp-content\/uploads\/2023\/05\/cuidado-del-planeta-1-150x150.png 150w, https:\/\/iespecialidades.com\/demo\/wp-content\/uploads\/2023\/05\/cuidado-del-planeta-1.png 1080w\" sizes=\"(max-width: 768px) 100vw, 768px\" \/>\t\t\t\t\t\t\t\t\t\t\t\t\t\t\t<\/div>\n\t\t\t\t<\/div>\n\t\t<div class=\"elementor-element elementor-element-b8fc81f e-con-full e-flex e-con e-parent\" data-id=\"b8fc81f\" data-element_type=\"container\" data-e-type=\"container\">\n\t\t\t\t<div class=\"elementor-element elementor-element-b762417 elementor-widget elementor-widget-text-editor\" data-id=\"b762417\" data-element_type=\"widget\" data-e-type=\"widget\" data-widget_type=\"text-editor.default\">\n\t\t\t\t\t\t\t\t\t<p><span style=\"font-weight: 400;\">En primer lugar, estamos comprometidos con la reducci\u00f3n de nuestro impacto ambiental. Esto significa que evaluamos cuidadosamente cada paso de nuestros procesos de producci\u00f3n para identificar oportunidades de mejorar nuestra eficiencia energ\u00e9tica, reducir emisiones y minimizar el uso de agua. Adem\u00e1s, nos aseguramos de que nuestras soluciones\u00a0 y servicios \u00a0 sean seguros y respetuosos con el medio ambiente, y trabajamos en colaboraci\u00f3n con nuestros clientes para reducir su huella de carbono.<\/span><\/p><p><span style=\"font-weight: 400;\">En segundo lugar, estamos comprometidos con la responsabilidad social. Creemos que una empresa exitosa no solo debe ser rentable, sino tambi\u00e9n beneficiar a la comunidad en la que opera. Por eso, nos involucramos activamente en proyectos sociales, trabajamos con organizaciones ben\u00e9ficas y promovemos la diversidad e inclusi\u00f3n en nuestro lugar de trabajo.<\/span><\/p>\t\t\t\t\t\t\t\t<\/div>\n\t\t\t\t<\/div>\n\t\t\t\t\t<\/div>\n\t\t\t\t<\/div>\n\t\t<div class=\"elementor-element elementor-element-0bd910b e-flex e-con-boxed e-con e-parent\" data-id=\"0bd910b\" data-element_type=\"container\" data-e-type=\"container\">\n\t\t\t\t\t<div class=\"e-con-inner\">\n\t\t\t\t<div class=\"elementor-element elementor-element-4734c42 elementor-widget elementor-widget-text-editor\" data-id=\"4734c42\" data-element_type=\"widget\" data-e-type=\"widget\" data-widget_type=\"text-editor.default\">\n\t\t\t\t\t\t\t\t\t<p><span style=\"font-weight: 400;\">Estamos comprometidos con la transparencia. Queremos que nuestros clientes y la sociedad en general sepan exactamente c\u00f3mo operamos, y por eso compartimos regularmente informes detallados sobre nuestras pr\u00e1cticas sostenibles. Tambi\u00e9n trabajamos en estrecha colaboraci\u00f3n con organizaciones de sostenibilidad y reguladores para garantizar que cumplimos con los m\u00e1s altos est\u00e1ndares.<\/span><\/p><p><span style=\"font-weight: 400;\">En resumen, en Ingtec Especialidades nos tomamos en serio nuestra responsabilidad de actuar de manera sostenible, y estamos comprometidos a seguir mejorando. Creemos que todos podemos hacer una diferencia positiva en el mundo si tomamos medidas sostenibles y trabajamos juntos para proteger nuestro planeta. Esperamos que se unan a nosotros en este importante esfuerzo.<\/span><\/p>\t\t\t\t\t\t\t\t<\/div>\n\t\t\t\t\t<\/div>\n\t\t\t\t<\/div>\n\t\t\t\t<\/div>\n\t\t","protected":false},"excerpt":{"rendered":"<p>\u00bfC\u00f3mo desarrollamos en sostenibilidad? En el mundo actual, la sostenibilidad es m\u00e1s importante que nunca. Como sociedad, debemos ser conscientes de los recursos limitados de nuestro planeta y trabajar juntos para protegerlos. En Ingtec Especialidades, hemos tomado medidas para garantizar que nuestras operaciones sean lo m\u00e1s sostenibles posible, y estamos orgullosos de compartir con ustedes [&hellip;]<\/p>\n","protected":false},"author":1,"featured_media":0,"parent":0,"menu_order":0,"comment_status":"closed","ping_status":"closed","template":"elementor_header_footer","meta":{"footnotes":""},"class_list":["post-2115","page","type-page","status-publish","hentry"],"_links":{"self":[{"href":"https:\/\/iespecialidades.com\/demo\/wp-json\/wp\/v2\/pages\/2115","targetHints":{"allow":["GET"]}}],"collection":[{"href":"https:\/\/iespecialidades.com\/demo\/wp-json\/wp\/v2\/pages"}],"about":[{"href":"https:\/\/iespecialidades.com\/demo\/wp-json\/wp\/v2\/types\/page"}],"author":[{"embeddable":true,"href":"https:\/\/iespecialidades.com\/demo\/wp-json\/wp\/v2\/users\/1"}],"replies":[{"embeddable":true,"href":"https:\/\/iespecialidades.com\/demo\/wp-json\/wp\/v2\/comments?post=2115"}],"version-history":[{"count":4,"href":"https:\/\/iespecialidades.com\/demo\/wp-json\/wp\/v2\/pages\/2115\/revisions"}],"predecessor-version":[{"id":2121,"href":"https:\/\/iespecialidades.com\/demo\/wp-json\/wp\/v2\/pages\/2115\/revisions\/2121"}],"wp:attachment":[{"href":"https:\/\/iespecialidades.com\/demo\/wp-json\/wp\/v2\/media?parent=2115"}],"curies":[{"name":"wp","href":"https:\/\/api.w.org\/{rel}","templated":true}]}}