{"id":2313,"date":"2023-05-25T14:53:11","date_gmt":"2023-05-25T14:53:11","guid":{"rendered":"https:\/\/iespecialidades.com\/demo\/?page_id=2313"},"modified":"2023-05-25T20:27:46","modified_gmt":"2023-05-25T20:27:46","slug":"ecolsolve-surfactantes-de-alto-desempeno","status":"publish","type":"page","link":"https:\/\/iespecialidades.com\/demo\/ecolsolve-surfactantes-de-alto-desempeno\/","title":{"rendered":"Ecolsolve surfactantes de alto desempe\u00f1o"},"content":{"rendered":"\t\t<div data-elementor-type=\"wp-page\" data-elementor-id=\"2313\" class=\"elementor elementor-2313\" data-elementor-post-type=\"page\">\n\t\t\t\t<div class=\"elementor-element elementor-element-8e0421e e-flex e-con-boxed e-con e-parent\" data-id=\"8e0421e\" data-element_type=\"container\" data-e-type=\"container\" data-settings=\"{&quot;background_background&quot;:&quot;classic&quot;}\">\n\t\t\t\t\t<div class=\"e-con-inner\">\n\t\t\t\t<div class=\"elementor-element elementor-element-91bd775 elementor-widget elementor-widget-spacer\" data-id=\"91bd775\" data-element_type=\"widget\" data-e-type=\"widget\" data-widget_type=\"spacer.default\">\n\t\t\t\t\t\t\t<div class=\"elementor-spacer\">\n\t\t\t<div class=\"elementor-spacer-inner\"><\/div>\n\t\t<\/div>\n\t\t\t\t\t\t<\/div>\n\t\t\t\t<div class=\"elementor-element elementor-element-52d1589 elementor-widget elementor-widget-heading\" data-id=\"52d1589\" data-element_type=\"widget\" data-e-type=\"widget\" data-widget_type=\"heading.default\">\n\t\t\t\t\t<h1 class=\"elementor-heading-title elementor-size-default\">Ecolsolve Biodegradable, surfactante de alto desempe\u00f1o.<\/h1>\t\t\t\t<\/div>\n\t\t\t\t\t<\/div>\n\t\t\t\t<\/div>\n\t\t<div class=\"elementor-element elementor-element-80ff455 e-flex e-con-boxed e-con e-parent\" data-id=\"80ff455\" data-element_type=\"container\" data-e-type=\"container\">\n\t\t\t\t\t<div class=\"e-con-inner\">\n\t\t<div class=\"elementor-element elementor-element-bb2fbef e-con-full e-flex e-con e-parent\" data-id=\"bb2fbef\" data-element_type=\"container\" data-e-type=\"container\">\n\t\t\t\t<div class=\"elementor-element elementor-element-23b4083 elementor-align-center elementor-widget elementor-widget-button\" data-id=\"23b4083\" data-element_type=\"widget\" data-e-type=\"widget\" data-widget_type=\"button.default\">\n\t\t\t\t\t\t\t\t\t\t<a class=\"elementor-button elementor-button-link elementor-size-md\" href=\"#PSP\">\n\t\t\t\t\t\t<span class=\"elementor-button-content-wrapper\">\n\t\t\t\t\t\t\t\t\t<span class=\"elementor-button-text\">Qu\u00e9 es <\/span>\n\t\t\t\t\t<\/span>\n\t\t\t\t\t<\/a>\n\t\t\t\t\t\t\t\t<\/div>\n\t\t\t\t<\/div>\n\t\t<div class=\"elementor-element elementor-element-c03974b e-con-full e-flex e-con e-parent\" data-id=\"c03974b\" data-element_type=\"container\" data-e-type=\"container\">\n\t\t\t\t<div class=\"elementor-element elementor-element-c3679e4 elementor-align-center elementor-widget elementor-widget-button\" data-id=\"c3679e4\" data-element_type=\"widget\" data-e-type=\"widget\" data-widget_type=\"button.default\">\n\t\t\t\t\t\t\t\t\t\t<a class=\"elementor-button elementor-button-link elementor-size-md\" href=\"#ECP\">\n\t\t\t\t\t\t<span class=\"elementor-button-content-wrapper\">\n\t\t\t\t\t\t\t\t\t<span class=\"elementor-button-text\">Importancia<\/span>\n\t\t\t\t\t<\/span>\n\t\t\t\t\t<\/a>\n\t\t\t\t\t\t\t\t<\/div>\n\t\t\t\t<\/div>\n\t\t<div class=\"elementor-element elementor-element-323f5e6 e-con-full e-flex e-con e-parent\" data-id=\"323f5e6\" data-element_type=\"container\" data-e-type=\"container\">\n\t\t\t\t<div class=\"elementor-element elementor-element-33ba158 elementor-align-right elementor-widget elementor-widget-button\" data-id=\"33ba158\" data-element_type=\"widget\" data-e-type=\"widget\" data-widget_type=\"button.default\">\n\t\t\t\t\t\t\t\t\t\t<a class=\"elementor-button elementor-button-link elementor-size-md\" href=\"#QRP\">\n\t\t\t\t\t\t<span class=\"elementor-button-content-wrapper\">\n\t\t\t\t\t\t\t\t\t<span class=\"elementor-button-text\">C\u00f3mo actua<\/span>\n\t\t\t\t\t<\/span>\n\t\t\t\t\t<\/a>\n\t\t\t\t\t\t\t\t<\/div>\n\t\t\t\t<\/div>\n\t\t<div class=\"elementor-element elementor-element-e1245bc e-con-full e-flex e-con e-parent\" data-id=\"e1245bc\" data-element_type=\"container\" data-e-type=\"container\">\n\t\t\t\t<div class=\"elementor-element elementor-element-7bdd9d5 elementor-align-right elementor-widget elementor-widget-button\" data-id=\"7bdd9d5\" data-element_type=\"widget\" data-e-type=\"widget\" data-widget_type=\"button.default\">\n\t\t\t\t\t\t\t\t\t\t<a class=\"elementor-button elementor-button-link elementor-size-md\" href=\"#CON\">\n\t\t\t\t\t\t<span class=\"elementor-button-content-wrapper\">\n\t\t\t\t\t\t\t\t\t<span class=\"elementor-button-text\">Cont\u00e1ctanos <\/span>\n\t\t\t\t\t<\/span>\n\t\t\t\t\t<\/a>\n\t\t\t\t\t\t\t\t<\/div>\n\t\t\t\t<\/div>\n\t\t\t\t\t<\/div>\n\t\t\t\t<\/div>\n\t\t<section class=\"elementor-element elementor-element-d0918b5 e-flex e-con-boxed e-con e-parent\" data-id=\"d0918b5\" data-element_type=\"container\" data-e-type=\"container\">\n\t\t\t\t\t<div class=\"e-con-inner\">\n\t\t<div class=\"elementor-element elementor-element-34a3edb e-con-full e-flex e-con e-parent\" data-id=\"34a3edb\" data-element_type=\"container\" data-e-type=\"container\">\n\t\t\t\t<div class=\"elementor-element elementor-element-f1a7342 elementor-widget elementor-widget-menu-anchor\" data-id=\"f1a7342\" data-element_type=\"widget\" data-e-type=\"widget\" data-widget_type=\"menu-anchor.default\">\n\t\t\t\t\t\t\t<div class=\"elementor-menu-anchor\" id=\"PSP\"><\/div>\n\t\t\t\t\t\t<\/div>\n\t\t\t\t<div class=\"elementor-element elementor-element-a0f942c elementor-widget elementor-widget-heading\" data-id=\"a0f942c\" data-element_type=\"widget\" data-e-type=\"widget\" data-widget_type=\"heading.default\">\n\t\t\t\t\t<h2 class=\"elementor-heading-title elementor-size-default\">\u00bfQu\u00e9 es ecosolve biodegradable?<\/h2>\t\t\t\t<\/div>\n\t\t\t\t<div class=\"elementor-element elementor-element-2c76f6f elementor-widget elementor-widget-text-editor\" data-id=\"2c76f6f\" data-element_type=\"widget\" data-e-type=\"widget\" data-widget_type=\"text-editor.default\">\n\t\t\t\t\t\t\t\t\t<p><span style=\"font-weight: 400;\">Es un surfactantes de alto desempe\u00f1o con compuestos qu\u00edmicos dise\u00f1ado para abordar los desaf\u00edos cada vez m\u00e1s complejos que los consumidores enfrentan al tratar de solucionar y eliminar manchas dif\u00edciles. <\/span><\/p><p><span style=\"font-weight: 400;\">Este surfactante ofrece una eficiencia superior al cubrir una amplia gama de aspectos t\u00e9cnicos, incluyendo solubilidad,\u00a0 humectaci\u00f3n r\u00e1pida y compatibilidad con agentes de limpieza en las formulaciones de productos de Aseo. <\/span><\/p><p><span style=\"font-weight: 400;\">Ecosolve biodegradable se ha comprometido a proporcionar soluciones centradas en el rendimiento, permitiendo la optimizaci\u00f3n de las formulaciones.<\/span><\/p>\t\t\t\t\t\t\t\t<\/div>\n\t\t\t\t<\/div>\n\t\t<div class=\"elementor-element elementor-element-cb7ee28 e-con-full e-flex e-con e-parent\" data-id=\"cb7ee28\" data-element_type=\"container\" data-e-type=\"container\">\n\t\t\t\t<div class=\"elementor-element elementor-element-7222332 elementor-widget elementor-widget-image\" data-id=\"7222332\" data-element_type=\"widget\" data-e-type=\"widget\" data-widget_type=\"image.default\">\n\t\t\t\t\t\t\t\t\t\t\t\t\t\t\t<img fetchpriority=\"high\" decoding=\"async\" width=\"800\" height=\"666\" src=\"https:\/\/iespecialidades.com\/demo\/wp-content\/uploads\/2023\/05\/ecosolve-biodegradable-1-1024x853.png\" class=\"attachment-large size-large wp-image-2322\" alt=\"\" srcset=\"https:\/\/iespecialidades.com\/demo\/wp-content\/uploads\/2023\/05\/ecosolve-biodegradable-1-1024x853.png 1024w, https:\/\/iespecialidades.com\/demo\/wp-content\/uploads\/2023\/05\/ecosolve-biodegradable-1-300x250.png 300w, https:\/\/iespecialidades.com\/demo\/wp-content\/uploads\/2023\/05\/ecosolve-biodegradable-1-768x640.png 768w, https:\/\/iespecialidades.com\/demo\/wp-content\/uploads\/2023\/05\/ecosolve-biodegradable-1.png 1200w\" sizes=\"(max-width: 800px) 100vw, 800px\" \/>\t\t\t\t\t\t\t\t\t\t\t\t\t\t\t<\/div>\n\t\t\t\t<\/div>\n\t\t\t\t\t<\/div>\n\t\t\t\t<\/section>\n\t\t<section class=\"elementor-element elementor-element-b77b5e9 elementor-hidden-mobile e-flex e-con-boxed e-con e-parent\" data-id=\"b77b5e9\" data-element_type=\"container\" data-e-type=\"container\">\n\t\t\t\t\t<div class=\"e-con-inner\">\n\t\t<div class=\"elementor-element elementor-element-62c9407 e-con-full e-flex e-con e-parent\" data-id=\"62c9407\" data-element_type=\"container\" data-e-type=\"container\">\n\t\t\t\t<div class=\"elementor-element elementor-element-ee155a7 elementor-widget elementor-widget-image\" data-id=\"ee155a7\" data-element_type=\"widget\" data-e-type=\"widget\" data-widget_type=\"image.default\">\n\t\t\t\t\t\t\t\t\t\t\t\t\t\t\t<img decoding=\"async\" width=\"800\" height=\"963\" src=\"https:\/\/iespecialidades.com\/demo\/wp-content\/uploads\/2023\/05\/ecosolve-biodegradable-para-detergentes--851x1024.png\" class=\"attachment-large size-large wp-image-2321\" alt=\"\" srcset=\"https:\/\/iespecialidades.com\/demo\/wp-content\/uploads\/2023\/05\/ecosolve-biodegradable-para-detergentes--851x1024.png 851w, https:\/\/iespecialidades.com\/demo\/wp-content\/uploads\/2023\/05\/ecosolve-biodegradable-para-detergentes--249x300.png 249w, https:\/\/iespecialidades.com\/demo\/wp-content\/uploads\/2023\/05\/ecosolve-biodegradable-para-detergentes--768x924.png 768w, https:\/\/iespecialidades.com\/demo\/wp-content\/uploads\/2023\/05\/ecosolve-biodegradable-para-detergentes-.png 1080w\" sizes=\"(max-width: 800px) 100vw, 800px\" \/>\t\t\t\t\t\t\t\t\t\t\t\t\t\t\t<\/div>\n\t\t\t\t<\/div>\n\t\t<div class=\"elementor-element elementor-element-ed45f6c e-con-full e-flex e-con e-parent\" data-id=\"ed45f6c\" data-element_type=\"container\" data-e-type=\"container\">\n\t\t\t\t<div class=\"elementor-element elementor-element-717b9ee elementor-widget elementor-widget-menu-anchor\" data-id=\"717b9ee\" data-element_type=\"widget\" data-e-type=\"widget\" data-widget_type=\"menu-anchor.default\">\n\t\t\t\t\t\t\t<div class=\"elementor-menu-anchor\" id=\"ECP\"><\/div>\n\t\t\t\t\t\t<\/div>\n\t\t\t\t<div class=\"elementor-element elementor-element-4f00c5a elementor-widget elementor-widget-heading\" data-id=\"4f00c5a\" data-element_type=\"widget\" data-e-type=\"widget\" data-widget_type=\"heading.default\">\n\t\t\t\t\t<h2 class=\"elementor-heading-title elementor-size-default\">Beneficios del Ecosolve Biodegradable<\/h2>\t\t\t\t<\/div>\n\t\t\t\t<div class=\"elementor-element elementor-element-fbb0578 elementor-widget elementor-widget-text-editor\" data-id=\"fbb0578\" data-element_type=\"widget\" data-e-type=\"widget\" data-widget_type=\"text-editor.default\">\n\t\t\t\t\t\t\t\t\t<ul><li style=\"font-weight: 400;\" aria-level=\"3\"><span style=\"font-weight: 400;\"><strong>Eficiencia incomparable:<\/strong> Los surfactantes de alto desempe\u00f1o ofrecen una eficacia superior en la eliminaci\u00f3n de manchas complejas. Su capacidad para solubilizar y dispersar una amplia variedad de sustancias garantiza una limpieza a fondo y un resultado impecable.<\/span><\/li><li style=\"font-weight: 400;\" aria-level=\"3\"><span style=\"font-weight: 400;\"><strong>Versatilidad excepcional:<\/strong> Nuestros surfactantes est\u00e1n dise\u00f1ados para abordar una amplia gama de desaf\u00edos de limpieza. Ya sea que est\u00e9s tratando con manchas de grasa obstinadas, residuos pegajosos o suciedad incrustada, Ecosolve tiene la soluci\u00f3n adecuada para cada tarea de limpieza.<\/span><\/li><li style=\"font-weight: 400;\" aria-level=\"3\"><span style=\"font-weight: 400;\"><strong>Compatibilidad \u00f3ptima:<\/strong> Los surfactantes de alto desempe\u00f1o de Ecosolve est\u00e1n formulados para garantizar una excelente compatibilidad con otros agentes de limpieza en tus productos de Aseo. Esto significa que puedes combinarlos sin problemas con otros componentes qu\u00edmicos, potenciando as\u00ed la eficacia general de tus formulaciones.<\/span><\/li><li style=\"font-weight: 400;\" aria-level=\"3\"><span style=\"font-weight: 400;\"><strong>Rendimiento mejorado:<\/strong> Al incorporar nuestros surfactantes de alto desempe\u00f1o en tus productos de limpieza, puedes elevar el rendimiento general de tus formulaciones. La solubilidad mejorada, la formaci\u00f3n de espuma eficiente, la detergencia potente y la humectaci\u00f3n r\u00e1pida se combinan para lograr resultados sobresalientes y clientes satisfechos.<\/span><\/li><\/ul>\t\t\t\t\t\t\t\t<\/div>\n\t\t\t\t<\/div>\n\t\t\t\t\t<\/div>\n\t\t\t\t<\/section>\n\t\t<section class=\"elementor-element elementor-element-52a4319 e-flex e-con-boxed e-con e-parent\" data-id=\"52a4319\" data-element_type=\"container\" data-e-type=\"container\">\n\t\t\t\t\t<div class=\"e-con-inner\">\n\t\t<div class=\"elementor-element elementor-element-3bc791b e-con-full e-flex e-con e-parent\" data-id=\"3bc791b\" data-element_type=\"container\" data-e-type=\"container\">\n\t\t\t\t<div class=\"elementor-element elementor-element-0f228cc elementor-widget elementor-widget-menu-anchor\" data-id=\"0f228cc\" data-element_type=\"widget\" data-e-type=\"widget\" data-widget_type=\"menu-anchor.default\">\n\t\t\t\t\t\t\t<div class=\"elementor-menu-anchor\" id=\"QRP\"><\/div>\n\t\t\t\t\t\t<\/div>\n\t\t\t\t<div class=\"elementor-element elementor-element-f6099d8 elementor-widget elementor-widget-heading\" data-id=\"f6099d8\" data-element_type=\"widget\" data-e-type=\"widget\" data-widget_type=\"heading.default\">\n\t\t\t\t\t<h2 class=\"elementor-heading-title elementor-size-default\">\u00bfC\u00f3mo funciona el Ecosolve Biodegradable?<\/h2>\t\t\t\t<\/div>\n\t\t\t\t<div class=\"elementor-element elementor-element-930b24d elementor-widget elementor-widget-text-editor\" data-id=\"930b24d\" data-element_type=\"widget\" data-e-type=\"widget\" data-widget_type=\"text-editor.default\">\n\t\t\t\t\t\t\t\t\t<p><span style=\"font-weight: 400;\">Este surfactante de alto desempe\u00f1o funciona mediante la reducci\u00f3n de la tensi\u00f3n superficial de los l\u00edquidos, permitiendo que los agentes limpiadores penetren y se dispersen de manera m\u00e1s efectiva en las superficies a tratar. <\/span><\/p><p><span style=\"font-weight: 400;\">Esto se logra mediante la combinaci\u00f3n de una porci\u00f3n hidrof\u00f3bica y una porci\u00f3n hidrof\u00edlica en su estructura molecular, lo que les confier la capacidad de interactuar tanto con las mol\u00e9culas de agua como con las sustancias grasas o aceitosas presentes en las manchas. <\/span><\/p><p><span style=\"font-weight: 400;\">Esta capacidad de interacci\u00f3n dual permite que el ecosolve biodegradable\u00a0 rompan la adherencia de las manchas a las superficies y las emulsionen, facilitando su eliminaci\u00f3n durante el proceso de limpieza.<\/span><\/p>\t\t\t\t\t\t\t\t<\/div>\n\t\t\t\t<div class=\"elementor-element elementor-element-009ae33 elementor-widget elementor-widget-heading\" data-id=\"009ae33\" data-element_type=\"widget\" data-e-type=\"widget\" data-widget_type=\"heading.default\">\n\t\t\t\t\t<h3 class=\"elementor-heading-title elementor-size-default\">Aplicaciones <\/h3>\t\t\t\t<\/div>\n\t\t\t\t<div class=\"elementor-element elementor-element-60a3bbc elementor-widget elementor-widget-text-editor\" data-id=\"60a3bbc\" data-element_type=\"widget\" data-e-type=\"widget\" data-widget_type=\"text-editor.default\">\n\t\t\t\t\t\t\t\t\t<p><span style=\"font-weight: 400;\"><strong>Soluciones de limpieza para el hogar<\/strong><\/span><\/p><ul><li>Hogar<\/li><li>Detergentes l\u00edquidos<\/li><li>Limpieza de superficies\u00a0<\/li><li>Desmanchadores<\/li><\/ul>\t\t\t\t\t\t\t\t<\/div>\n\t\t\t\t<div class=\"elementor-element elementor-element-8e8c93e elementor-widget elementor-widget-text-editor\" data-id=\"8e8c93e\" data-element_type=\"widget\" data-e-type=\"widget\" data-widget_type=\"text-editor.default\">\n\t\t\t\t\t\t\t\t\t<p><strong>Soluciones Industriales<\/strong><\/p><ul><li>Lavander\u00eda<\/li><li>Sistemas CIP<\/li><li>Sistemas COP<\/li><\/ul>\t\t\t\t\t\t\t\t<\/div>\n\t\t\t\t<\/div>\n\t\t<div class=\"elementor-element elementor-element-89f641d e-con-full e-flex e-con e-parent\" data-id=\"89f641d\" data-element_type=\"container\" data-e-type=\"container\">\n\t\t\t\t<div class=\"elementor-element elementor-element-8fa8772 elementor-widget elementor-widget-image\" data-id=\"8fa8772\" data-element_type=\"widget\" data-e-type=\"widget\" data-widget_type=\"image.default\">\n\t\t\t\t\t\t\t\t\t\t\t\t\t\t\t<img decoding=\"async\" width=\"1200\" height=\"1000\" src=\"https:\/\/iespecialidades.com\/demo\/wp-content\/uploads\/2023\/05\/blanqueador-optico-ingtec.png\" class=\"attachment-full size-full wp-image-2305\" alt=\"\" srcset=\"https:\/\/iespecialidades.com\/demo\/wp-content\/uploads\/2023\/05\/blanqueador-optico-ingtec.png 1200w, https:\/\/iespecialidades.com\/demo\/wp-content\/uploads\/2023\/05\/blanqueador-optico-ingtec-300x250.png 300w, https:\/\/iespecialidades.com\/demo\/wp-content\/uploads\/2023\/05\/blanqueador-optico-ingtec-1024x853.png 1024w, https:\/\/iespecialidades.com\/demo\/wp-content\/uploads\/2023\/05\/blanqueador-optico-ingtec-768x640.png 768w\" sizes=\"(max-width: 1200px) 100vw, 1200px\" \/>\t\t\t\t\t\t\t\t\t\t\t\t\t\t\t<\/div>\n\t\t\t\t<\/div>\n\t\t\t\t\t<\/div>\n\t\t\t\t<\/section>\n\t\t\t\t<section class=\"elementor-section elementor-top-section elementor-element elementor-element-96a93a9 elementor-section-content-middle elementor-section-height-min-height elementor-section-boxed elementor-section-height-default elementor-section-items-middle\" data-id=\"96a93a9\" data-element_type=\"section\" data-e-type=\"section\" data-settings=\"{&quot;background_background&quot;:&quot;classic&quot;}\">\n\t\t\t\t\t\t<div class=\"elementor-container elementor-column-gap-no\">\n\t\t\t\t\t<div class=\"elementor-column elementor-col-100 elementor-top-column elementor-element elementor-element-d8644e6\" data-id=\"d8644e6\" data-element_type=\"column\" data-e-type=\"column\">\n\t\t\t<div class=\"elementor-widget-wrap elementor-element-populated\">\n\t\t\t\t\t\t<div class=\"elementor-element elementor-element-ebf4d54 elementor-widget elementor-widget-menu-anchor\" data-id=\"ebf4d54\" data-element_type=\"widget\" data-e-type=\"widget\" data-widget_type=\"menu-anchor.default\">\n\t\t\t\t\t\t\t<div class=\"elementor-menu-anchor\" id=\"CON\"><\/div>\n\t\t\t\t\t\t<\/div>\n\t\t\t\t<div class=\"elementor-element elementor-element-289b503 elementor-widget elementor-widget-heading\" data-id=\"289b503\" data-element_type=\"widget\" data-e-type=\"widget\" data-widget_type=\"heading.default\">\n\t\t\t\t\t<h5 class=\"elementor-heading-title elementor-size-default\">\u00bfEstas listo para marcar la diferencia? <\/h5>\t\t\t\t<\/div>\n\t\t\t\t<div class=\"elementor-element elementor-element-937baaa elementor-widget-tablet__width-inherit elementor-invisible elementor-widget elementor-widget-text-editor\" data-id=\"937baaa\" data-element_type=\"widget\" data-e-type=\"widget\" data-settings=\"{&quot;_animation&quot;:&quot;fadeInUp&quot;}\" data-widget_type=\"text-editor.default\">\n\t\t\t\t\t\t\t\t\t<p>Haz que tus productos de limpieza destaquen<\/p>\t\t\t\t\t\t\t\t<\/div>\n\t\t\t\t<div class=\"elementor-element elementor-element-a64d5e3 elementor-button-align-stretch elementor-widget elementor-widget-form\" data-id=\"a64d5e3\" data-element_type=\"widget\" data-e-type=\"widget\" data-settings=\"{&quot;step_next_label&quot;:&quot;Next&quot;,&quot;step_previous_label&quot;:&quot;Previous&quot;,&quot;button_width&quot;:&quot;100&quot;,&quot;step_type&quot;:&quot;number_text&quot;,&quot;step_icon_shape&quot;:&quot;circle&quot;}\" data-widget_type=\"form.default\">\n\t\t\t\t\t\t\t<form class=\"elementor-form\" method=\"post\" name=\"New Form\" aria-label=\"New Form\">\n\t\t\t<input type=\"hidden\" name=\"post_id\" value=\"2313\"\/>\n\t\t\t<input type=\"hidden\" name=\"form_id\" value=\"a64d5e3\"\/>\n\t\t\t<input type=\"hidden\" name=\"referer_title\" value=\"Ecolsolve surfactantes de alto desempe\u00f1o\" \/>\n\n\t\t\t\t\t\t\t<input type=\"hidden\" name=\"queried_id\" value=\"2313\"\/>\n\t\t\t\n\t\t\t<div class=\"elementor-form-fields-wrapper elementor-labels-above\">\n\t\t\t\t\t\t\t\t<div class=\"elementor-field-type-text elementor-field-group elementor-column elementor-field-group-name elementor-col-100\">\n\t\t\t\t\t\t\t\t\t\t\t\t<label for=\"form-field-name\" class=\"elementor-field-label\">\n\t\t\t\t\t\t\t\tNombre \t\t\t\t\t\t\t<\/label>\n\t\t\t\t\t\t\t\t\t\t\t\t\t\t<input size=\"1\" type=\"text\" name=\"form_fields[name]\" id=\"form-field-name\" class=\"elementor-field elementor-size-sm  elementor-field-textual\">\n\t\t\t\t\t\t\t\t\t\t\t<\/div>\n\t\t\t\t\t\t\t\t<div class=\"elementor-field-type-email elementor-field-group elementor-column elementor-field-group-email elementor-col-100 elementor-field-required\">\n\t\t\t\t\t\t\t\t\t\t\t\t<label for=\"form-field-email\" class=\"elementor-field-label\">\n\t\t\t\t\t\t\t\tEmail\t\t\t\t\t\t\t<\/label>\n\t\t\t\t\t\t\t\t\t\t\t\t\t\t<input size=\"1\" type=\"email\" name=\"form_fields[email]\" id=\"form-field-email\" class=\"elementor-field elementor-size-sm  elementor-field-textual\" required=\"required\">\n\t\t\t\t\t\t\t\t\t\t\t<\/div>\n\t\t\t\t\t\t\t\t<div class=\"elementor-field-type-tel elementor-field-group elementor-column elementor-field-group-field_db33311 elementor-col-100 elementor-field-required\">\n\t\t\t\t\t\t\t\t\t\t\t\t<label for=\"form-field-field_db33311\" class=\"elementor-field-label\">\n\t\t\t\t\t\t\t\tTel\u00e9fono \t\t\t\t\t\t\t<\/label>\n\t\t\t\t\t\t\t\t<input size=\"1\" type=\"tel\" name=\"form_fields[field_db33311]\" id=\"form-field-field_db33311\" class=\"elementor-field elementor-size-sm  elementor-field-textual\" required=\"required\" pattern=\"[0-9()#&amp;+*-=.]+\" title=\"Only numbers and phone characters (#, -, *, etc) are accepted.\">\n\n\t\t\t\t\t\t<\/div>\n\t\t\t\t\t\t\t\t<div class=\"elementor-field-type-text elementor-field-group elementor-column elementor-field-group-field_34bf9d2 elementor-col-100 elementor-field-required\">\n\t\t\t\t\t\t\t\t\t\t\t\t<label for=\"form-field-field_34bf9d2\" class=\"elementor-field-label\">\n\t\t\t\t\t\t\t\tEmpresa\t\t\t\t\t\t\t<\/label>\n\t\t\t\t\t\t\t\t\t\t\t\t\t\t<input size=\"1\" type=\"text\" name=\"form_fields[field_34bf9d2]\" id=\"form-field-field_34bf9d2\" class=\"elementor-field elementor-size-sm  elementor-field-textual\" required=\"required\">\n\t\t\t\t\t\t\t\t\t\t\t<\/div>\n\t\t\t\t\t\t\t\t<div class=\"elementor-field-type-text elementor-field-group elementor-column elementor-field-group-field_ae2ddda elementor-col-100 elementor-field-required\">\n\t\t\t\t\t\t\t\t\t\t\t\t<label for=\"form-field-field_ae2ddda\" class=\"elementor-field-label\">\n\t\t\t\t\t\t\t\tNit\t\t\t\t\t\t\t<\/label>\n\t\t\t\t\t\t\t\t\t\t\t\t\t\t<input size=\"1\" type=\"text\" name=\"form_fields[field_ae2ddda]\" id=\"form-field-field_ae2ddda\" class=\"elementor-field elementor-size-sm  elementor-field-textual\" required=\"required\">\n\t\t\t\t\t\t\t\t\t\t\t<\/div>\n\t\t\t\t\t\t\t\t<div class=\"elementor-field-type-select elementor-field-group elementor-column elementor-field-group-field_c752cf5 elementor-col-100 elementor-field-required\">\n\t\t\t\t\t\t\t\t\t\t\t\t<label for=\"form-field-field_c752cf5\" class=\"elementor-field-label\">\n\t\t\t\t\t\t\t\tSolvente verde Augeo Clean Multi\t\t\t\t\t\t\t<\/label>\n\t\t\t\t\t\t\t\t<div class=\"elementor-field elementor-select-wrapper remove-before \">\n\t\t\t<div class=\"select-caret-down-wrapper\">\n\t\t\t\t<svg aria-hidden=\"true\" class=\"e-font-icon-svg e-eicon-caret-down\" viewBox=\"0 0 571.4 571.4\" xmlns=\"http:\/\/www.w3.org\/2000\/svg\"><path d=\"M571 393Q571 407 561 418L311 668Q300 679 286 679T261 668L11 418Q0 407 0 393T11 368 36 357H536Q550 357 561 368T571 393Z\"><\/path><\/svg>\t\t\t<\/div>\n\t\t\t<select name=\"form_fields[field_c752cf5]\" id=\"form-field-field_c752cf5\" class=\"elementor-field-textual elementor-size-sm\" required=\"required\">\n\t\t\t\t\t\t\t\t\t<option value=\"Ecolsolve Biodegradable\">Ecolsolve Biodegradable<\/option>\n\t\t\t\t\t\t\t<\/select>\n\t\t<\/div>\n\t\t\t\t\t\t<\/div>\n\t\t\t\t\t\t\t\t<div class=\"elementor-field-type-textarea elementor-field-group elementor-column elementor-field-group-field_ba37464 elementor-col-100 elementor-field-required\">\n\t\t\t\t\t\t\t\t\t\t\t\t<label for=\"form-field-field_ba37464\" class=\"elementor-field-label\">\n\t\t\t\t\t\t\t\tEspecifica tu necesidad\t\t\t\t\t\t\t<\/label>\n\t\t\t\t\t\t<textarea class=\"elementor-field-textual elementor-field  elementor-size-sm\" name=\"form_fields[field_ba37464]\" id=\"form-field-field_ba37464\" rows=\"4\" required=\"required\"><\/textarea>\t\t\t\t<\/div>\n\t\t\t\t\t\t\t\t<div class=\"elementor-field-group elementor-column elementor-field-type-submit elementor-col-100 e-form__buttons\">\n\t\t\t\t\t<button class=\"elementor-button elementor-size-md\" type=\"submit\">\n\t\t\t\t\t\t<span class=\"elementor-button-content-wrapper\">\n\t\t\t\t\t\t\t\t\t\t\t\t\t\t\t\t\t\t\t\t\t\t<span class=\"elementor-button-text\">Enviar Solicitud<\/span>\n\t\t\t\t\t\t\t\t\t\t\t\t\t<\/span>\n\t\t\t\t\t<\/button>\n\t\t\t\t<\/div>\n\t\t\t<\/div>\n\t\t<\/form>\n\t\t\t\t\t\t<\/div>\n\t\t\t\t\t<\/div>\n\t\t<\/div>\n\t\t\t\t\t<\/div>\n\t\t<\/section>\n\t\t\t\t<\/div>\n\t\t","protected":false},"excerpt":{"rendered":"<p>Este surfactante ofrece una eficiencia superior al cubrir una amplia gama de aspectos t\u00e9cnicos, incluyendo solubilidad,\u00a0 humectaci\u00f3n r\u00e1pida y compatibilidad con agentes de limpieza en las formulaciones de productos de Aseo.<\/p>\n","protected":false},"author":1,"featured_media":2320,"parent":0,"menu_order":0,"comment_status":"closed","ping_status":"closed","template":"elementor_header_footer","meta":{"footnotes":""},"class_list":["post-2313","page","type-page","status-publish","has-post-thumbnail","hentry"],"_links":{"self":[{"href":"https:\/\/iespecialidades.com\/demo\/wp-json\/wp\/v2\/pages\/2313","targetHints":{"allow":["GET"]}}],"collection":[{"href":"https:\/\/iespecialidades.com\/demo\/wp-json\/wp\/v2\/pages"}],"about":[{"href":"https:\/\/iespecialidades.com\/demo\/wp-json\/wp\/v2\/types\/page"}],"author":[{"embeddable":true,"href":"https:\/\/iespecialidades.com\/demo\/wp-json\/wp\/v2\/users\/1"}],"replies":[{"embeddable":true,"href":"https:\/\/iespecialidades.com\/demo\/wp-json\/wp\/v2\/comments?post=2313"}],"version-history":[{"count":16,"href":"https:\/\/iespecialidades.com\/demo\/wp-json\/wp\/v2\/pages\/2313\/revisions"}],"predecessor-version":[{"id":2587,"href":"https:\/\/iespecialidades.com\/demo\/wp-json\/wp\/v2\/pages\/2313\/revisions\/2587"}],"wp:featuredmedia":[{"embeddable":true,"href":"https:\/\/iespecialidades.com\/demo\/wp-json\/wp\/v2\/media\/2320"}],"wp:attachment":[{"href":"https:\/\/iespecialidades.com\/demo\/wp-json\/wp\/v2\/media?parent=2313"}],"curies":[{"name":"wp","href":"https:\/\/api.w.org\/{rel}","templated":true}]}}