{"id":330,"date":"2022-09-13T16:47:46","date_gmt":"2022-09-13T16:47:46","guid":{"rendered":"https:\/\/iespecialidades.com\/demo\/?page_id=330"},"modified":"2025-03-13T21:31:19","modified_gmt":"2025-03-13T21:31:19","slug":"politica-integral-de-hseq","status":"publish","type":"page","link":"https:\/\/iespecialidades.com\/demo\/politica-integral-de-hseq\/","title":{"rendered":"Pol\u00edtica Integral de HSEQ"},"content":{"rendered":"\t\t<div data-elementor-type=\"wp-page\" data-elementor-id=\"330\" class=\"elementor elementor-330\" data-elementor-post-type=\"page\">\n\t\t\t\t\t\t<section class=\"elementor-section elementor-top-section elementor-element elementor-element-f982d7f elementor-section-height-min-height elementor-section-boxed elementor-section-height-default elementor-section-items-middle\" data-id=\"f982d7f\" data-element_type=\"section\" data-e-type=\"section\" data-settings=\"{&quot;background_background&quot;:&quot;classic&quot;}\">\n\t\t\t\t\t\t\t<div class=\"elementor-background-overlay\"><\/div>\n\t\t\t\t\t\t\t<div class=\"elementor-container elementor-column-gap-default\">\n\t\t\t\t\t<div class=\"elementor-column elementor-col-100 elementor-top-column elementor-element elementor-element-6eb53a0\" data-id=\"6eb53a0\" data-element_type=\"column\" data-e-type=\"column\">\n\t\t\t<div class=\"elementor-widget-wrap elementor-element-populated\">\n\t\t\t\t\t\t<div class=\"elementor-element elementor-element-92b3da7 elementor-widget elementor-widget-spacer\" data-id=\"92b3da7\" data-element_type=\"widget\" data-e-type=\"widget\" data-widget_type=\"spacer.default\">\n\t\t\t\t\t\t\t<div class=\"elementor-spacer\">\n\t\t\t<div class=\"elementor-spacer-inner\"><\/div>\n\t\t<\/div>\n\t\t\t\t\t\t<\/div>\n\t\t\t\t\t<\/div>\n\t\t<\/div>\n\t\t\t\t\t<\/div>\n\t\t<\/section>\n\t\t\t\t<section class=\"elementor-section elementor-top-section elementor-element elementor-element-79a6a62 elementor-section-boxed elementor-section-height-default elementor-section-height-default\" data-id=\"79a6a62\" data-element_type=\"section\" data-e-type=\"section\">\n\t\t\t\t\t\t<div class=\"elementor-container elementor-column-gap-default\">\n\t\t\t\t\t<div class=\"elementor-column elementor-col-100 elementor-top-column elementor-element elementor-element-9d0f9b2\" data-id=\"9d0f9b2\" data-element_type=\"column\" data-e-type=\"column\">\n\t\t\t<div class=\"elementor-widget-wrap elementor-element-populated\">\n\t\t\t\t\t\t<div class=\"elementor-element elementor-element-6fc5c5f elementor-widget elementor-widget-text-editor\" data-id=\"6fc5c5f\" data-element_type=\"widget\" data-e-type=\"widget\" data-widget_type=\"text-editor.default\">\n\t\t\t\t\t\t\t\t\t<h1><strong>POL\u00cdTICA INTEGRAL HSEQ\u200b<\/strong><\/h1><p>En INGTEC ESPECIALIDADES S.A.S BIC, nos comprometemos a garantizar el cumplimiento de los requisitos legales vigentes, la mejora continua, la satisfacci\u00f3n del cliente y la consulta y participaci\u00f3n de los trabajadores y dem\u00e1s partes interesadas del Sistema Integrado de Gesti\u00f3n. Aprovechamos las oportunidades a trav\u00e9s de los tres sistemas de la siguiente manera:<\/p><h2><strong>SEGURIDAD Y SALUD EN EL TRABAJO<\/strong><\/h2><ul><li>Fomentamos un ambiente de trabajo seguro y saludable, destinando los recursos necesarios para la gesti\u00f3n de la salud y seguridad de nuestros colaboradores, en alineaci\u00f3n con el direccionamiento estrat\u00e9gico.<\/li><li>Identificamos, evaluamos, mitigamos y eliminamos los peligros y riesgos asociados a las actividades en los procesos; de calidad, innovaci\u00f3n y desarrollo, producci\u00f3n, experiencia del cliente, gesti\u00f3n comercial y t\u00e9cnica, compras y comercio exterior, mantenimiento e infraestructura. Asimismo, promovemos la consulta y participaci\u00f3n de todas las partes interesadas.<\/li><\/ul><h2><strong>GESTI\u00d3N AMBIENTAL<\/strong><\/h2><ul><li>Mitigamos los riesgos asociados a los impactos ambientales derivados de la producci\u00f3n, comercializaci\u00f3n, investigaci\u00f3n y desarrollo de materias primas.<\/li><li>Protegemos el medio ambiente y prevenimos la contaminaci\u00f3n mediante el uso sostenible de los recursos, la mitigaci\u00f3n y adaptaci\u00f3n al cambio clim\u00e1tico, as\u00ed como la conservaci\u00f3n de la biodiversidad, los ecosistemas y otras cuestiones ambientales pertinentes.<\/li><\/ul><p>\u00a0<\/p><h2><strong>GESTI\u00d3N DE LA CALIDAD<\/strong><\/h2><ul><li>Impulsamos la mejora continua en nuestros procesos de producci\u00f3n, comercializaci\u00f3n, investigaci\u00f3n y desarrollo de materias primas, con el objetivo de construir relaciones s\u00f3lidas y duraderas con nuestros clientes.<\/li><li>Aseguramos el cumplimiento de esta pol\u00edtica a trav\u00e9s de la gesti\u00f3n de las \u00e1reas involucradas, promoviendo su divulgaci\u00f3n y apropiaci\u00f3n. Adem\u00e1s, nos comprometemos a actualizarla conforme a los cambios organizacionales, normativos o cualquier otro factor que pudiera impactarla, en coherencia con el direccionamiento estrat\u00e9gico.<\/li><\/ul>\t\t\t\t\t\t\t\t<\/div>\n\t\t\t\t\t<\/div>\n\t\t<\/div>\n\t\t\t\t\t<\/div>\n\t\t<\/section>\n\t\t\t\t<\/div>\n\t\t","protected":false},"excerpt":{"rendered":"<p>POL\u00cdTICA INTEGRAL HSEQ\u200b En INGTEC ESPECIALIDADES S.A.S BIC, nos comprometemos a garantizar el cumplimiento de los requisitos legales vigentes, la mejora continua, la satisfacci\u00f3n del cliente y la consulta y participaci\u00f3n de los trabajadores y dem\u00e1s partes interesadas del Sistema Integrado de Gesti\u00f3n. Aprovechamos las oportunidades a trav\u00e9s de los tres sistemas de la siguiente [&hellip;]<\/p>\n","protected":false},"author":1,"featured_media":0,"parent":0,"menu_order":0,"comment_status":"closed","ping_status":"closed","template":"elementor_header_footer","meta":{"footnotes":""},"class_list":["post-330","page","type-page","status-publish","hentry"],"_links":{"self":[{"href":"https:\/\/iespecialidades.com\/demo\/wp-json\/wp\/v2\/pages\/330","targetHints":{"allow":["GET"]}}],"collection":[{"href":"https:\/\/iespecialidades.com\/demo\/wp-json\/wp\/v2\/pages"}],"about":[{"href":"https:\/\/iespecialidades.com\/demo\/wp-json\/wp\/v2\/types\/page"}],"author":[{"embeddable":true,"href":"https:\/\/iespecialidades.com\/demo\/wp-json\/wp\/v2\/users\/1"}],"replies":[{"embeddable":true,"href":"https:\/\/iespecialidades.com\/demo\/wp-json\/wp\/v2\/comments?post=330"}],"version-history":[{"count":47,"href":"https:\/\/iespecialidades.com\/demo\/wp-json\/wp\/v2\/pages\/330\/revisions"}],"predecessor-version":[{"id":3501,"href":"https:\/\/iespecialidades.com\/demo\/wp-json\/wp\/v2\/pages\/330\/revisions\/3501"}],"wp:attachment":[{"href":"https:\/\/iespecialidades.com\/demo\/wp-json\/wp\/v2\/media?parent=330"}],"curies":[{"name":"wp","href":"https:\/\/api.w.org\/{rel}","templated":true}]}}