{"id":1057,"date":"2025-10-03T03:44:34","date_gmt":"2025-10-03T03:44:34","guid":{"rendered":"https:\/\/iespecialidades.com\/?page_id=1057"},"modified":"2026-03-11T14:14:26","modified_gmt":"2026-03-11T14:14:26","slug":"politica-integral-de-hseq","status":"publish","type":"page","link":"\/en\/politica-integral-de-hseq\/","title":{"rendered":"Pol\u00edtica Integral de HSEQ"},"content":{"rendered":"<div data-elementor-type=\"wp-page\" data-elementor-id=\"1057\" class=\"elementor elementor-1057\" data-elementor-post-type=\"page\">\n\t\t\t\t\t\t<section class=\"elementor-section elementor-top-section elementor-element elementor-element-552d60d8 pbmit-col-stretched-none pbmit-cursor-color-blackish-color pbmit-bg-color-over-image elementor-section-boxed elementor-section-height-default elementor-section-height-default\" data-id=\"552d60d8\" data-element_type=\"section\" data-e-type=\"section\">\n\t\t\t\t\t\t<div class=\"elementor-container elementor-column-gap-default\">\n\t\t\t\t\t<div class=\"elementor-column elementor-col-100 elementor-top-column elementor-element elementor-element-2725933f pbmit-bg-color-over-image\" data-id=\"2725933f\" data-element_type=\"column\" data-e-type=\"column\">\n\t\t\t<div class=\"elementor-widget-wrap elementor-element-populated\">\n\t\t\t\t\t\t<div class=\"elementor-element elementor-element-7500d1ed elementor-widget elementor-widget-text-editor\" data-id=\"7500d1ed\" data-element_type=\"widget\" data-e-type=\"widget\" data-widget_type=\"text-editor.default\">\n\t\t\t\t<div class=\"elementor-widget-container\">\n\t\t\t\t\t\t\t\t\t<p>En INGTEC ESPECIALIDADES S.A.S BIC, nos comprometemos a garantizar el cumplimiento de los requisitos legales y dem\u00e1s requisitos aplicables, la mejora continua del Sistema Integrado de Gesti\u00f3n, la satisfacci\u00f3n del cliente, la consulta, participaci\u00f3n de los empleados y dem\u00e1s partes interesadas.<\/p><p>Aprovechamos las oportunidades y gestionamos los riesgos a trav\u00e9s de nuestros tres sistemas de la siguiente manera:<\/p><h1>SEGURIDAD Y SALUD EN EL TRABAJO<\/h1><p>\u00b7 Fomentamos un ambiente de trabajo seguro y saludable, destinando los recursos humanos, f\u00edsicos, tecnol\u00f3gicos y financieros necesarios para la gesti\u00f3n eficaz de la seguridad y salud en el trabajo, en coherencia con nuestro direccionamiento estrat\u00e9gico.<\/p><p>\u00b7 Identificamos, evaluamos, controlamos y eliminamos los peligros y riesgos derivados de nuestras actividades en los procesos de calidad, innovaci\u00f3n y desarrollo, producci\u00f3n, experiencia del cliente, gesti\u00f3n comercial y t\u00e9cnica, compras y comercio exterior, as\u00ed como mantenimiento e infraestructura, con el prop\u00f3sito de prevenir lesiones, enfermedades laborales y condiciones inseguras.<\/p><p>\u00b7 Promovemos la consulta y participaci\u00f3n de los trabajadores y sus representantes en la toma de decisiones relacionadas con el Sistema de Gesti\u00f3n de Seguridad y Salud en el Trabajo.<\/p><p>\u00b7 Impulsamos una cultura de autocuidado y h\u00e1bitos de vida saludable que fortalezcan el bienestar integral de nuestros colaboradores.<\/p><p>\u00a0<\/p><h2>GESTI\u00d3N AMBIENTAL<\/h2><p>\u00b7 Identificamos, evaluamos y gestionamos los aspectos e impactos ambientales asociados a nuestras actividades de producci\u00f3n, comercializaci\u00f3n, investigaci\u00f3n y desarrollo de materias primas, con el fin de prevenir la contaminaci\u00f3n y minimizar efectos negativos sobre el entorno.<\/p><p>\u00b7 Protegemos el medio ambiente mediante el uso sostenible de los recursos naturales, la gesti\u00f3n responsable de residuos, la mitigaci\u00f3n y adaptaci\u00f3n al cambio clim\u00e1tico, y la conservaci\u00f3n de la biodiversidad y los ecosistemas.<\/p><p>\u00b7 Promovemos pr\u00e1cticas ambientales responsables en toda la cadena de valor, fortaleciendo la conciencia ambiental en nuestros colaboradores y partes interesadas.<\/p><p>\u00a0<\/p><h2>GESTI\u00d3N DE LA CALIDAD<\/h2><p>\u00b7 Impulsamos la mejora continua de nuestros procesos de producci\u00f3n, comercializaci\u00f3n, investigaci\u00f3n y desarrollo de materias primas, asegurando el cumplimiento de los requisitos del cliente y dem\u00e1s requisitos aplicables.<\/p><p>\u00b7 Orientamos nuestra gesti\u00f3n hacia la excelencia operacional, la innovaci\u00f3n y la construcci\u00f3n de relaciones s\u00f3lidas y sostenibles con nuestros clientes y aliados estrat\u00e9gicos.<\/p><p>\u00b7 Aseguramos la implementaci\u00f3n, mantenimiento y mejora del Sistema Integrado de Gesti\u00f3n mediante la gesti\u00f3n articulada de las \u00e1reas involucradas, promoviendo su divulgaci\u00f3n, comprensi\u00f3n y apropiaci\u00f3n en todos los niveles de la organizaci\u00f3n.<\/p>\t\t\t\t\t\t\t\t<\/div>\n\t\t\t\t<\/div>\n\t\t\t\t\t<\/div>\n\t\t<\/div>\n\t\t\t\t\t<\/div>\n\t\t<\/section>\n\t\t\t\t<\/div>","protected":false},"excerpt":{"rendered":"<p>En INGTEC ESPECIALIDADES S.A.S BIC, nos comprometemos a garantizar el cumplimiento de los requisitos legales y dem\u00e1s requisitos aplicables, la mejora continua del Sistema Integrado de Gesti\u00f3n, la satisfacci\u00f3n del cliente, la consulta, participaci\u00f3n de los empleados y dem\u00e1s partes interesadas. Aprovechamos las oportunidades y gestionamos los riesgos a trav\u00e9s de nuestros tres sistemas de [&hellip;]<\/p>\n","protected":false},"author":1,"featured_media":0,"parent":0,"menu_order":0,"comment_status":"closed","ping_status":"closed","template":"","meta":{"_acf_changed":false,"inline_featured_image":false,"footnotes":""},"class_list":["post-1057","page","type-page","status-publish","hentry"],"acf":[],"_links":{"self":[{"href":"\/en\/wp-json\/wp\/v2\/pages\/1057","targetHints":{"allow":["GET"]}}],"collection":[{"href":"\/en\/wp-json\/wp\/v2\/pages"}],"about":[{"href":"\/en\/wp-json\/wp\/v2\/types\/page"}],"author":[{"embeddable":true,"href":"\/en\/wp-json\/wp\/v2\/users\/1"}],"replies":[{"embeddable":true,"href":"\/en\/wp-json\/wp\/v2\/comments?post=1057"}],"version-history":[{"count":5,"href":"\/en\/wp-json\/wp\/v2\/pages\/1057\/revisions"}],"predecessor-version":[{"id":1295,"href":"\/en\/wp-json\/wp\/v2\/pages\/1057\/revisions\/1295"}],"wp:attachment":[{"href":"\/en\/wp-json\/wp\/v2\/media?parent=1057"}],"curies":[{"name":"wp","href":"https:\/\/api.w.org\/{rel}","templated":true}]}}