{"id":1305,"date":"2026-03-11T22:37:06","date_gmt":"2026-03-11T22:37:06","guid":{"rendered":"https:\/\/iespecialidades.com\/?page_id=1305"},"modified":"2026-03-11T22:47:52","modified_gmt":"2026-03-11T22:47:52","slug":"politica_de_devoluciones_ingtec_colombia","status":"publish","type":"page","link":"\/en\/politica_de_devoluciones_ingtec_colombia\/","title":{"rendered":"Pol\u00edtica de gatant\u00edas y devoluciones Ingtec Especialidades S.A.S. BIC"},"content":{"rendered":"<div data-elementor-type=\"wp-page\" data-elementor-id=\"1305\" class=\"elementor elementor-1305\" data-elementor-post-type=\"page\">\n\t\t\t\t\t\t<section class=\"elementor-section elementor-top-section elementor-element elementor-element-552d60d8 pbmit-col-stretched-none pbmit-cursor-color-blackish-color pbmit-bg-color-over-image elementor-section-boxed elementor-section-height-default elementor-section-height-default\" data-id=\"552d60d8\" data-element_type=\"section\" data-e-type=\"section\">\n\t\t\t\t\t\t<div class=\"elementor-container elementor-column-gap-default\">\n\t\t\t\t\t<div class=\"elementor-column elementor-col-100 elementor-top-column elementor-element elementor-element-2725933f pbmit-bg-color-over-image\" data-id=\"2725933f\" data-element_type=\"column\" data-e-type=\"column\">\n\t\t\t<div class=\"elementor-widget-wrap elementor-element-populated\">\n\t\t\t\t\t\t<div class=\"elementor-element elementor-element-7500d1ed elementor-widget elementor-widget-text-editor\" data-id=\"7500d1ed\" data-element_type=\"widget\" data-e-type=\"widget\" data-widget_type=\"text-editor.default\">\n\t\t\t\t<div class=\"elementor-widget-container\">\n\t\t\t\t\t\t\t\t\t<p><b>1. Introducci\u00f3n<\/b><\/p><p><b style=\"letter-spacing: 0px;\">INGTEC ESPECIALIDADES S.A.S BIC <\/b><span style=\"font-weight: 400;\">es una empresa dedicada a la fabricaci\u00f3n, comercializaci\u00f3n y distribuci\u00f3n de materias primas innovadoras, sustentables, \u00fanicas y eficientes para los sectores de Alimentos y Limpieza.<\/span><b><\/b><\/p><p><span style=\"font-weight: 400;\">El presente documento relaciona la pol\u00edtica y el procedimiento de atenci\u00f3n de garant\u00edas y devoluciones de <\/span><b>INGTEC ESPECIALIDADES S.A.S BIC <\/b><span style=\"font-weight: 400;\">quien en adelante se denominar\u00e1 <\/span><b>\u201cEL PROVEEDOR\u201d,<\/b><span style=\"font-weight: 400;\"> para el reconocimiento de la garant\u00eda, y reposici\u00f3n de los productos que adquiere el <\/span><b>CLIENTE.<\/b><span style=\"font-weight: 400;\">\u00a0<\/span><\/p><p><span style=\"font-weight: 400;\">Las actividades de <\/span><b>INGTEC ESPECIALIDADES S.A.S BIC <\/b><span style=\"font-weight: 400;\">son del tipo \u201c<\/span><i><span style=\"font-weight: 400;\">Business to Business (B2B)<\/span><\/i><span style=\"font-weight: 400;\">\u201d. Esta pol\u00edtica aplicar\u00e1 especialmente para este tipo de actividades, enfocadas en clientes personas jur\u00eddicas que adquieren productos para la satisfacci\u00f3n de sus actividades empresariales, ligadas intr\u00ednsecamente a su actividad econ\u00f3mica, las cuales estar\u00e1n reguladas adem\u00e1s por las condiciones especiales que surjan a partir de la negociaci\u00f3n con los clientes empresarios, quien en adelante se denominar\u00e1n <\/span><b>\u201cEL CLIENTE\u201d<\/b><b><\/b><\/p><p>\u00a0<\/p><p><b>2. Definiciones<\/b><b><\/b><\/p><p><b>2.1. Garant\u00eda: <\/b><span style=\"font-weight: 400;\">Es la obligaci\u00f3n temporal a cargo de <\/span><b>EL PROVEEDOR<\/b><span style=\"font-weight: 400;\"> de responder a <\/span><b>EL CLIENTE<\/b><span style=\"font-weight: 400;\"> por las condiciones de calidad, idoneidad, seguridad, buen estado y funcionamiento de los productos que fabricamos, comercializamos y distribuimos, de conformidad con las condiciones legalmente exigibles o las ofrecidas por nosotros.<\/span><\/p><p><b>2.2. Cliente: <\/b><span style=\"font-weight: 400;\">Toda persona natural o jur\u00eddica que adquiera, disfrute o utilice un determinado producto, cualquiera que sea su naturaleza, para la satisfacci\u00f3n de una necesidad empresarial ligada intr\u00ednsecamente a su actividad econ\u00f3mica o que no sea propia, privada, familiar o dom\u00e9stica.<\/span><\/p><p><b>2.3. Relaci\u00f3n comercial: <\/b><span style=\"font-weight: 400;\">Son las relaciones jur\u00eddicas en las que se incorpora un bien en la cadena de distribuci\u00f3n para ser suministrado a un Cliente que adquiere productos para satisfacci\u00f3n de necesidades empresariales.<\/span><\/p><p><br \/><b style=\"letter-spacing: 0px;\">3. Garant\u00edas\u00a0<\/b><\/p><p><span style=\"font-weight: 400;\">Todos los productos ofrecidos por <\/span><b style=\"letter-spacing: 0px;\">EL PROVEEDOR<\/b><span style=\"font-weight: 400;\"> cuentan con garant\u00eda y estar\u00e1 regida por las normas que la regulan, en especial aquellas contenidas en el C\u00f3digo de Comercio, y por las condiciones establecidas en esta pol\u00edtica.<\/span><b><\/b><b><\/b><\/p><p><b>3.1. Requisitos de garant\u00eda<\/b><b><\/b><\/p><p><span style=\"font-weight: 400;\">La garant\u00eda solo se har\u00e1 efectiva cuando:<\/span><\/p><p><span style=\"font-weight: 400;\">1. El producto no cumpla con las caracter\u00edsticas fisicoqu\u00edmicas prometidas por <\/span><b>EL PROVEEDOR<\/b><span style=\"font-weight: 400;\"> en la ficha t\u00e9cnica y\/o certificado de an\u00e1lisis asignada a cada producto.\u00a0 <\/span><b>EL PROVEEDOR<\/b><span style=\"font-weight: 400;\"> entregar\u00e1 por cada producto, una ficha t\u00e9cnica en la que se precisan aspectos como: Descripci\u00f3n, presentaci\u00f3n del producto, declaraci\u00f3n de ingredientes, vida \u00fatil, condiciones de almacenamiento y transporte y caracter\u00edsticas del producto.\u00a0<\/span><\/p><p><b>El certificado de an\u00e1lisis contendr\u00e1 en todo caso:<\/b><span style=\"font-weight: 400;\"> Nombre del producto, lote, an\u00e1lisis realizados al producto, Especificaciones de calidad, resultados anal\u00edticos del lote de producto, fecha de fabricaci\u00f3n y fecha de vencimiento. Igualmente, previo el env\u00edo de la oferta comercial, <\/span><b>EL CLIENTE<\/b><span style=\"font-weight: 400;\"> podr\u00e1 cotejar las especificaciones declaradas en el certificado de an\u00e1lisis y\/o ficha t\u00e9cnica con una muestra del producto para su aprobaci\u00f3n previo el proceso de conocimiento de producto y aceptaci\u00f3n de la oferta; con el fin de determinar que \u00e9ste cumpla con los requerimientos de calidad para su fabricaci\u00f3n.<\/span><\/p><p><b>EL PROVEEDOR <\/b><span style=\"font-weight: 400;\">podr\u00e1 cambiar las caracter\u00edsticas t\u00e9cnicas del producto, previa notificaci\u00f3n y aceptaci\u00f3n de <\/span><b>EL CLIENTE.\u00a0<\/b><\/p><p><span style=\"font-weight: 400;\">2. Los productos suministrados no corresponden a lo adquirido por <\/span><b>EL CLIENTE.<\/b><span style=\"font-weight: 400;\">\u00a0<\/span><\/p><p><span style=\"font-weight: 400;\">3. El producto aun siendo conservado bajo las especificaciones de <\/span><b>EL PROVEEDOR<\/b><span style=\"font-weight: 400;\"> perece antes de la fecha de vencimiento indicada en la ficha t\u00e9cnica.<\/span><\/p><p><span style=\"font-weight: 400;\">4. Cuando el producto adquirido no sea entregado a <\/span><b>EL CLIENTE.<\/b><\/p><p><span style=\"font-weight: 400;\">En lo relacionado con el numeral 1 y 3, se surtir\u00e1 el siguiente proceso para hacer efectiva la garant\u00eda:\u00a0\u00a0<\/span><\/p><p><b>EL CLIENTE<\/b><span style=\"font-weight: 400;\"> deber\u00e1 verificar las condiciones fisicoqu\u00edmicas del producto conforme a las especificaciones declaradas en el certificado de an\u00e1lisis y ficha t\u00e9cnica; dentro de los cinco (5) d\u00edas h\u00e1biles siguientes de la entrega del producto, ya sea en sus instalaciones, en las instalaciones del <\/span><b>PROVEEDOR<\/b><span style=\"font-weight: 400;\"> o en el puerto de recogida. En caso de que advierta que las mismas no cumplen con las caracter\u00edsticas necesarias para su producci\u00f3n industrial o que el producto ha perecido, deber\u00e1 realizar la respectiva reclamaci\u00f3n al <\/span><b>PROVEEDOR<\/b><span style=\"font-weight: 400;\">, enviando a sus instalaciones el producto.<\/span><\/p><p><b>EL PROVEEDOR<\/b><span style=\"font-weight: 400;\"> a trav\u00e9s del \u00e1rea de calidad realizar\u00e1 un cotejo de la muestra enviada por <\/span><b>EL CLIENTE<\/b><span style=\"font-weight: 400;\"> con la muestra guardada por <\/span><b>EL PROVEEDOR<\/b><span style=\"font-weight: 400;\"> de forma previa la entrega del producto, con el fin de verificar que las materias primas no hayan sido alteradas, expuestas, manipuladas o usadas en condiciones de conservaci\u00f3n diferentes a las indicadas por <\/span><b>EL CLIENTE<\/b><span style=\"font-weight: 400;\">. Una vez verificado, <\/span><b>EL PROVEEDOR<\/b><span style=\"font-weight: 400;\"> enviar\u00e1 el resultado de la evaluaci\u00f3n t\u00e9cnica a EL CLIENTE y proceder\u00e1 hacer efectiva la garant\u00eda con la reposici\u00f3n del producto o expondr\u00e1 los motivos por los que estar\u00e1 exonerado de la misma.<\/span><\/p><p><span style=\"font-weight: 400;\">La muestra de retenci\u00f3n tomada por el \u00e1rea de calidad de <\/span><b>EL PROVEEDOR <\/b><span style=\"font-weight: 400;\">ser\u00e1 almacenada durante toda la vida \u00fatil del producto para efectuar el cotejo con la muestra enviada por <\/span><b>EL CLIENTE <\/b><span style=\"font-weight: 400;\">en caso de reclamaci\u00f3n.<\/span><\/p><p><span style=\"font-weight: 400;\">Para efectos del numeral 2 y 4, <\/span><b>EL CLIENTE<\/b><span style=\"font-weight: 400;\"> deber\u00e1 dentro del t\u00e9rmino de garant\u00eda, manifestar al <\/span><b>PROVEEDOR<\/b><span style=\"font-weight: 400;\"> que lo entregado no corresponde con lo adquirido, en lo relacionado con los par\u00e1metros indicados en la ficha t\u00e9cnica, o que el mismo no fue entregado.\u00a0<\/span><\/p><p><span style=\"font-weight: 400;\">Una vez evaluado el objeto de la reclamaci\u00f3n, <\/span><b>EL PROVEEDOR<\/b><span style=\"font-weight: 400;\"> proceder\u00e1 hacer efectiva la garant\u00eda con la reposici\u00f3n del producto o la devoluci\u00f3n del dinero, a elecci\u00f3n de <\/span><b>EL CLIENTE<\/b><span style=\"font-weight: 400;\">; o expondr\u00e1 los motivos por los que estar\u00e1 exonerado de la misma.<\/span><\/p><p><span style=\"font-weight: 400;\">Cuando <\/span><b>EL CLIENTE<\/b><span style=\"font-weight: 400;\"> interponga un reclamo por garant\u00eda, <\/span><b>EL PROVEEDOR<\/b><span style=\"font-weight: 400;\"> realizar\u00e1 una verificaci\u00f3n t\u00e9cnica en el que se determine que la falla obedece a la calidad, y\/o idoneidad del producto, por lo que, este no puede evidenciar que el defecto deriva de alguno de los aspectos excluidos de la garant\u00eda, en caso tal, <\/span><b>EL PROVEEDOR<\/b><span style=\"font-weight: 400;\"> estar\u00e1 exento de responder por el producto.<\/span><\/p><p><b>3.2. T\u00e9rmino de la garant\u00eda<\/b><\/p><p><span style=\"font-weight: 400;\">El t\u00e9rmino de garant\u00eda ser\u00e1 de treinta (30) d\u00edas contados a partir del momento en que <\/span><b>EL CLIENTE<\/b><span style=\"font-weight: 400;\"> advierta la falla o el defecto. Siempre que pruebe el producto dentro de los cinco (5) d\u00edas siguientes a la entrega del mismo.<\/span><\/p><p><span style=\"font-weight: 400;\">El t\u00e9rmino establecido aplicar\u00e1 para los requisitos 1 y 2 contenidos en el numeral 3.1 de la presente pol\u00edtica.\u00a0\u00a0<\/span><\/p><p><span style=\"font-weight: 400;\">En lo relacionado con el requisito 3, el t\u00e9rmino de garant\u00eda ser\u00e1 el de fecha de vencimiento o expiraci\u00f3n contenida en la ficha t\u00e9cnica del producto, siempre que el mismo no haya sido abierto y haya conservado bajo las especificaciones del <\/span><b>PROVEEDOR.<\/b><b><\/b><\/p><p><b>3.3. Condiciones de garant\u00eda<\/b><\/p><p><span style=\"font-weight: 400;\">Las condiciones aplicables a las garant\u00edas que otorgue <\/span><b>EL PROVEEDOR<\/b><span style=\"font-weight: 400;\"> al <\/span><b>CLIENTE<\/b><span style=\"font-weight: 400;\"> ser\u00e1n las siguientes:<\/span><\/p><p><span style=\"font-weight: 400;\">Para las relaciones comerciales, la garant\u00eda estar\u00e1 definida por el Decreto 410 de 1971 \u201cC\u00f3digo de Comercio\u201d, en los siguientes t\u00e9rminos:<\/span><\/p><p><b>3.3.1. Aspectos incluidos en la garant\u00eda<\/b><\/p><p><span style=\"font-weight: 400;\">&#8211; Reposici\u00f3n total del producto, cuando hecha la verificaci\u00f3n t\u00e9cnica se advierta que este no cumple con las condiciones fisicoqu\u00edmicas para la producci\u00f3n industrial de <\/span><b>EL CLIENTE.\u00a0<\/b><\/p><p><b>EL CLIENTE<\/b><span style=\"font-weight: 400;\"> asumir\u00e1 los gastos de transporte hasta las instalaciones de <\/span><b>EL PROVEEDOR<\/b><span style=\"font-weight: 400;\"> del producto para hacer efectiva la garant\u00eda.<\/span><\/p><ul><li style=\"font-weight: 400;\" aria-level=\"1\"><b>EL CLIENTE<\/b><span style=\"font-weight: 400;\"> deber\u00e1 reclamar al <\/span><b>PROVEEDOR<\/b><span style=\"font-weight: 400;\"> por cualquier defecto que se presente durante el t\u00e9rmino de la garant\u00eda dentro de los treinta (30) d\u00edas h\u00e1biles siguientes, contados a partir de que se hubiera descubierto el defecto.\u00a0 De no hacerse la reclamaci\u00f3n durante este periodo, operar\u00e1 la caducidad y <\/span><b>EL CLIENTE<\/b><span style=\"font-weight: 400;\"> perder\u00e1 el derecho para ejercer el reclamo.<\/span><\/li><li style=\"font-weight: 400;\" aria-level=\"1\"><span style=\"font-weight: 400;\">En caso de que el producto presente, con posterioridad a su entrega, vicios o defectos ocultos cuya causa sea anterior al contrato, ignorados sin culpa por el comprador, que hagan que no permitan que el producto cumpla con su natural destinaci\u00f3n, <\/span><b>EL CLIENTE<\/b><span style=\"font-weight: 400;\"> tendr\u00e1 derecho a pedir la resoluci\u00f3n del negocio respecto de esa orden de compra, restituyendo a <\/span><b>EL PROVEEDOR<\/b><span style=\"font-weight: 400;\"> el producto y <\/span><b>EL PROVEEDOR<\/b><span style=\"font-weight: 400;\"> restituyendo el precio, o a solicitar la rebaja del precio a justa tasaci\u00f3n o solicitar la reposici\u00f3n del producto, a elecci\u00f3n de este.<\/span><\/li><\/ul><p><span style=\"font-weight: 400;\">En todo caso, <\/span><b>EL PROVEEDOR<\/b><span style=\"font-weight: 400;\"> comercializa sus productos a trav\u00e9s de m\u00e9todos de financiaci\u00f3n, por lo que, en caso de no haberse pagado en su totalidad proceder\u00e1 la reposici\u00f3n del material objeto de garant\u00eda.\u00a0<\/span><\/p><p><span style=\"font-weight: 400;\">Se advierte que para que el <\/span><b>CLIENTE<\/b><span style=\"font-weight: 400;\"> pueda hacer valer la garant\u00eda aqu\u00ed establecida, deber\u00e1 cesar el uso inmediato del producto, una vez advertida la falla o defecto en el mismo.<\/span><\/p><p><br \/><b><\/b><\/p><p><b>4. Asuntos excluidos de la garant\u00eda<\/b><\/p><p><span style=\"font-weight: 400;\">Estar\u00e1n excluidos de la garant\u00eda los productos que sufran da\u00f1os o perjuicios derivados de:\u00a0<\/span><\/p><ul><li style=\"font-weight: 400;\" aria-level=\"1\"><span style=\"font-weight: 400;\">Fuerza mayor o caso fortuito<\/span><span style=\"font-weight: 400;\">.<\/span><\/li><li style=\"font-weight: 400;\" aria-level=\"1\"><span style=\"font-weight: 400;\">Uso indebido del producto.<\/span><\/li><li style=\"font-weight: 400;\" aria-level=\"1\"><span style=\"font-weight: 400;\">No atender las indicaciones para la conservaci\u00f3n del producto contenidas en la ficha t\u00e9cnica, y que por tal raz\u00f3n el producto perezca haciendo inviable su uso.<\/span><\/li><li style=\"font-weight: 400;\" aria-level=\"1\"><span style=\"font-weight: 400;\">Permitir la intervenci\u00f3n, manipulaci\u00f3n y alteraci\u00f3n de las caracter\u00edsticas fisicoqu\u00edmicas del producto, por un tercero ajeno a personal de Ingtec Especialidades.<\/span><\/li><li style=\"font-weight: 400;\" aria-level=\"1\"><span style=\"font-weight: 400;\">Igualmente, estar\u00e1n excluidos de la garant\u00eda aquellos productos en los que el plazo para hacerla efectiva haya vencido.<\/span><\/li><li style=\"font-weight: 400;\" aria-level=\"1\"><span style=\"font-weight: 400;\">La expiraci\u00f3n y vencimiento del producto.\u00a0<\/span><\/li><\/ul><p><span style=\"font-weight: 400;\">Se excluye la responsabilidad, a cargo de <\/span><b>EL PROVEEDOR<\/b><span style=\"font-weight: 400;\">, ante eventos de da\u00f1o emergente y lucro cesante.\u00a0 Igualmente, <\/span><b>EL CLIENTE <\/b><span style=\"font-weight: 400;\">mantendr\u00e1 indemne a <\/span><b>EL PROVEEDOR <\/b><span style=\"font-weight: 400;\">y estar\u00e1 exento de responsabilidad cuando los productos adquiridos sean utilizados para la fabricaci\u00f3n y comercializaci\u00f3n de productos catalogados como delictivos o destinados a facilitar actividades il\u00edcitas; asimismo, cuando su manipulaci\u00f3n derive en da\u00f1o medioambiental.\u00a0<\/span><\/p><p><br \/><b><\/b><\/p><p><b>5. Retracto del CLIENTE<\/b><b><\/b><\/p><p><span style=\"font-weight: 400;\">Por tratarse de una relaci\u00f3n comercial no operar\u00e1 el derecho de retracto para <\/span><b>EL CLIENTE<\/b><span style=\"font-weight: 400;\"> una vez \u00e9ste acepte la cotizaci\u00f3n o propuesta comercial y se haya efectuado la orden de compra, en especial, cuando se trate de productos fabricados por terceros de los que <\/span><b>EL PROVEEDOR<\/b><span style=\"font-weight: 400;\"> hace su distribuci\u00f3n. En ese sentido, no estar\u00e1 obligado <\/span><b>EL PROVEEDOR<\/b><span style=\"font-weight: 400;\"> a la devoluci\u00f3n del dinero pagado.\u00a0<\/span><\/p><p>\u00a0<\/p><p><b>6. \u00c1mbito territorial de la garant\u00eda.<\/b><b><\/b><\/p><p><span style=\"font-weight: 400;\">La garant\u00eda de los productos se extender\u00e1 y limitar\u00e1n para todo el territorio colombiano y los pa\u00edses en los que <\/span><b>INGTEC ESPECIALIDADES S.A.S.<\/b><span style=\"font-weight: 400;\"> comercialice de manera directa sus productos. <\/span><b>EL PROVEEDOR<\/b><span style=\"font-weight: 400;\"> evaluar\u00e1 las zonas y lugares a los que tenga acceso de acuerdo con su red de distribuci\u00f3n, y por consiguiente podr\u00e1 eventualmente transportar el producto a sus instalaciones para la adecuada reposici\u00f3n previa evaluaci\u00f3n de las condiciones del mismo.\u00a0\u00a0<\/span><\/p><p><br \/><b><\/b><\/p><p><b>7. Procedimiento y atenci\u00f3n de garant\u00edas y devoluciones.<\/b><b><\/b><\/p><p><b>El CLIENTE<\/b><span style=\"font-weight: 400;\"> presentar\u00e1 sus reclamos para hacer efectiva la garant\u00eda a nuestra l\u00ednea de atenci\u00f3n al Cliente: A trav\u00e9s de chat de la p\u00e1gina web:\u00a0 <\/span><a href=\"\/en\/\"><span style=\"font-weight: 400;\">https:\/\/iespecialidades.com\/<\/span><\/a> <span style=\"font-weight: 400;\">Correo electr\u00f3nico:<\/span> <span style=\"font-weight: 400;\">servicioalcliente@iespecialdades.com<\/span><span style=\"font-weight: 400;\">,<\/span> <span style=\"font-weight: 400;\">Tel\u00e9fono <\/span> <span style=\"font-weight: 400;\">(PBX): <\/span><span style=\"font-weight: 400;\">604 204 50 66 o la l\u00ednea de WhatsApp: <\/span><span style=\"font-weight: 400;\">3<\/span><span style=\"font-weight: 400;\">11 415 08 02<\/span><\/p><p><b>EL CLIENTE<\/b><span style=\"font-weight: 400;\"> deber\u00e1 reportar el defecto dentro de los treinta d\u00edas (30) h\u00e1biles siguientes a aquel que lo haya descubierto, considerando que, deber\u00e1 probar y efectuar el an\u00e1lisis de calidad el producto dentro de los cinco (5) d\u00edas h\u00e1biles siguientes a la entrega del producto.<\/span><\/p><p><span style=\"font-weight: 400;\">El personal designado por <\/span><b>EL PROVEEDOR<\/b><span style=\"font-weight: 400;\"> para la atenci\u00f3n de reclamaciones por garant\u00edas ser\u00e1 en todo caso, el \u00e1rea de servicio al cliente, quien evaluar\u00e1 si la reclamaci\u00f3n se encuentra dentro del t\u00e9rmino de garant\u00eda. Ser\u00e1 el \u00e1rea comercial y de calidad quienes resolver\u00e1n la viabilidad de la garant\u00eda de acuerdo con la verificaci\u00f3n t\u00e9cnica hecha.<\/span><\/p><p><b>El CLIENTE<\/b><span style=\"font-weight: 400;\"> enviar\u00e1 a <\/span><b>EL PROVEEDOR<\/b><span style=\"font-weight: 400;\"> las constancias necesarias y el producto hasta las instalaciones de <\/span><b>EL PROVEEDOR<\/b><span style=\"font-weight: 400;\">, igualmente brindar\u00e1 toda la informaci\u00f3n que sea requerida, con el fin de evaluar las condiciones del producto y determinar si efectivamente est\u00e1 sujeto a garant\u00eda o demostrar\u00e1 el nexo causal entre la causal de exoneraci\u00f3n y el defecto del mismo.<\/span><\/p><p><span style=\"font-weight: 400;\">En caso de presentarse una causal de exoneraci\u00f3n, <\/span><b>EL PROVEEDOR<\/b><span style=\"font-weight: 400;\"> informar\u00e1 y expondr\u00e1 las razones de tal situaci\u00f3n al <\/span><b>CLIENTE<\/b><span style=\"font-weight: 400;\">, y no podr\u00e1 este \u00faltimo repetir contra <\/span><b>EL PROVEEDOR<\/b><span style=\"font-weight: 400;\">, o pretender la reparaci\u00f3n, reposici\u00f3n o devoluci\u00f3n del dinero pagado por el producto.<\/span><\/p><p><span style=\"font-weight: 400;\">En caso de hacerse efectiva la garant\u00eda, <\/span><b>EL PROVEEDOR<\/b><span style=\"font-weight: 400;\"> entregar\u00e1 constancia de la reposici\u00f3n indicando lo siguiente:<\/span><\/p><ol><li style=\"font-weight: 400;\" aria-level=\"2\"><span style=\"font-weight: 400;\">Descripci\u00f3n de la reposici\u00f3n efectuada.<\/span><\/li><li style=\"font-weight: 400;\" aria-level=\"2\"><span style=\"font-weight: 400;\">La fecha en que <\/span><b>EL CLIENTE<\/b><span style=\"font-weight: 400;\"> hizo entrega del producto.<\/span><\/li><li style=\"font-weight: 400;\" aria-level=\"2\"><span style=\"font-weight: 400;\">La fecha de la reposici\u00f3n del producto.<\/span><\/li><\/ol><p><span style=\"font-weight: 400;\">En caso de que proceda la devoluci\u00f3n del dinero, <\/span><b>EL PROVEEDOR<\/b><span style=\"font-weight: 400;\"> podr\u00e1 hacerlo dentro de treinta (30) d\u00edas h\u00e1biles siguientes, contados a partir de hecha la comunicaci\u00f3n de devoluci\u00f3n a <\/span><b>EL CLIENTE<\/b><span style=\"font-weight: 400;\">. El dinero se consignar\u00e1 a la cuenta utilizada en el momento de la compra o la que indique <\/span><b>EL CLIENTE<\/b><span style=\"font-weight: 400;\"> para tal efecto. Es deber de <\/span><b>EL CLIENTE<\/b><span style=\"font-weight: 400;\"> entregar la informaci\u00f3n requerida por <\/span><b>EL PROVEEDOR<\/b><span style=\"font-weight: 400;\"> para gestionar el tr\u00e1mite de devoluci\u00f3n de dinero.\u00a0<\/span><\/p><p><br \/><b><\/b><\/p><p><b>8. Divulgaci\u00f3n<\/b><b><\/b><\/p><p><b>EL PROVEEDOR<\/b><span style=\"font-weight: 400;\"> en cabeza de los Procesos gesti\u00f3n comercial y t\u00e9cnica, experiencia al cliente y gesti\u00f3n de procesos HSEQ dar\u00e1 a conocer a todos los Clientes y dem\u00e1s grupos de inter\u00e9s la presente pol\u00edtica de garant\u00eda y devoluciones a trav\u00e9s de la p\u00e1gina web:\u00a0 <\/span><a href=\"\/en\/\"><span style=\"font-weight: 400;\">https:\/\/iespecialidades.com\/<\/span><\/a><\/p><p><br \/><b><\/b><\/p><p><b>9. Vigencia<\/b><b><\/b><\/p><p><span style=\"font-weight: 400;\">La presente pol\u00edtica de garant\u00eda y devoluciones rige a partir de su firma, con vigencia indefinida.<\/span><\/p><p><span style=\"font-weight: 400;\">Las disposiciones legales posteriores a la publicaci\u00f3n de la presente pol\u00edtica se entender\u00e1n comprendidas en la misma. Cualquier cambio sustancial en la pol\u00edtica de garant\u00eda y devoluciones se comunicar\u00e1 de forma oportuna a trav\u00e9s de los medios habituales de contacto.<\/span><\/p>\t\t\t\t\t\t\t\t<\/div>\n\t\t\t\t<\/div>\n\t\t\t\t\t<\/div>\n\t\t<\/div>\n\t\t\t\t\t<\/div>\n\t\t<\/section>\n\t\t\t\t<\/div>","protected":false},"excerpt":{"rendered":"<p>1. Introducci\u00f3n INGTEC ESPECIALIDADES S.A.S BIC es una empresa dedicada a la fabricaci\u00f3n, comercializaci\u00f3n y distribuci\u00f3n de materias primas innovadoras, sustentables, \u00fanicas y eficientes para los sectores de Alimentos y Limpieza. El presente documento relaciona la pol\u00edtica y el procedimiento de atenci\u00f3n de garant\u00edas y devoluciones de INGTEC ESPECIALIDADES S.A.S BIC quien en adelante se [&hellip;]<\/p>\n","protected":false},"author":1,"featured_media":0,"parent":0,"menu_order":0,"comment_status":"closed","ping_status":"closed","template":"","meta":{"_acf_changed":false,"inline_featured_image":false,"footnotes":""},"class_list":["post-1305","page","type-page","status-publish","hentry"],"acf":[],"_links":{"self":[{"href":"\/en\/wp-json\/wp\/v2\/pages\/1305","targetHints":{"allow":["GET"]}}],"collection":[{"href":"\/en\/wp-json\/wp\/v2\/pages"}],"about":[{"href":"\/en\/wp-json\/wp\/v2\/types\/page"}],"author":[{"embeddable":true,"href":"\/en\/wp-json\/wp\/v2\/users\/1"}],"replies":[{"embeddable":true,"href":"\/en\/wp-json\/wp\/v2\/comments?post=1305"}],"version-history":[{"count":9,"href":"\/en\/wp-json\/wp\/v2\/pages\/1305\/revisions"}],"predecessor-version":[{"id":1315,"href":"\/en\/wp-json\/wp\/v2\/pages\/1305\/revisions\/1315"}],"wp:attachment":[{"href":"\/en\/wp-json\/wp\/v2\/media?parent=1305"}],"curies":[{"name":"wp","href":"https:\/\/api.w.org\/{rel}","templated":true}]}}