{"id":1354,"date":"2026-03-30T19:50:25","date_gmt":"2026-03-30T19:50:25","guid":{"rendered":"https:\/\/iespecialidades.com\/?page_id=1354"},"modified":"2026-03-30T20:35:44","modified_gmt":"2026-03-30T20:35:44","slug":"somos-una-empresa-bic","status":"publish","type":"page","link":"\/en\/somos-una-empresa-bic\/","title":{"rendered":"Somos una empresa BIC"},"content":{"rendered":"<div data-elementor-type=\"wp-page\" data-elementor-id=\"1354\" class=\"elementor elementor-1354\" data-elementor-post-type=\"page\">\n\t\t\t\t\t\t<section class=\"elementor-section elementor-top-section elementor-element elementor-element-b96dc07 pbmit-col-stretched-none pbmit-cursor-color-blackish-color pbmit-bg-color-over-image elementor-section-boxed elementor-section-height-default elementor-section-height-default\" data-id=\"b96dc07\" data-element_type=\"section\" data-e-type=\"section\">\n\t\t\t\t\t\t<div class=\"elementor-container elementor-column-gap-default\">\n\t\t\t\t\t<div class=\"elementor-column elementor-col-100 elementor-top-column elementor-element elementor-element-894300e pbmit-bg-color-over-image\" data-id=\"894300e\" data-element_type=\"column\" data-e-type=\"column\">\n\t\t\t<div class=\"elementor-widget-wrap elementor-element-populated\">\n\t\t\t\t\t\t<div class=\"elementor-element elementor-element-e9f77e8 elementor-widget elementor-widget-heading\" data-id=\"e9f77e8\" data-element_type=\"widget\" data-e-type=\"widget\" data-widget_type=\"heading.default\">\n\t\t\t\t<div class=\"elementor-widget-container\">\n\t\t\t\t\t<h1 class=\"elementor-heading-title elementor-size-default\">Somos una empreas BIC<\/h1>\t\t\t\t<\/div>\n\t\t\t\t<\/div>\n\t\t\t\t<div class=\"elementor-element elementor-element-a2f2def elementor-widget elementor-widget-text-editor\" data-id=\"a2f2def\" data-element_type=\"widget\" data-e-type=\"widget\" data-widget_type=\"text-editor.default\">\n\t\t\t\t<div class=\"elementor-widget-container\">\n\t\t\t\t\t\t\t\t\t<p>Ser una empresa BIC no es una etiqueta, es una forma de operar.<\/p><p>En Ingtec entendemos que cada decisi\u00f3n t\u00e9cnica, cada formulaci\u00f3n y cada desarrollo tiene un impacto que va m\u00e1s all\u00e1 del producto final. Por eso, asumimos el compromiso de actuar con transparencia, medir nuestro impacto y rendir cuentas de manera clara.<\/p><p>Nuestros informes anuales BIC son la evidencia de ese compromiso. En ellos compartimos c\u00f3mo avanzamos en sostenibilidad, c\u00f3mo integramos la innovaci\u00f3n cient\u00edfica con la responsabilidad ambiental y c\u00f3mo construimos relaciones de valor con nuestros clientes y aliados.<\/p><p>M\u00e1s que reportes, son una radiograf\u00eda de lo que somos: una compa\u00f1\u00eda donde la qu\u00edmica se transforma en confianza, y donde el crecimiento solo tiene sentido si es sostenible.<\/p>\t\t\t\t\t\t\t\t<\/div>\n\t\t\t\t<\/div>\n\t\t\t\t\t<\/div>\n\t\t<\/div>\n\t\t\t\t\t<\/div>\n\t\t<\/section>\n\t\t\t\t<section class=\"elementor-section elementor-top-section elementor-element elementor-element-cecec4d pbmit-col-stretched-none pbmit-cursor-color-blackish-color pbmit-bg-color-over-image elementor-section-boxed elementor-section-height-default elementor-section-height-default\" data-id=\"cecec4d\" data-element_type=\"section\" data-e-type=\"section\">\n\t\t\t\t\t\t<div class=\"elementor-container elementor-column-gap-custom\">\n\t\t\t\t\t<div class=\"elementor-column elementor-col-33 elementor-top-column elementor-element elementor-element-288a43e pbmit-bg-color-over-image\" data-id=\"288a43e\" data-element_type=\"column\" data-e-type=\"column\">\n\t\t\t<div class=\"elementor-widget-wrap elementor-element-populated\">\n\t\t\t\t\t\t<div class=\"elementor-element elementor-element-e377989 pbmit-animation-none elementor-widget elementor-widget-image\" data-id=\"e377989\" data-element_type=\"widget\" data-e-type=\"widget\" data-widget_type=\"image.default\">\n\t\t\t\t<div class=\"elementor-widget-container\">\n\t\t\t\t\t\t\t\t\t\t\t\t\t\t\t\t<a href=\"https:\/\/iespecialidades.com\/wp-content\/uploads\/2026\/03\/Informe_BIC_2025.pdf\" target=\"_blank\">\n\t\t\t\t\t\t\t<img fetchpriority=\"high\" decoding=\"async\" width=\"673\" height=\"955\" src=\"https:\/\/iespecialidades.com\/wp-content\/uploads\/2026\/03\/Imagen-4.jpg\" class=\"attachment-large size-large wp-image-1362\" alt=\"\" srcset=\"https:\/\/iespecialidades.com\/wp-content\/uploads\/2026\/03\/Imagen-4.jpg 673w, https:\/\/iespecialidades.com\/wp-content\/uploads\/2026\/03\/Imagen-4-211x300.jpg 211w, https:\/\/iespecialidades.com\/wp-content\/uploads\/2026\/03\/Imagen-4-8x12.jpg 8w\" sizes=\"(max-width: 673px) 100vw, 673px\" \/>\t\t\t\t\t\t\t\t<\/a>\n\t\t\t\t\t\t\t\t\t\t\t\t\t\t\t<\/div>\n\t\t\t\t<\/div>\n\t\t\t\t<div class=\"elementor-element elementor-element-d98509a elementor-widget elementor-widget-heading\" data-id=\"d98509a\" data-element_type=\"widget\" data-e-type=\"widget\" data-widget_type=\"heading.default\">\n\t\t\t\t<div class=\"elementor-widget-container\">\n\t\t\t\t\t<h2 class=\"elementor-heading-title elementor-size-default\"><a href=\"https:\/\/iespecialidades.com\/wp-content\/uploads\/2026\/03\/Informe_BIC_2025.pdf\" target=\"_blank\">Informe de gesti\u00f3n BIC 2025<\/a><\/h2>\t\t\t\t<\/div>\n\t\t\t\t<\/div>\n\t\t\t\t\t<\/div>\n\t\t<\/div>\n\t\t\t\t<div class=\"elementor-column elementor-col-33 elementor-top-column elementor-element elementor-element-dc72495 pbmit-bg-color-over-image\" data-id=\"dc72495\" data-element_type=\"column\" data-e-type=\"column\">\n\t\t\t<div class=\"elementor-widget-wrap elementor-element-populated\">\n\t\t\t\t\t\t<div class=\"elementor-element elementor-element-e655430 pbmit-animation-none elementor-widget elementor-widget-image\" data-id=\"e655430\" data-element_type=\"widget\" data-e-type=\"widget\" data-widget_type=\"image.default\">\n\t\t\t\t<div class=\"elementor-widget-container\">\n\t\t\t\t\t\t\t\t\t\t\t\t\t\t\t\t<a href=\"https:\/\/iespecialidades.com\/wp-content\/uploads\/2026\/03\/Informe_BIC_2024.pdf\" target=\"_blank\">\n\t\t\t\t\t\t\t<img decoding=\"async\" width=\"673\" height=\"955\" src=\"https:\/\/iespecialidades.com\/wp-content\/uploads\/2026\/03\/Imagen-5.jpg\" class=\"attachment-large size-large wp-image-1363\" alt=\"\" srcset=\"https:\/\/iespecialidades.com\/wp-content\/uploads\/2026\/03\/Imagen-5.jpg 673w, https:\/\/iespecialidades.com\/wp-content\/uploads\/2026\/03\/Imagen-5-211x300.jpg 211w, https:\/\/iespecialidades.com\/wp-content\/uploads\/2026\/03\/Imagen-5-8x12.jpg 8w\" sizes=\"(max-width: 673px) 100vw, 673px\" \/>\t\t\t\t\t\t\t\t<\/a>\n\t\t\t\t\t\t\t\t\t\t\t\t\t\t\t<\/div>\n\t\t\t\t<\/div>\n\t\t\t\t<div class=\"elementor-element elementor-element-b837848 elementor-widget elementor-widget-heading\" data-id=\"b837848\" data-element_type=\"widget\" data-e-type=\"widget\" data-widget_type=\"heading.default\">\n\t\t\t\t<div class=\"elementor-widget-container\">\n\t\t\t\t\t<h2 class=\"elementor-heading-title elementor-size-default\"><a href=\"https:\/\/iespecialidades.com\/wp-content\/uploads\/2026\/03\/Informe_BIC_2024.pdf\" target=\"_blank\">Informe de gesti\u00f3n BIC 2024<\/a><\/h2>\t\t\t\t<\/div>\n\t\t\t\t<\/div>\n\t\t\t\t\t<\/div>\n\t\t<\/div>\n\t\t\t\t<div class=\"elementor-column elementor-col-33 elementor-top-column elementor-element elementor-element-fec2532 pbmit-bg-color-over-image\" data-id=\"fec2532\" data-element_type=\"column\" data-e-type=\"column\">\n\t\t\t<div class=\"elementor-widget-wrap elementor-element-populated\">\n\t\t\t\t\t\t<div class=\"elementor-element elementor-element-895a3ae pbmit-animation-none elementor-widget elementor-widget-image\" data-id=\"895a3ae\" data-element_type=\"widget\" data-e-type=\"widget\" data-widget_type=\"image.default\">\n\t\t\t\t<div class=\"elementor-widget-container\">\n\t\t\t\t\t\t\t\t\t\t\t\t\t\t\t\t<a href=\"https:\/\/iespecialidades.com\/wp-content\/uploads\/2026\/03\/Informe_BIC_2023.pdf\" target=\"_blank\">\n\t\t\t\t\t\t\t<img decoding=\"async\" width=\"673\" height=\"955\" src=\"https:\/\/iespecialidades.com\/wp-content\/uploads\/2026\/03\/Imagen-6.jpg\" class=\"attachment-large size-large wp-image-1364\" alt=\"\" srcset=\"https:\/\/iespecialidades.com\/wp-content\/uploads\/2026\/03\/Imagen-6.jpg 673w, https:\/\/iespecialidades.com\/wp-content\/uploads\/2026\/03\/Imagen-6-211x300.jpg 211w, https:\/\/iespecialidades.com\/wp-content\/uploads\/2026\/03\/Imagen-6-8x12.jpg 8w\" sizes=\"(max-width: 673px) 100vw, 673px\" \/>\t\t\t\t\t\t\t\t<\/a>\n\t\t\t\t\t\t\t\t\t\t\t\t\t\t\t<\/div>\n\t\t\t\t<\/div>\n\t\t\t\t<div class=\"elementor-element elementor-element-ac5fc69 elementor-widget elementor-widget-heading\" data-id=\"ac5fc69\" data-element_type=\"widget\" data-e-type=\"widget\" data-widget_type=\"heading.default\">\n\t\t\t\t<div class=\"elementor-widget-container\">\n\t\t\t\t\t<h2 class=\"elementor-heading-title elementor-size-default\"><a href=\"https:\/\/iespecialidades.com\/wp-content\/uploads\/2026\/03\/Informe_BIC_2023.pdf\" target=\"_blank\">Informe de gesti\u00f3n BIC 2023<\/a><\/h2>\t\t\t\t<\/div>\n\t\t\t\t<\/div>\n\t\t\t\t\t<\/div>\n\t\t<\/div>\n\t\t\t\t\t<\/div>\n\t\t<\/section>\n\t\t\t\t<\/div>","protected":false},"excerpt":{"rendered":"<p>Somos una empreas BIC Ser una empresa BIC no es una etiqueta, es una forma de operar. En Ingtec entendemos que cada decisi\u00f3n t\u00e9cnica, cada formulaci\u00f3n y cada desarrollo tiene un impacto que va m\u00e1s all\u00e1 del producto final. Por eso, asumimos el compromiso de actuar con transparencia, medir nuestro impacto y rendir cuentas de [&hellip;]<\/p>\n","protected":false},"author":1,"featured_media":0,"parent":0,"menu_order":0,"comment_status":"closed","ping_status":"closed","template":"elementor_theme","meta":{"_acf_changed":false,"inline_featured_image":false,"footnotes":""},"class_list":["post-1354","page","type-page","status-publish","hentry"],"acf":[],"_links":{"self":[{"href":"\/en\/wp-json\/wp\/v2\/pages\/1354","targetHints":{"allow":["GET"]}}],"collection":[{"href":"\/en\/wp-json\/wp\/v2\/pages"}],"about":[{"href":"\/en\/wp-json\/wp\/v2\/types\/page"}],"author":[{"embeddable":true,"href":"\/en\/wp-json\/wp\/v2\/users\/1"}],"replies":[{"embeddable":true,"href":"\/en\/wp-json\/wp\/v2\/comments?post=1354"}],"version-history":[{"count":12,"href":"\/en\/wp-json\/wp\/v2\/pages\/1354\/revisions"}],"predecessor-version":[{"id":1375,"href":"\/en\/wp-json\/wp\/v2\/pages\/1354\/revisions\/1375"}],"wp:attachment":[{"href":"\/en\/wp-json\/wp\/v2\/media?parent=1354"}],"curies":[{"name":"wp","href":"https:\/\/api.w.org\/{rel}","templated":true}]}}