{"id":689,"date":"2025-09-12T06:27:24","date_gmt":"2025-09-12T06:27:24","guid":{"rendered":"https:\/\/iespecialidades.com\/?page_id=689"},"modified":"2025-09-12T06:41:42","modified_gmt":"2025-09-12T06:41:42","slug":"blanqueadores-opticos-para-unas-prendas-relucientes","status":"publish","type":"page","link":"\/en\/blanqueadores-opticos-para-unas-prendas-relucientes\/","title":{"rendered":"Blanqueadores \u00d3pticos para unas prendas relucientes"},"content":{"rendered":"<div data-elementor-type=\"wp-page\" data-elementor-id=\"689\" class=\"elementor elementor-689\" data-elementor-post-type=\"page\">\n\t\t\t\t\t\t<section class=\"elementor-section elementor-top-section elementor-element elementor-element-065d9cd pbmit-col-stretched-none pbmit-cursor-color-blackish-color pbmit-bg-color-over-image elementor-section-boxed elementor-section-height-default elementor-section-height-default\" data-id=\"065d9cd\" data-element_type=\"section\" data-e-type=\"section\">\n\t\t\t\t\t\t<div class=\"elementor-container elementor-column-gap-default\">\n\t\t\t\t\t<div class=\"elementor-column elementor-col-100 elementor-top-column elementor-element elementor-element-82b1483 pbmit-bg-color-over-image\" data-id=\"82b1483\" data-element_type=\"column\" data-e-type=\"column\">\n\t\t\t<div class=\"elementor-widget-wrap elementor-element-populated\">\n\t\t\t\t\t\t<div class=\"elementor-element elementor-element-8ff1541 elementor-widget__width-initial elementor-widget elementor-widget-text-editor\" data-id=\"8ff1541\" data-element_type=\"widget\" data-e-type=\"widget\" data-widget_type=\"text-editor.default\">\n\t\t\t\t<div class=\"elementor-widget-container\">\n\t\t\t\t\t\t\t\t\t<p><strong>\u00bfEst\u00e1s cansado de lidiar con soluciones de limpieza ineficaces y da\u00f1inas para el medio ambiente?<\/strong> \u00a1No busques m\u00e1s! Te presentamos Augeo Clean Multi, el revolucionario solvente de Solvay que combina un poder de limpieza excepcional con sostenibilidad.<\/p>\t\t\t\t\t\t\t\t<\/div>\n\t\t\t\t<\/div>\n\t\t\t\t\t<\/div>\n\t\t<\/div>\n\t\t\t\t\t<\/div>\n\t\t<\/section>\n\t\t\t\t<section class=\"elementor-section elementor-top-section elementor-element elementor-element-0d5ac4d pbmit-col-stretched-none pbmit-cursor-color-blackish-color pbmit-bg-color-over-image elementor-section-boxed elementor-section-height-default elementor-section-height-default\" data-id=\"0d5ac4d\" data-element_type=\"section\" data-e-type=\"section\">\n\t\t\t\t\t\t<div class=\"elementor-container elementor-column-gap-custom\">\n\t\t\t\t\t<div class=\"elementor-column elementor-col-50 elementor-top-column elementor-element elementor-element-62ac3af pbmit-bg-color-over-image\" data-id=\"62ac3af\" data-element_type=\"column\" data-e-type=\"column\">\n\t\t\t<div class=\"elementor-widget-wrap elementor-element-populated\">\n\t\t\t\t\t\t<div class=\"elementor-element elementor-element-7e3cf94 elementor-widget elementor-widget-heading\" data-id=\"7e3cf94\" data-element_type=\"widget\" data-e-type=\"widget\" data-widget_type=\"heading.default\">\n\t\t\t\t<div class=\"elementor-widget-container\">\n\t\t\t\t\t<h2 class=\"elementor-heading-title elementor-size-default\">\u00bfQu\u00e9 son los blanqueadores \u00f3pticos?<\/h2>\t\t\t\t<\/div>\n\t\t\t\t<\/div>\n\t\t\t\t<div class=\"elementor-element elementor-element-c977be1 elementor-widget__width-initial elementor-widget elementor-widget-text-editor\" data-id=\"c977be1\" data-element_type=\"widget\" data-e-type=\"widget\" data-widget_type=\"text-editor.default\">\n\t\t\t\t<div class=\"elementor-widget-container\">\n\t\t\t\t\t\t\t\t\t<p>Los blanqueadores \u00f3pticos son verdaderos maestros de la blancura y la luminosidad. Estos agentes fluorescentes son capaces de resaltar los colores claros y neutralizar los tonos amarillentos en tus prendas y textiles favoritos. Su poder radica en la capacidad de absorber la luz ultravioleta invisible y emitir una luz fluorescente en el espectro azul, creando una ilusi\u00f3n \u00f3ptica de blancura deslumbrante.<\/p>\t\t\t\t\t\t\t\t<\/div>\n\t\t\t\t<\/div>\n\t\t\t\t\t<\/div>\n\t\t<\/div>\n\t\t\t\t<div class=\"elementor-column elementor-col-50 elementor-top-column elementor-element elementor-element-a502bc3 pbmit-bg-color-over-image\" data-id=\"a502bc3\" data-element_type=\"column\" data-e-type=\"column\">\n\t\t\t<div class=\"elementor-widget-wrap elementor-element-populated\">\n\t\t\t\t\t\t<div class=\"elementor-element elementor-element-4934db3 pbmit-animation-none elementor-widget elementor-widget-image\" data-id=\"4934db3\" data-element_type=\"widget\" data-e-type=\"widget\" data-widget_type=\"image.default\">\n\t\t\t\t<div class=\"elementor-widget-container\">\n\t\t\t\t\t\t\t\t\t\t\t\t\t\t\t<img fetchpriority=\"high\" decoding=\"async\" width=\"1024\" height=\"576\" src=\"https:\/\/iespecialidades.com\/wp-content\/uploads\/2025\/09\/Blanqueadores-opticos-1024x576-1.jpg\" class=\"attachment-full size-full wp-image-692\" alt=\"\" srcset=\"https:\/\/iespecialidades.com\/wp-content\/uploads\/2025\/09\/Blanqueadores-opticos-1024x576-1.jpg 1024w, https:\/\/iespecialidades.com\/wp-content\/uploads\/2025\/09\/Blanqueadores-opticos-1024x576-1-300x169.jpg 300w, https:\/\/iespecialidades.com\/wp-content\/uploads\/2025\/09\/Blanqueadores-opticos-1024x576-1-768x432.jpg 768w\" sizes=\"(max-width: 1024px) 100vw, 1024px\" \/>\t\t\t\t\t\t\t\t\t\t\t\t\t\t\t<\/div>\n\t\t\t\t<\/div>\n\t\t\t\t\t<\/div>\n\t\t<\/div>\n\t\t\t\t\t<\/div>\n\t\t<\/section>\n\t\t\t\t<section class=\"elementor-section elementor-top-section elementor-element elementor-element-43bfb52 elementor-reverse-mobile pbmit-col-stretched-none pbmit-cursor-color-blackish-color pbmit-bg-color-over-image elementor-section-boxed elementor-section-height-default elementor-section-height-default\" data-id=\"43bfb52\" data-element_type=\"section\" data-e-type=\"section\">\n\t\t\t\t\t\t<div class=\"elementor-container elementor-column-gap-custom\">\n\t\t\t\t\t<div class=\"elementor-column elementor-col-50 elementor-top-column elementor-element elementor-element-157866b pbmit-bg-color-over-image\" data-id=\"157866b\" data-element_type=\"column\" data-e-type=\"column\">\n\t\t\t<div class=\"elementor-widget-wrap elementor-element-populated\">\n\t\t\t\t\t\t<div class=\"elementor-element elementor-element-aea23df pbmit-animation-none elementor-widget elementor-widget-image\" data-id=\"aea23df\" data-element_type=\"widget\" data-e-type=\"widget\" data-widget_type=\"image.default\">\n\t\t\t\t<div class=\"elementor-widget-container\">\n\t\t\t\t\t\t\t\t\t\t\t\t\t\t\t<img decoding=\"async\" width=\"768\" height=\"1422\" src=\"https:\/\/iespecialidades.com\/wp-content\/uploads\/2025\/09\/blanqueadores-opticos-para-detergentes-768x1422-1.png\" class=\"attachment-full size-full wp-image-694\" alt=\"\" srcset=\"https:\/\/iespecialidades.com\/wp-content\/uploads\/2025\/09\/blanqueadores-opticos-para-detergentes-768x1422-1.png 768w, https:\/\/iespecialidades.com\/wp-content\/uploads\/2025\/09\/blanqueadores-opticos-para-detergentes-768x1422-1-162x300.png 162w, https:\/\/iespecialidades.com\/wp-content\/uploads\/2025\/09\/blanqueadores-opticos-para-detergentes-768x1422-1-553x1024.png 553w\" sizes=\"(max-width: 768px) 100vw, 768px\" \/>\t\t\t\t\t\t\t\t\t\t\t\t\t\t\t<\/div>\n\t\t\t\t<\/div>\n\t\t\t\t\t<\/div>\n\t\t<\/div>\n\t\t\t\t<div class=\"elementor-column elementor-col-50 elementor-top-column elementor-element elementor-element-81e419e pbmit-bg-color-over-image\" data-id=\"81e419e\" data-element_type=\"column\" data-e-type=\"column\">\n\t\t\t<div class=\"elementor-widget-wrap elementor-element-populated\">\n\t\t\t\t\t\t<div class=\"elementor-element elementor-element-66c5127 elementor-widget elementor-widget-heading\" data-id=\"66c5127\" data-element_type=\"widget\" data-e-type=\"widget\" data-widget_type=\"heading.default\">\n\t\t\t\t<div class=\"elementor-widget-container\">\n\t\t\t\t\t<h2 class=\"elementor-heading-title elementor-size-default\">Cu\u00e1les son los beneficios de los blanqueadores \u00f3pticos<\/h2>\t\t\t\t<\/div>\n\t\t\t\t<\/div>\n\t\t\t\t<div class=\"elementor-element elementor-element-a2f5e73 elementor-widget__width-initial elementor-widget elementor-widget-text-editor\" data-id=\"a2f5e73\" data-element_type=\"widget\" data-e-type=\"widget\" data-widget_type=\"text-editor.default\">\n\t\t\t\t<div class=\"elementor-widget-container\">\n\t\t\t\t\t\t\t\t\t<p><strong>Blancura deslumbrante: \u00a1Brilla con prendas impecables!<\/strong><\/p><ul><li>Los blanqueadores \u00f3pticos realzan la blancura de tus prendas y textiles, creando una apariencia deslumbrante y radiante.<\/li><li>Neutralizan los tonos amarillentos y revitalizan los colores claros, devolviendo a tus prendas su aspecto original y fresco.<\/li><\/ul><p><strong>Luminosidad radiante: Resalta la luminosidad en cada detalle.<\/strong><\/p><ul><li>Los blanqueadores \u00f3pticos mejoran la luminosidad de tus prendas, d\u00e1ndoles un aspecto brillante y vibrante.<\/li><li>La emisi\u00f3n de luz fluorescente en el espectro azul contrarresta los tonos amarillos no deseados, realzando los colores claros y creando un impacto visual impresionante.<\/li><\/ul><p><strong>Prolongaci\u00f3n de la vida \u00fatil de las prendas: Cuida tus prendas favoritas por m\u00e1s tiempo.<\/strong><\/p><ul><li>El uso de blanqueadores \u00f3pticos puede ayudar a mantener tus prendas en excelentes condiciones, evitando su reemplazo prematuro.<\/li><li>Al realzar la blancura y luminosidad de los textiles, los blanqueadores \u00f3pticos te permiten disfrutar de tus prendas favoritas durante m\u00e1s tiempo, ahorrando dinero y reduciendo la generaci\u00f3n de residuos textiles.<\/li><\/ul><p><strong>Versatilidad en la aplicaci\u00f3n: Un aliado para todos tus textiles.<\/strong><\/p><ul><li>Los blanqueadores \u00f3pticos se pueden utilizar en una amplia gama de textiles, incluyendo ropa, ropa de cama, cortinas, alfombras y m\u00e1s.<\/li><li>Su versatilidad los convierte en un aliado confiable para mantener la blancura y luminosidad en diferentes tipos de tejidos, desde algod\u00f3n hasta seda.<\/li><\/ul><p><strong>Contribuci\u00f3n al medio ambiente: Una elecci\u00f3n sostenible.<\/strong><\/p><ul><li>Al optar por productos que contienen blanqueadores \u00f3pticos, est\u00e1s contribuyendo a la conservaci\u00f3n del medio ambiente.<\/li><li>Al prolongar la vida \u00fatil de tus prendas y reducir la demanda de nuevos productos, ayudas a disminuir el consumo de recursos naturales y la generaci\u00f3n de residuos textiles, promoviendo un estilo de vida m\u00e1s sostenible.<\/li><\/ul>\t\t\t\t\t\t\t\t<\/div>\n\t\t\t\t<\/div>\n\t\t\t\t\t<\/div>\n\t\t<\/div>\n\t\t\t\t\t<\/div>\n\t\t<\/section>\n\t\t\t\t<section class=\"elementor-section elementor-top-section elementor-element elementor-element-c930b74 elementor-reverse-mobile pbmit-col-stretched-none pbmit-cursor-color-blackish-color pbmit-bg-color-over-image elementor-section-boxed elementor-section-height-default elementor-section-height-default\" data-id=\"c930b74\" data-element_type=\"section\" data-e-type=\"section\">\n\t\t\t\t\t\t<div class=\"elementor-container elementor-column-gap-custom\">\n\t\t\t\t\t<div class=\"elementor-column elementor-col-50 elementor-top-column elementor-element elementor-element-ed6114a pbmit-bg-color-over-image\" data-id=\"ed6114a\" data-element_type=\"column\" data-e-type=\"column\">\n\t\t\t<div class=\"elementor-widget-wrap elementor-element-populated\">\n\t\t\t\t\t\t<div class=\"elementor-element elementor-element-8a86655 elementor-widget elementor-widget-heading\" data-id=\"8a86655\" data-element_type=\"widget\" data-e-type=\"widget\" data-widget_type=\"heading.default\">\n\t\t\t\t<div class=\"elementor-widget-container\">\n\t\t\t\t\t<h2 class=\"elementor-heading-title elementor-size-default\">C\u00f3mo act\u00faan los blanqueadores \u00f3pticos<\/h2>\t\t\t\t<\/div>\n\t\t\t\t<\/div>\n\t\t\t\t<div class=\"elementor-element elementor-element-78581f9 elementor-widget__width-initial elementor-widget elementor-widget-text-editor\" data-id=\"78581f9\" data-element_type=\"widget\" data-e-type=\"widget\" data-widget_type=\"text-editor.default\">\n\t\t\t\t<div class=\"elementor-widget-container\">\n\t\t\t\t\t\t\t\t\t<p>Los blanqueadores \u00f3pticos no se limitan solo a la ropa, \u00a1son una herramienta vers\u00e1til para todos tus textiles! Puedes encontrarlos en detergentes para ropa, suavizantes de telas, detergentes para lavavajillas y otros productos de limpieza dom\u00e9sticos.<\/p><p>Adem\u00e1s, estos blanqueadores pueden ser utilizados en diferentes tipos de tejidos, siempre y cuando se sigan las instrucciones del producto. Desde algod\u00f3n hasta seda, los blanqueadores \u00f3pticos pueden revitalizar la blancura y la luminosidad de tus prendas favoritas, brind\u00e1ndote una sensaci\u00f3n de frescura y elegancia.<\/p><p>Al utilizar productos con blanqueadores \u00f3pticos, est\u00e1s dando un paso hacia un consumo m\u00e1s responsable y un impacto positivo en el medio ambiente. \u00a1\u00danete a la revoluci\u00f3n de la blancura sostenible y disfruta de prendas impecables mientras cuidas del planeta que todos compartimos!<\/p>\t\t\t\t\t\t\t\t<\/div>\n\t\t\t\t<\/div>\n\t\t\t\t\t<\/div>\n\t\t<\/div>\n\t\t\t\t<div class=\"elementor-column elementor-col-50 elementor-top-column elementor-element elementor-element-09acbcb pbmit-bg-color-over-image\" data-id=\"09acbcb\" data-element_type=\"column\" data-e-type=\"column\">\n\t\t\t<div class=\"elementor-widget-wrap elementor-element-populated\">\n\t\t\t\t\t\t<div class=\"elementor-element elementor-element-b08276e pbmit-animation-none elementor-widget elementor-widget-image\" data-id=\"b08276e\" data-element_type=\"widget\" data-e-type=\"widget\" data-widget_type=\"image.default\">\n\t\t\t\t<div class=\"elementor-widget-container\">\n\t\t\t\t\t\t\t\t\t\t\t\t\t\t\t<img decoding=\"async\" width=\"1200\" height=\"1000\" src=\"https:\/\/iespecialidades.com\/wp-content\/uploads\/2025\/09\/solventer-vernde-augeo-clean-multi-limpieza-de-superficies-1200-\u00d7-1000-px-1.png\" class=\"attachment-full size-full wp-image-676\" alt=\"\" srcset=\"https:\/\/iespecialidades.com\/wp-content\/uploads\/2025\/09\/solventer-vernde-augeo-clean-multi-limpieza-de-superficies-1200-\u00d7-1000-px-1.png 1200w, https:\/\/iespecialidades.com\/wp-content\/uploads\/2025\/09\/solventer-vernde-augeo-clean-multi-limpieza-de-superficies-1200-\u00d7-1000-px-1-300x250.png 300w, https:\/\/iespecialidades.com\/wp-content\/uploads\/2025\/09\/solventer-vernde-augeo-clean-multi-limpieza-de-superficies-1200-\u00d7-1000-px-1-1024x853.png 1024w, https:\/\/iespecialidades.com\/wp-content\/uploads\/2025\/09\/solventer-vernde-augeo-clean-multi-limpieza-de-superficies-1200-\u00d7-1000-px-1-768x640.png 768w\" sizes=\"(max-width: 1200px) 100vw, 1200px\" \/>\t\t\t\t\t\t\t\t\t\t\t\t\t\t\t<\/div>\n\t\t\t\t<\/div>\n\t\t\t\t\t<\/div>\n\t\t<\/div>\n\t\t\t\t\t<\/div>\n\t\t<\/section>\n\t\t\t\t<section class=\"elementor-section elementor-top-section elementor-element elementor-element-466a04b pbmit-col-stretched-none pbmit-cursor-color-blackish-color pbmit-bg-color-over-image elementor-section-boxed elementor-section-height-default elementor-section-height-default\" data-id=\"466a04b\" data-element_type=\"section\" data-e-type=\"section\">\n\t\t\t\t\t\t<div class=\"elementor-container elementor-column-gap-default\">\n\t\t\t\t\t<div class=\"elementor-column elementor-col-100 elementor-top-column elementor-element elementor-element-25fb6e6 pbmit-bg-color-over-image\" data-id=\"25fb6e6\" data-element_type=\"column\" data-e-type=\"column\">\n\t\t\t<div class=\"elementor-widget-wrap elementor-element-populated\">\n\t\t\t\t\t\t<div class=\"elementor-element elementor-element-0904f3c elementor-widget elementor-widget-heading\" data-id=\"0904f3c\" data-element_type=\"widget\" data-e-type=\"widget\" data-widget_type=\"heading.default\">\n\t\t\t\t<div class=\"elementor-widget-container\">\n\t\t\t\t\t<h2 class=\"elementor-heading-title elementor-size-default\">Aplicaciones<\/h2>\t\t\t\t<\/div>\n\t\t\t\t<\/div>\n\t\t\t\t\t<\/div>\n\t\t<\/div>\n\t\t\t\t\t<\/div>\n\t\t<\/section>\n\t\t\t\t<section class=\"elementor-section elementor-top-section elementor-element elementor-element-2dba07a pbmit-col-stretched-none pbmit-cursor-color-blackish-color pbmit-bg-color-over-image elementor-section-boxed elementor-section-height-default elementor-section-height-default\" data-id=\"2dba07a\" data-element_type=\"section\" data-e-type=\"section\">\n\t\t\t\t\t\t<div class=\"elementor-container elementor-column-gap-default\">\n\t\t\t\t\t<div class=\"elementor-column elementor-col-33 elementor-top-column elementor-element elementor-element-b06f176 pbmit-bg-color-over-image\" data-id=\"b06f176\" data-element_type=\"column\" data-e-type=\"column\">\n\t\t\t<div class=\"elementor-widget-wrap elementor-element-populated\">\n\t\t\t\t\t\t<div class=\"elementor-element elementor-element-266f876 elementor-widget__width-initial elementor-widget elementor-widget-text-editor\" data-id=\"266f876\" data-element_type=\"widget\" data-e-type=\"widget\" data-widget_type=\"text-editor.default\">\n\t\t\t\t<div class=\"elementor-widget-container\">\n\t\t\t\t\t\t\t\t\t<p><strong>Soluciones Hogar<\/strong><\/p><ul><li>Hogar<\/li><li>Detergentes l\u00edquido<\/li><\/ul>\t\t\t\t\t\t\t\t<\/div>\n\t\t\t\t<\/div>\n\t\t\t\t\t<\/div>\n\t\t<\/div>\n\t\t\t\t<div class=\"elementor-column elementor-col-33 elementor-top-column elementor-element elementor-element-07c586a pbmit-bg-color-over-image\" data-id=\"07c586a\" data-element_type=\"column\" data-e-type=\"column\">\n\t\t\t<div class=\"elementor-widget-wrap elementor-element-populated\">\n\t\t\t\t\t\t<div class=\"elementor-element elementor-element-fd00091 elementor-widget__width-initial elementor-widget elementor-widget-text-editor\" data-id=\"fd00091\" data-element_type=\"widget\" data-e-type=\"widget\" data-widget_type=\"text-editor.default\">\n\t\t\t\t<div class=\"elementor-widget-container\">\n\t\t\t\t\t\t\t\t\t<p><strong>Soluciones Industriales<\/strong><\/p><ul><li>Lavander\u00eda<\/li><\/ul>\t\t\t\t\t\t\t\t<\/div>\n\t\t\t\t<\/div>\n\t\t\t\t\t<\/div>\n\t\t<\/div>\n\t\t\t\t<div class=\"elementor-column elementor-col-33 elementor-top-column elementor-element elementor-element-c5fe095 pbmit-bg-color-over-image\" data-id=\"c5fe095\" data-element_type=\"column\" data-e-type=\"column\">\n\t\t\t<div class=\"elementor-widget-wrap elementor-element-populated\">\n\t\t\t\t\t\t<div class=\"elementor-element elementor-element-4f124d3 elementor-widget__width-initial elementor-widget elementor-widget-text-editor\" data-id=\"4f124d3\" data-element_type=\"widget\" data-e-type=\"widget\" data-widget_type=\"text-editor.default\">\n\t\t\t\t<div class=\"elementor-widget-container\">\n\t\t\t\t\t\t\t\t\t<p><strong>Soluciones Institucionales<\/strong><\/p><ul><li>Detergentes l\u00edquidos<\/li><\/ul>\t\t\t\t\t\t\t\t<\/div>\n\t\t\t\t<\/div>\n\t\t\t\t\t<\/div>\n\t\t<\/div>\n\t\t\t\t\t<\/div>\n\t\t<\/section>\n\t\t\t\t<\/div>","protected":false},"excerpt":{"rendered":"<p>\u00bfEst\u00e1s cansado de lidiar con soluciones de limpieza ineficaces y da\u00f1inas para el medio ambiente? \u00a1No busques m\u00e1s! Te presentamos Augeo Clean Multi, el revolucionario solvente de Solvay que combina un poder de limpieza excepcional con sostenibilidad. \u00bfQu\u00e9 son los blanqueadores \u00f3pticos? Los blanqueadores \u00f3pticos son verdaderos maestros de la blancura y la luminosidad. Estos [&hellip;]<\/p>\n","protected":false},"author":1,"featured_media":0,"parent":0,"menu_order":0,"comment_status":"closed","ping_status":"closed","template":"","meta":{"_acf_changed":false,"inline_featured_image":false,"footnotes":""},"class_list":["post-689","page","type-page","status-publish","hentry"],"acf":[],"_links":{"self":[{"href":"\/en\/wp-json\/wp\/v2\/pages\/689","targetHints":{"allow":["GET"]}}],"collection":[{"href":"\/en\/wp-json\/wp\/v2\/pages"}],"about":[{"href":"\/en\/wp-json\/wp\/v2\/types\/page"}],"author":[{"embeddable":true,"href":"\/en\/wp-json\/wp\/v2\/users\/1"}],"replies":[{"embeddable":true,"href":"\/en\/wp-json\/wp\/v2\/comments?post=689"}],"version-history":[{"count":5,"href":"\/en\/wp-json\/wp\/v2\/pages\/689\/revisions"}],"predecessor-version":[{"id":699,"href":"\/en\/wp-json\/wp\/v2\/pages\/689\/revisions\/699"}],"wp:attachment":[{"href":"\/en\/wp-json\/wp\/v2\/media?parent=689"}],"curies":[{"name":"wp","href":"https:\/\/api.w.org\/{rel}","templated":true}]}}