{"id":77,"date":"2023-04-24T04:32:31","date_gmt":"2023-04-24T04:32:31","guid":{"rendered":"http:\/\/digiwize-demo.pbminfotech.com\/demo1\/?page_id=8219"},"modified":"2025-09-29T03:38:42","modified_gmt":"2025-09-29T03:38:42","slug":"blog","status":"publish","type":"page","link":"\/en\/blog\/","title":{"rendered":"Blog"},"content":{"rendered":"<div data-elementor-type=\"wp-page\" data-elementor-id=\"77\" class=\"elementor elementor-77\" data-elementor-post-type=\"page\">\n\t\t\t\t\t\t<section class=\"elementor-section elementor-top-section elementor-element elementor-element-37d9828 pbmit-col-stretched-none pbmit-cursor-color-blackish-color pbmit-bg-color-over-image elementor-section-boxed elementor-section-height-default elementor-section-height-default\" data-id=\"37d9828\" data-element_type=\"section\" data-e-type=\"section\">\n\t\t\t\t\t\t<div class=\"elementor-container elementor-column-gap-default\">\n\t\t\t\t\t<div class=\"elementor-column elementor-col-100 elementor-top-column elementor-element elementor-element-438815f pbmit-bg-color-over-image\" data-id=\"438815f\" data-element_type=\"column\" data-e-type=\"column\">\n\t\t\t<div class=\"elementor-widget-wrap elementor-element-populated\">\n\t\t\t\t\t\t<div class=\"elementor-element elementor-element-75e5be0 elementor-widget elementor-widget-pbmit_blog_element\" data-id=\"75e5be0\" data-element_type=\"widget\" data-e-type=\"widget\" data-widget_type=\"pbmit_blog_element.default\">\n\t\t\t\t<div class=\"elementor-widget-container\">\n\t\t\t\t\t\r\n\t\t\t<div class=\"pbminfotech-element\t\t\t\tpbminfotech-element-blog\t\t\t\tpbmit-element-blog-style-9\t\t\t\tpbmit-element-viewtype-row-column\t\t\t\tpbmit-element-column-three\t\t\t\tpbmit-element-sticky-carousel-false\t\t\t\tpbmit-element-caroursel-dot-false\t\t\t\tpbmit-infinite-scroll-no\t\t\t\tpbmit-infinite-scroll-button-no\t\t\t\tpbminfotech-gap-default\"\r\n\r\n\t\t\t\tdata-cpt=\"blog\"\r\n\t\t\t\tdata-totalpagination=\"3\"\r\n\t\t\t\tdata-style=\"9\"\r\n\t\t\t\tdata-show=\"6\"\r\n\t\t\t\tdata-columns=\"3\"\r\n\t\t\t\tdata-loop=\"false\"\r\n\t\t\t\tdata-autoplay=\"false\"\r\n\t\t\t\tdata-center=\"false\"\r\n\t\t\t\tdata-nav=\"false\"\r\n\t\t\t\tdata-dots=\"false\"\r\n\t\t\t\tdata-reverse=\"false\"\r\n\t\t\t\tdata-speed=\"1000\"\r\n\t\t\t\tdata-delay=\"4000\"\r\n\t\t\t\tdata-margin=\"default\">\r\n\r\n\t\t\t\t<div class=\"pbmit-element-inner\">\r\n\t\t\t\r\n\r\n\t\t\t\r\n\t\t<div class=\"pbmit-ele-header-area\">\r\n\t\t\t\t<div class=\"pbmit-heading-subheading pbmit-heading-subheading-style-1\"><h2 class=\"pbmit-element-title\">\r\n\t\t\t\r\n\t\t\t\tArt\u00edculos\r\n\t\t\t\r\n\t\t\t<\/h2>\r\n\t\t<\/div>\t\t\t\t\t<\/div>\r\n\r\n\t\t<div class=\"pbmit-infinite-scroll-data\">{\"cpt\":\"blog\",\"style\":\"9\",\"columns\":\"3\",\"show\":\"6\",\"order\":\"DESC\",\"orderby\":\"none\"}<\/div>\r\n\t\t\t<div class=\"pbmit-element-posts-wrapper row multi-columns-row\">\r\n\t\t\t\t\r\n\t\t\t\t<article class=\"pbmit-ele pbmit-ele-blog pbmit-blog-style-9 col-md-4 consejos-para-la-industria-de-la-limpieza pbmit-term-51 industria-de-limpieza pbmit-term-53 materias-primas-de-la-industria-de-limpieza pbmit-term-54 materias-primas-de-la-industria-de-limpieza-industria-de-alimentos pbmit-term-47 pbmit-odd pbmit-col-odd\"><div class=\"post-item\">\r\n\t<div class=\"pbminfotech-box-content\">\r\n\t\t<div class=\"pbmit-featured-container\">\r\n\t\t\t<div class=\"pbmit-featured-img-wrapper\"><div class=\"pbmit-featured-wrapper\"><a href=\"\/en\/cuantas-de-tus-etiquetas-resistirian-una-auditoria\/\"><img fetchpriority=\"high\" decoding=\"async\" width=\"740\" height=\"480\" src=\"https:\/\/iespecialidades.com\/wp-content\/uploads\/2026\/04\/portada-blog-ingtec-AUDITORIA-1-740x480.png\" class=\"attachment-pbmit-img-740x560 size-pbmit-img-740x560 wp-post-image\" alt=\"\" \/><\/a><\/div><\/div>\t\t\t<div class=\"pbmit-meta-date-wrapper pbmit-meta-line\">\r\n\t\t\t\t<div class=\"pbmit-meta-date\">\r\n\t\t\t\t\t<span class=\"pbmit-day-wrap\">13<\/span>\r\n\t\t\t\t\t<span class=\"pbmit-date-wrap\">Apr 2026<\/span>\r\n\t\t\t\t<\/div>\r\n\t\t\t<\/div>\r\n\t\t<\/div>\r\n\t\t<div class=\"pbmit-category-admin-wraper d-flex align-items-center\">\r\n\t\t\t<div class=\"pbmit-meta-cat-wrapper pbmit-meta-line\">\r\n\t\t\t\t<div class=\"pbmit-meta-category\"><a href=\"\/en\/category\/consejos-para-la-industria-de-la-limpieza\/\" rel=\"category tag\">Consejos para la industria de la limpieza<\/a> <a href=\"\/en\/category\/industria-de-limpieza\/\" rel=\"category tag\">Industria de Limpieza<\/a> <a href=\"\/en\/category\/materias-primas-de-la-industria-de-limpieza\/\" rel=\"category tag\">Materias primas de la industria de limpieza<\/a> <a href=\"\/en\/category\/materias-primas-de-la-industria-de-limpieza-industria-de-alimentos\/\" rel=\"category tag\">Materias primas de la industria de limpieza<\/a><\/div>\r\n\t\t\t<\/div>\r\n\t\t\t\t\t\t\t\t\t<div class=\"pbmit-meta-author pbmit-meta-line\">\r\n\t\t\t\t<span class=\"pbmit-post-author\">Estrategia Digital<\/span>\r\n\t\t\t<\/div>\r\n\t\t<\/div>\r\n\t\t<div class=\"pbmit-content-wrapper\">\r\n\t\t\t<h3 class=\"pbmit-post-title\"><a href=\"\/en\/cuantas-de-tus-etiquetas-resistirian-una-auditoria\/\">\u00bfCu\u00e1ntas de tus etiquetas resistir\u00edan una auditoria?<\/a><\/h3>\r\n\t\t<\/div>\r\n\t<\/div>\r\n<\/div><\/article><article class=\"pbmit-ele pbmit-ele-blog pbmit-blog-style-9 col-md-4 uncategorized pbmit-term-1 pbmit-even pbmit-col-odd\"><div class=\"post-item\">\r\n\t<div class=\"pbminfotech-box-content\">\r\n\t\t<div class=\"pbmit-featured-container\">\r\n\t\t\t<div class=\"pbmit-featured-img-wrapper\"><div class=\"pbmit-featured-wrapper\"><a href=\"\/en\/biosurfactantes-la-revolucion-verde-en-la-limpieza-profesional\/\"><img decoding=\"async\" width=\"740\" height=\"478\" src=\"https:\/\/iespecialidades.com\/wp-content\/uploads\/2025\/06\/biosurfactantes-1-740x478.jpg\" class=\"attachment-pbmit-img-740x560 size-pbmit-img-740x560 wp-post-image\" alt=\"\" \/><\/a><\/div><\/div>\t\t\t<div class=\"pbmit-meta-date-wrapper pbmit-meta-line\">\r\n\t\t\t\t<div class=\"pbmit-meta-date\">\r\n\t\t\t\t\t<span class=\"pbmit-day-wrap\">13<\/span>\r\n\t\t\t\t\t<span class=\"pbmit-date-wrap\">Jun 2025<\/span>\r\n\t\t\t\t<\/div>\r\n\t\t\t<\/div>\r\n\t\t<\/div>\r\n\t\t<div class=\"pbmit-category-admin-wraper d-flex align-items-center\">\r\n\t\t\t<div class=\"pbmit-meta-cat-wrapper pbmit-meta-line\">\r\n\t\t\t\t<div class=\"pbmit-meta-category\"><a href=\"\/en\/category\/uncategorized\/\" rel=\"category tag\">Uncategorized<\/a><\/div>\r\n\t\t\t<\/div>\r\n\t\t\t\t\t\t\t\t\t<div class=\"pbmit-meta-author pbmit-meta-line\">\r\n\t\t\t\t<span class=\"pbmit-post-author\">user<\/span>\r\n\t\t\t<\/div>\r\n\t\t<\/div>\r\n\t\t<div class=\"pbmit-content-wrapper\">\r\n\t\t\t<h3 class=\"pbmit-post-title\"><a href=\"\/en\/biosurfactantes-la-revolucion-verde-en-la-limpieza-profesional\/\">Biosurfactantes: la revoluci\u00f3n verde en la limpieza profesional<\/a><\/h3>\r\n\t\t<\/div>\r\n\t<\/div>\r\n<\/div><\/article><article class=\"pbmit-ele pbmit-ele-blog pbmit-blog-style-9 col-md-4 uncategorized pbmit-term-1 pbmit-odd pbmit-col-odd\"><div class=\"post-item\">\r\n\t<div class=\"pbminfotech-box-content\">\r\n\t\t<div class=\"pbmit-featured-container\">\r\n\t\t\t<div class=\"pbmit-featured-img-wrapper\"><div class=\"pbmit-featured-wrapper\"><a href=\"\/en\/el-arte-de-la-limpieza-y-la-desinfeccion\/\"><img decoding=\"async\" width=\"740\" height=\"480\" src=\"https:\/\/iespecialidades.com\/wp-content\/uploads\/2025\/03\/desinfeccion-740x480.jpg\" class=\"attachment-pbmit-img-740x560 size-pbmit-img-740x560 wp-post-image\" alt=\"\" \/><\/a><\/div><\/div>\t\t\t<div class=\"pbmit-meta-date-wrapper pbmit-meta-line\">\r\n\t\t\t\t<div class=\"pbmit-meta-date\">\r\n\t\t\t\t\t<span class=\"pbmit-day-wrap\">06<\/span>\r\n\t\t\t\t\t<span class=\"pbmit-date-wrap\">Mar 2025<\/span>\r\n\t\t\t\t<\/div>\r\n\t\t\t<\/div>\r\n\t\t<\/div>\r\n\t\t<div class=\"pbmit-category-admin-wraper d-flex align-items-center\">\r\n\t\t\t<div class=\"pbmit-meta-cat-wrapper pbmit-meta-line\">\r\n\t\t\t\t<div class=\"pbmit-meta-category\"><a href=\"\/en\/category\/uncategorized\/\" rel=\"category tag\">Uncategorized<\/a><\/div>\r\n\t\t\t<\/div>\r\n\t\t\t\t\t\t\t\t\t<div class=\"pbmit-meta-author pbmit-meta-line\">\r\n\t\t\t\t<span class=\"pbmit-post-author\">user<\/span>\r\n\t\t\t<\/div>\r\n\t\t<\/div>\r\n\t\t<div class=\"pbmit-content-wrapper\">\r\n\t\t\t<h3 class=\"pbmit-post-title\"><a href=\"\/en\/el-arte-de-la-limpieza-y-la-desinfeccion\/\">El Arte de la Desinfecci\u00f3n: Diferencias entre Limpiar, Desinfectar y Sanitizar<\/a><\/h3>\r\n\t\t<\/div>\r\n\t<\/div>\r\n<\/div><\/article><article class=\"pbmit-ele pbmit-ele-blog pbmit-blog-style-9 col-md-4 uncategorized pbmit-term-1 pbmit-even pbmit-col-even\"><div class=\"post-item\">\r\n\t<div class=\"pbminfotech-box-content\">\r\n\t\t<div class=\"pbmit-featured-container\">\r\n\t\t\t<div class=\"pbmit-featured-img-wrapper\"><div class=\"pbmit-featured-wrapper\"><a href=\"\/en\/adaptogenos-guia-completa\/\"><img loading=\"lazy\" decoding=\"async\" width=\"740\" height=\"480\" src=\"https:\/\/iespecialidades.com\/wp-content\/uploads\/2025\/01\/adaptogenos-1-740x480.jpg\" class=\"attachment-pbmit-img-740x560 size-pbmit-img-740x560 wp-post-image\" alt=\"\" \/><\/a><\/div><\/div>\t\t\t<div class=\"pbmit-meta-date-wrapper pbmit-meta-line\">\r\n\t\t\t\t<div class=\"pbmit-meta-date\">\r\n\t\t\t\t\t<span class=\"pbmit-day-wrap\">28<\/span>\r\n\t\t\t\t\t<span class=\"pbmit-date-wrap\">Jan 2025<\/span>\r\n\t\t\t\t<\/div>\r\n\t\t\t<\/div>\r\n\t\t<\/div>\r\n\t\t<div class=\"pbmit-category-admin-wraper d-flex align-items-center\">\r\n\t\t\t<div class=\"pbmit-meta-cat-wrapper pbmit-meta-line\">\r\n\t\t\t\t<div class=\"pbmit-meta-category\"><a href=\"\/en\/category\/uncategorized\/\" rel=\"category tag\">Uncategorized<\/a><\/div>\r\n\t\t\t<\/div>\r\n\t\t\t\t\t\t\t\t\t<div class=\"pbmit-meta-author pbmit-meta-line\">\r\n\t\t\t\t<span class=\"pbmit-post-author\">user<\/span>\r\n\t\t\t<\/div>\r\n\t\t<\/div>\r\n\t\t<div class=\"pbmit-content-wrapper\">\r\n\t\t\t<h3 class=\"pbmit-post-title\"><a href=\"\/en\/adaptogenos-guia-completa\/\">Adapt\u00f3genos: Qu\u00e9 son, beneficios y c\u00f3mo mejoran tu salud naturalmente | Gu\u00eda completa<\/a><\/h3>\r\n\t\t<\/div>\r\n\t<\/div>\r\n<\/div><\/article><article class=\"pbmit-ele pbmit-ele-blog pbmit-blog-style-9 col-md-4 uncategorized pbmit-term-1 pbmit-odd pbmit-col-even\"><div class=\"post-item\">\r\n\t<div class=\"pbminfotech-box-content\">\r\n\t\t<div class=\"pbmit-featured-container\">\r\n\t\t\t<div class=\"pbmit-featured-img-wrapper\"><div class=\"pbmit-featured-wrapper\"><a href=\"\/en\/etiquetas-nutricionales-tu-guia-para-decisiones-saludables\/\"><img loading=\"lazy\" decoding=\"async\" width=\"740\" height=\"480\" src=\"https:\/\/iespecialidades.com\/wp-content\/uploads\/2024\/10\/Etiquetas-Nutricionales-740x480.jpg\" class=\"attachment-pbmit-img-740x560 size-pbmit-img-740x560 wp-post-image\" alt=\"\" \/><\/a><\/div><\/div>\t\t\t<div class=\"pbmit-meta-date-wrapper pbmit-meta-line\">\r\n\t\t\t\t<div class=\"pbmit-meta-date\">\r\n\t\t\t\t\t<span class=\"pbmit-day-wrap\">23<\/span>\r\n\t\t\t\t\t<span class=\"pbmit-date-wrap\">Oct 2024<\/span>\r\n\t\t\t\t<\/div>\r\n\t\t\t<\/div>\r\n\t\t<\/div>\r\n\t\t<div class=\"pbmit-category-admin-wraper d-flex align-items-center\">\r\n\t\t\t<div class=\"pbmit-meta-cat-wrapper pbmit-meta-line\">\r\n\t\t\t\t<div class=\"pbmit-meta-category\"><a href=\"\/en\/category\/uncategorized\/\" rel=\"category tag\">Uncategorized<\/a><\/div>\r\n\t\t\t<\/div>\r\n\t\t\t\t\t\t\t\t\t<div class=\"pbmit-meta-author pbmit-meta-line\">\r\n\t\t\t\t<span class=\"pbmit-post-author\">user<\/span>\r\n\t\t\t<\/div>\r\n\t\t<\/div>\r\n\t\t<div class=\"pbmit-content-wrapper\">\r\n\t\t\t<h3 class=\"pbmit-post-title\"><a href=\"\/en\/etiquetas-nutricionales-tu-guia-para-decisiones-saludables\/\">Etiquetas Nutricionales: Tu Gu\u00eda Para Decisiones Saludables<\/a><\/h3>\r\n\t\t<\/div>\r\n\t<\/div>\r\n<\/div><\/article><article class=\"pbmit-ele pbmit-ele-blog pbmit-blog-style-9 col-md-4 sostenibilidad pbmit-term-42 sostenibilidad-en-la-industria-de-la-limpieza pbmit-term-41 sostenibilidad-en-la-industria-de-la-limpieza-industria-de-alimentos pbmit-term-43 pbmit-even pbmit-col-even\"><div class=\"post-item\">\r\n\t<div class=\"pbminfotech-box-content\">\r\n\t\t<div class=\"pbmit-featured-container\">\r\n\t\t\t<div class=\"pbmit-featured-img-wrapper\"><div class=\"pbmit-featured-wrapper\"><a href=\"\/en\/5-tendencias-en-sostenibilidad-en-la-industria-quimica\/\"><img loading=\"lazy\" decoding=\"async\" width=\"740\" height=\"480\" src=\"https:\/\/iespecialidades.com\/wp-content\/uploads\/2024\/10\/5-TENDENCIAS-BLOG-01-740x480.png\" class=\"attachment-pbmit-img-740x560 size-pbmit-img-740x560 wp-post-image\" alt=\"\" \/><\/a><\/div><\/div>\t\t\t<div class=\"pbmit-meta-date-wrapper pbmit-meta-line\">\r\n\t\t\t\t<div class=\"pbmit-meta-date\">\r\n\t\t\t\t\t<span class=\"pbmit-day-wrap\">15<\/span>\r\n\t\t\t\t\t<span class=\"pbmit-date-wrap\">Oct 2024<\/span>\r\n\t\t\t\t<\/div>\r\n\t\t\t<\/div>\r\n\t\t<\/div>\r\n\t\t<div class=\"pbmit-category-admin-wraper d-flex align-items-center\">\r\n\t\t\t<div class=\"pbmit-meta-cat-wrapper pbmit-meta-line\">\r\n\t\t\t\t<div class=\"pbmit-meta-category\"><a href=\"\/en\/category\/sostenibilidad\/\" rel=\"category tag\">Sostenibilidad<\/a> <a href=\"\/en\/category\/sostenibilidad-en-la-industria-de-la-limpieza\/\" rel=\"category tag\">Sostenibilidad en la industria de la limpieza<\/a> <a href=\"\/en\/category\/sostenibilidad-en-la-industria-de-la-limpieza-industria-de-alimentos\/\" rel=\"category tag\">Sostenibilidad en la industria de la limpieza<\/a><\/div>\r\n\t\t\t<\/div>\r\n\t\t\t\t\t\t\t\t\t<div class=\"pbmit-meta-author pbmit-meta-line\">\r\n\t\t\t\t<span class=\"pbmit-post-author\">user<\/span>\r\n\t\t\t<\/div>\r\n\t\t<\/div>\r\n\t\t<div class=\"pbmit-content-wrapper\">\r\n\t\t\t<h3 class=\"pbmit-post-title\"><a href=\"\/en\/5-tendencias-en-sostenibilidad-en-la-industria-quimica\/\">5 tendencias en sostenibilidad que est\u00e1n cambiando la industria qu\u00edmica<\/a><\/h3>\r\n\t\t<\/div>\r\n\t<\/div>\r\n<\/div><\/article>\r\n\t\t\t<\/div> <!-- .pbmit-element-posts-wrapper -->\r\n\r\n\t\t\t\r\n\t\t\t\r\n\t\t\r\n\t\t\r\n\t\t\t\t\t\t<\/div><!-- .pbmit-element-inner -->\r\n\t\t\t<\/div><!-- .pbminfotech-element -->\r\n\r\n\t\t\t\r\n\t    \t\t\t\t<\/div>\n\t\t\t\t<\/div>\n\t\t\t\t\t<\/div>\n\t\t<\/div>\n\t\t\t\t\t<\/div>\n\t\t<\/section>\n\t\t\t\t<\/div>","protected":false},"excerpt":{"rendered":"<p>Art\u00edculos {\u00abcpt\u00bb:\u00bbblog\u00bb,\u00bbstyle\u00bb:\u00bb9&#8243;,\u00bbcolumns\u00bb:\u00bb3&#8243;,\u00bbshow\u00bb:\u00bb6&#8243;,\u00bborder\u00bb:\u00bbDESC\u00bb,\u00bborderby\u00bb:\u00bbnone\u00bb} 17 Abr 2023 Development user Our Top10 Great Examples of Responsive Websites 09 Abr 2023 Designing user We Make 5 Web Design Blogs You Should Be Reading 30 Mar 2023 Branding user 7 Ways To Improve Website Usability And Accessibility 22 Mar 2023 Innovative user People`s Choice Favorite Commercial Way. 15 Mar 2023 [&hellip;]<\/p>\n","protected":false},"author":1,"featured_media":0,"parent":0,"menu_order":15,"comment_status":"closed","ping_status":"closed","template":"","meta":{"_acf_changed":false,"inline_featured_image":false,"footnotes":""},"class_list":["post-77","page","type-page","status-publish","hentry"],"acf":[],"_links":{"self":[{"href":"\/en\/wp-json\/wp\/v2\/pages\/77","targetHints":{"allow":["GET"]}}],"collection":[{"href":"\/en\/wp-json\/wp\/v2\/pages"}],"about":[{"href":"\/en\/wp-json\/wp\/v2\/types\/page"}],"author":[{"embeddable":true,"href":"\/en\/wp-json\/wp\/v2\/users\/1"}],"replies":[{"embeddable":true,"href":"\/en\/wp-json\/wp\/v2\/comments?post=77"}],"version-history":[{"count":10,"href":"\/en\/wp-json\/wp\/v2\/pages\/77\/revisions"}],"predecessor-version":[{"id":1032,"href":"\/en\/wp-json\/wp\/v2\/pages\/77\/revisions\/1032"}],"wp:attachment":[{"href":"\/en\/wp-json\/wp\/v2\/media?parent=77"}],"curies":[{"name":"wp","href":"https:\/\/api.w.org\/{rel}","templated":true}]}}